{"id":675,"date":"2024-01-18T11:59:02","date_gmt":"2024-01-18T10:59:02","guid":{"rendered":"https:\/\/hikmicro.promitel.pl\/?page_id=675"},"modified":"2024-03-27T10:50:07","modified_gmt":"2024-03-27T09:50:07","slug":"gx1","status":"publish","type":"page","link":"https:\/\/hikmicro.com.pl\/index.php\/gx1\/","title":{"rendered":"Seria gx1"},"content":{"rendered":"\n<div\n    class=\"cep__container\"\n    data-cep-style-id=\"713125a7b3e891fdde9b602a130382d6\"\n  >\n    <div data-cep-style-id=\"b7f35ad40e17571e96eb52b2c7b42baf\">\n      <div class=\"hik-feature-billboard\">\n        <div\n          class=\"bg-box global-assets-adapter\"\n          data-type=\"img\"\n          style=\"\n            background-image: url('https:\/\/hikmicro.com.pl\/wp-content\/uploads\/2024\/01\/hikmicro_gx1_img01.jpg');\n          \"\n        >\n          <div class=\"content-wrap wrap1310\">\n            <div class=\"content-container-billboard product c-white\">\n              <div class=\"content-box\">\n                <div class=\"title content\">Seria Gx1<\/div>\n                <div class=\"description content\">\n                  Ultra wysoka rozdzielczo\u015b\u0107 Bardziej wydajna inspekcja\n                <\/div>\n              <\/div>\n            <\/div>\n          <\/div>\n        <\/div>\n      <\/div>\n    <\/div>\n    <div data-cep-style-id=\"12b3bc3c07391995acaeb89533bf68a0\">\n      <div class=\"hik-feature-billboard\">\n        <div\n          class=\"bg-box global-assets-adapter\"\n          data-type=\"img\"\n          style=\"\n            background-image: url('https:\/\/hikmicro.com.pl\/wp-content\/uploads\/2024\/01\/hikmicro_gx1_img02.jpg');\n          \"\n        >\n          <div class=\"content-wrap wrap1310\">\n            <div class=\"content-container-billboard p-top-center c-white\">\n              <div class=\"content-box\">\n                <div class=\"title content\">\n                  Rozdzielczo\u015b\u0107 do 640&#215;480 @35mK NETD\n                <\/div>\n                <div class=\"description content\">\n                  Bardzo czu\u0142y detektor VOx z rozdzielczo\u015bci\u0105 640&#215;480 (307,200\n                  pikseli), dostarcza bardzo wyra\u017any obraz termiczny obiektu\n                <\/div>\n              <\/div>\n            <\/div>\n          <\/div>\n        <\/div>\n      <\/div>\n    <\/div>\n    <div data-cep-style-id=\"0d6cea8761b114945a7d9f4dde208b3d\">\n      <div class=\"hik-feature-billboard\">\n        <div\n          class=\"bg-box global-assets-adapter\"\n          data-type=\"img\"\n          style=\"\n            background-image: url('https:\/\/hikmicro.com.pl\/wp-content\/uploads\/2024\/01\/hikmicro_gx1_img03.jpg');\n          \"\n        >\n          <div class=\"content-wrap wrap1310\">\n            <div class=\"content-container-billboard p-top-center c-white\">\n              <div class=\"content-box\">\n                <div class=\"title content\">5 Tryb szybkiego wyostrzenia<\/div>\n                <div class=\"description content\">\n                  Obs\u0142uguje 5 tryb\u00f3w ostro\u015bci (Wspomagany laserem AF, Ci\u0105g\u0142y AF,\n                  R\u0119czny, Dotykowy AF), a 2 sekundowe szybkie wyostrzenie pomaga\n                  zaoszcz\u0119dzi\u0107 czas poprzez dostarczenie ostrzejszego obrazu w\n                  celu dok\u0142adnego pomiaru temperatury.\n                  <br \/>\n                <\/div>\n              <\/div>\n            <\/div>\n          <\/div>\n        <\/div>\n      <\/div>\n    <\/div>\n    <div data-cep-style-id=\"99813ac16117e80410d58e2a79461844\">\n      <div class=\"hik-feature-billboard\">\n        <div\n          class=\"bg-box global-assets-adapter\"\n          data-type=\"img\"\n          style=\"\n            background-image: url('https:\/\/hikmicro.com.pl\/wp-content\/uploads\/2024\/01\/hikmicro_gx1_img04.jpg');\n          \"\n        >\n          <div class=\"content-wrap wrap1310\">\n            <div class=\"content-container-billboard p-top-center c-white\">\n              <div class=\"content-box\">\n                <div class=\"title content\">Wymienne soczewki<\/div>\n                <div class=\"description content\">\n                  Wymienne soczewki 0.5x, 2x i&nbsp;3.3x s\u0105 dost\u0119pne do wyboru\n                  Telekonwerter pozwala na uzyskanie r\u00f3\u017cnego pola widzenia kt\u00f3re\n                  umo\u017cliwia wykorzystanie w r\u00f3\u017cnych sytuacjach.\n                <\/div>\n              <\/div>\n            <\/div>\n          <\/div>\n        <\/div>\n      <\/div>\n    <\/div>\n  \n    <div data-cep-style-id=\"155490eca4a42ce7bbbccaed5b340f0e\">\n      <div class=\"hik-feature-billboard\">\n        <div\n          class=\"bg-box global-assets-adapter\"\n          data-type=\"img\"\n          style=\"\n            background-image: url('https:\/\/hikmicro.com.pl\/wp-content\/uploads\/2024\/01\/hikmicro_gx1_img05.jpg');\n          \"\n        >\n          <div class=\"content-wrap wrap1310\">\n            <div class=\"content-container-billboard p-top-center c-white\">\n              <div class=\"content-box\">\n                <div class=\"title content\">Zakres temperatur do 2000\u00b0C<\/div>\n                <div class=\"description content\">\n                  Dzi\u0119ki zakresowi pomiarowemu do 2000\u00b0C (3992\u00b0F), mo\u017ce by\u0107\n                  stosowany przy piecach przemys\u0142owych, ogniotrwa\u0142ych oraz przy\n                  kontroli narz\u0119dzi\/opraw podczas wytopu metali w tych\n                  ekstremalnych temperaturach. (Tylko dla G41\/G61)\n                <\/div>\n              <\/div>\n            <\/div>\n          <\/div>\n        <\/div>\n      <\/div>\n    <\/div>\n    <div data-cep-style-id=\"f36faeb901ed593de87c1f3133e07a4a\">\n      <div class=\"hik-feature-billboard\">\n        <div\n          class=\"bg-box global-assets-adapter\"\n          data-type=\"img\"\n          style=\"\n            background-image: url('https:\/\/hikmicro.com.pl\/wp-content\/uploads\/2024\/01\/hikmicro_gx1_img06.jpg');\n          \"\n        >\n          <div class=\"content-wrap wrap1310\">\n            <div class=\"content-container-billboard p-top-center c-white\">\n              <div class=\"content-box\">\n                <div class=\"title content\">Wbudowany dalmierz laserowy<\/div>\n                <div class=\"description content\">\n                  Zintegrowany dalmierz laserowy pozwala na dok\u0142adny pomiar\n                  dystansu i powierzchni, jest to bardzo przydatne by ustawianiu\n                  parametr\u00f3w i generowaniu raport\u00f3w.\n                <\/div>\n              <\/div>\n            <\/div>\n          <\/div>\n        <\/div>\n      <\/div>\n    <\/div>\n    <div data-cep-style-id=\"586af030521a25ce0d7fadd40af834e4\">\n      <div class=\"hik-feature-billboard\">\n        <div\n          class=\"bg-box global-assets-adapter\"\n          data-type=\"img\"\n          style=\"\n            background-image: url('https:\/\/hikmicro.com.pl\/wp-content\/uploads\/2024\/01\/hikmicro_gx1_img07.jpg');\n          \"\n        >\n          <div class=\"content-wrap wrap1310\">\n            <div class=\"content-container-billboard p-top-center c-white\">\n              <div class=\"content-box\">\n                <div class=\"title content\">5 Tryb obrazu<\/div>\n                <div class=\"description content\">\n                  Tryby Termiczny, Fuzja, PIP i Optyczny, pozwalaj\u0105 dopasowa\u0107 si\u0119\n                  do preferencji u\u017cytkownika.\n                <\/div>\n              <\/div>\n            <\/div>\n          <\/div>\n        <\/div>\n      <\/div>\n    <\/div>\n    <div data-cep-style-id=\"48937033eebed000b39f58ddb7cae214\">\n      <div class=\"hik-feature-billboard\">\n        <div\n          class=\"bg-box global-assets-adapter\"\n          data-type=\"img\"\n          style=\"\n            background-image: url('https:\/\/hikmicro.com.pl\/wp-content\/uploads\/2024\/01\/hikmicro_gx1_img08.jpg');\n          \"\n        >\n          <div class=\"content-wrap wrap1310\">\n            <div class=\"content-container-billboard p-top-center c-white\">\n              <div class=\"content-box\">\n                <div class=\"title content\">Adnotacje do obraz\u00f3w<\/div>\n                <div class=\"description content\">\n                  Opr\u00f3cz obs\u0142ugi adnotacji g\u0142osowych, tekstowych i zeskanowanych\n                  kod\u00f3w QR, funkcje GPS i kompasu automatycznie dodaj\u0105 do obrazu\n                  informacje o lokalizacji i kierunku, pomagaj\u0105c poprawi\u0107\n                  wydajno\u015b\u0107 i produktywno\u015b\u0107 inspekcji.\n                <\/div>\n              <\/div>\n            <\/div>\n          <\/div>\n        <\/div>\n      <\/div>\n    <\/div>\n    <div data-cep-style-id=\"1e4efaf4796efdf4838ff64ec234abbc\">\n      <div class=\"hik-feature-billboard\">\n        <div\n          class=\"bg-box global-assets-adapter\"\n          data-type=\"img\"\n          style=\"\n            background-image: url('https:\/\/hikmicro.com.pl\/wp-content\/uploads\/2024\/01\/hikmicro_gx1_img09.jpg');\n          \"\n        >\n          <div class=\"content-wrap wrap1310\">\n            <div class=\"content-container-billboard p-top-center c-white\">\n              <div class=\"content-box\">\n                <div class=\"title content\">System wymiennych akumulator\u00f3w<\/div>\n                <div class=\"description content\">\n                  Zawiera&nbsp;3 wymienne akumulatory litowo-jonowe i dwugniazdow\u0105\n                  \u0142adowark\u0119, kt\u00f3re zapewni\u0105 Ci do 12 godzin pracy.&nbsp; Pozwala\n                  Ci to zachowa\u0107 zasilanie nawet podczas najd\u0142u\u017cszych inspekcji.\n                <\/div>\n              <\/div>\n            <\/div>\n          <\/div>\n        <\/div>\n      <\/div>\n    <\/div>\n    <div data-cep-style-id=\"724a2aa49c3329013f26f0e6783c6e5f\">\n      <div class=\"hik-feature-billboard\">\n        <div\n          class=\"bg-box global-assets-adapter\"\n          data-type=\"img\"\n          style=\"\n            background-image: url('https:\/\/hikmicro.com.pl\/wp-content\/uploads\/2024\/01\/hikmicro_gx1_img10.jpg');\n          \"\n        >\n          <div class=\"content-wrap wrap1310\">\n            <div class=\"content-container-billboard p-top-center c-white\">\n              <div class=\"content-box\">\n                <div class=\"title content\">Radiometryczna wideo analiza<\/div>\n                <div class=\"description content\">\n                  Obs\u0142uguje nagrywanie radiometrycznego wideo na karcie SD w\n                  aparacie, w tym wszystkie dane dotycz\u0105ce temperatury, do\n                  p\u00f3\u017aniejszej analizy w oprogramowaniu komputerowym. Bezproblemowo\n                  wsp\u00f3\u0142pracuje z oprogramowaniem HIKMICRO Analyzer w celu\n                  intuicyjnego przegl\u0105dania, zaawansowanej analizy i przetwarzania\n                  danych termicznych.\n                <\/div>\n              <\/div>\n            <\/div>\n          <\/div>\n        <\/div>\n      <\/div>\n    <\/div>\n  <\/div>\n  <style>\n    .content {\n      color: white;\n    }\n  \n    .wrap1310 {\n      position: relative;\n      margin: 0 auto;\n      max-width: 1310px;\n    }\n    @media (max-width: 1370px) {\n      .wrap1310 {\n        margin-right: 30px;\n        margin-left: 30px;\n      }\n    }\n    @media (max-width: 991px) {\n      .wrap1310 {\n        margin-right: 15px;\n        margin-left: 15px;\n      }\n    }\n    .hik-rte {\n      overflow-x: auto;\n      font-size: 1.6rem;\n    }\n    @media (max-width: 991px) {\n      .hik-rte {\n        font-size: 1.4rem;\n      }\n    }\n    .hik-feature-billboard .bg-box {\n      height: 46.875vw;\n      background: center \/ cover no-repeat;\n    }\n    .hik-feature-billboard .content-wrap {\n      height: 100%;\n      max-width: 68.229167vw;\n      margin: 0 auto;\n    }\n    .hik-feature-billboard .content-container-billboard {\n      display: flex;\n      align-items: center;\n      height: 100%;\n      padding: 3.49vw 0;\n    }\n    .hik-feature-billboard .content-container-billboard .content-box {\n      max-width: 41.2214%;\n    }\n    .hik-feature-billboard .content-container-billboard .content-box .title {\n      font-size: 1.6667vw;\n      margin-bottom: 1.25vw;\n      font-weight: 700;\n      max-width: 44.2708vw;\n      margin-left: auto;\n      margin-right: auto;\n    }\n    .hik-feature-billboard\n      .content-container-billboard\n      .content-box\n      .description {\n      font-size: 1.0417vw;\n      margin-bottom: 0.5vw;\n    }\n    @media (max-width: 1152px) {\n      .hik-feature-billboard\n        .content-container-billboard\n        .content-box\n        .description {\n        font-size: 0.625vw;\n      }\n    }\n    .hik-feature-billboard\n      .content-container-billboard\n      .content-box\n      .content:last-child {\n      margin-bottom: 0;\n    }\n    .hik-feature-billboard .content-container-billboard.p-top-center {\n      align-items: flex-start;\n      justify-content: center;\n    }\n    .hik-feature-billboard\n      .content-container-billboard.p-top-center\n      .content-box {\n      text-align: center;\n      width: 57.8334vw;\n      max-width: 100%;\n    }\n    .hik-feature-billboard .content-container-billboard.p-right-center {\n      justify-content: flex-end;\n    }\n    .hik-feature-billboard .content-container-billboard.product {\n      align-items: flex-start;\n      justify-content: center;\n    }\n    .hik-feature-billboard .content-container-billboard.product .content-box {\n      text-align: center;\n      width: 44.2708vw;\n      max-width: 100%;\n    }\n    .hik-feature-billboard\n      .content-container-billboard.product\n      .content-box\n      .title {\n      font-size: 2.9166vw;\n    }\n    .hik-feature-billboard\n      .content-container-billboard.product\n      .content-box\n      .description {\n      font-size: 1.4583vw;\n    }\n    .hik-feature-billboard .content-qa-code {\n      position: absolute;\n      bottom: 7.8vw;\n      font-size: 1.05vw;\n      left: 0;\n    }\n    .hik-feature-billboard .content-qa-code .app-store {\n      display: flex;\n      margin-bottom: 4.4vw;\n      justify-content: space-between;\n    }\n    .hik-feature-billboard .content-qa-code .app-store .app-store-text-pc {\n      width: 12.5vw;\n      text-align: center;\n    }\n    .hik-feature-billboard\n      .content-qa-code\n      .app-store\n      .app-store-text-pc\n      .app-store-version {\n      margin-top: 1vw;\n      text-align: center;\n    }\n    .hik-feature-billboard .content-qa-code .app-store .app-store-text-mobile {\n      display: none;\n    }\n    .hik-feature-billboard .content-qa-code .google-play {\n      display: flex;\n      justify-content: space-between;\n    }\n    .hik-feature-billboard .content-qa-code .google-play .google-play-text-pc {\n      width: 12.5vw;\n      text-align: center;\n    }\n    .hik-feature-billboard\n      .content-qa-code\n      .google-play\n      .google-play-text-pc\n      .google-play-version {\n      margin-top: 1vw;\n      text-align: center;\n    }\n    .hik-feature-billboard\n      .content-qa-code\n      .google-play\n      .google-play-text-mobile {\n      display: none;\n    }\n    @media (max-width: 991px) {\n      .hik-feature-billboard .bg-box {\n        height: 143.466vw;\n      }\n      .hik-feature-billboard .content-wrap {\n        max-width: none;\n        margin-right: 15px;\n        margin-left: 15px;\n      }\n      .hik-feature-billboard .content-container-billboard {\n        padding: 8vw 0;\n        align-items: flex-start;\n      }\n      .hik-feature-billboard .content-container-billboard .content-box {\n        width: 100%;\n        max-width: none;\n        text-align: center;\n      }\n      .hik-feature-billboard .content-container-billboard .content-box .title {\n        font-size: 6.4vw;\n        margin-bottom: 3.2vw;\n        max-width: 100%;\n      }\n      .hik-feature-billboard\n        .content-container-billboard\n        .content-box\n        .description {\n        font-size: 3.733vw;\n        margin-bottom: 0;\n      }\n      .hik-feature-billboard\n        .content-container-billboard\n        .content-box\n        .content:last-child {\n        margin-bottom: 0;\n      }\n      .hik-feature-billboard\n        .content-container-billboard.p-top-center\n        .content-box {\n        width: 100%;\n      }\n      .hik-feature-billboard .content-container-billboard.product .content-box {\n        width: 100%;\n      }\n      .hik-feature-billboard\n        .content-container-billboard.product\n        .content-box\n        .title {\n        font-size: 9.6vw;\n        line-height: 1.27;\n      }\n      .hik-feature-billboard\n        .content-container-billboard.product\n        .content-box\n        .description {\n        font-size: 4.8vw;\n      }\n      .hik-feature-billboard .content-qa-code {\n        font-size: 16px;\n        left: 50%;\n        bottom: 0;\n        top: inherit;\n        transform: translate(-50%, 0);\n        width: 100%;\n      }\n      .hik-feature-billboard .content-qa-code .app-store {\n        display: block;\n        margin-bottom: 0;\n        text-align: center;\n      }\n      .hik-feature-billboard .content-qa-code .app-store .app-store-text-pc {\n        display: none;\n      }\n      .hik-feature-billboard .content-qa-code .app-store .app-store-text-mobile {\n        display: block;\n        width: auto;\n      }\n      .hik-feature-billboard\n        .content-qa-code\n        .app-store\n        .app-store-text-mobile\n        .app-store-version {\n        margin-top: 12px;\n      }\n      .hik-feature-billboard .content-qa-code .google-play {\n        display: block;\n        text-align: center;\n      }\n      .hik-feature-billboard\n        .content-qa-code\n        .google-play\n        .google-play-text-mobile {\n        display: block;\n        width: auto;\n      }\n      .hik-feature-billboard\n        .content-qa-code\n        .google-play\n        .google-play-text-mobile\n        .google-play-version {\n        margin-top: 12px;\n      }\n      .hik-feature-billboard .content-qa-code .google-play .google-play-text-pc {\n        display: none;\n      }\n    }\n  <\/style>\n","protected":false},"excerpt":{"rendered":"<p>Seria Gx1 Ultra wysoka rozdzielczo\u015b\u0107 Bardziej wydajna inspekcja Rozdzielczo\u015b\u0107 do 640&#215;480 @35mK NETD Bardzo czu\u0142y detektor VOx z rozdzielczo\u015bci\u0105 640&#215;480 (307,200 pikseli), dostarcza bardzo wyra\u017any obraz termiczny obiektu 5 Tryb szybkiego wyostrzenia Obs\u0142uguje 5 tryb\u00f3w ostro\u015bci (Wspomagany laserem AF, Ci\u0105g\u0142y AF, R\u0119czny, Dotykowy AF), a 2 sekundowe szybkie wyostrzenie pomaga&#8230;<\/p>\n","protected":false},"author":1,"featured_media":0,"parent":0,"menu_order":0,"comment_status":"closed","ping_status":"closed","template":"","meta":{"inline_featured_image":false,"footnotes":""},"yoast_head":"<!-- This site is optimized with the Yoast SEO plugin v22.3 - https:\/\/yoast.com\/wordpress\/plugins\/seo\/ -->\n<title>Seria gx1 - HIKMICRO<\/title>\n<meta name=\"description\" content=\"Ultra wysoka rozdzielczo\u015b\u0107, Bardziej wydajna inspekcja. Dzi\u0119ki zakresowi pomiarowemu do 2000\u00b0C (3992\u00b0F), mo\u017ce by\u0107 stosowany przy piecach przemys\u0142owych, ogniotrwa\u0142ych oraz przy kontroli narz\u0119dzi\/opraw podczas wytopu metali w tych ekstremalnych temperaturach. (Tylko dla G41\/G61)\" \/>\n<meta name=\"robots\" content=\"index, follow, max-snippet:-1, max-image-preview:large, max-video-preview:-1\" \/>\n<link rel=\"canonical\" href=\"https:\/\/hikmicro.com.pl\/index.php\/gx1\/\" \/>\n<meta property=\"og:locale\" content=\"pl_PL\" \/>\n<meta property=\"og:type\" content=\"article\" \/>\n<meta property=\"og:title\" content=\"Seria gx1 - HIKMICRO\" \/>\n<meta property=\"og:description\" content=\"Ultra wysoka rozdzielczo\u015b\u0107, Bardziej wydajna inspekcja. Dzi\u0119ki zakresowi pomiarowemu do 2000\u00b0C (3992\u00b0F), mo\u017ce by\u0107 stosowany przy piecach przemys\u0142owych, ogniotrwa\u0142ych oraz przy kontroli narz\u0119dzi\/opraw podczas wytopu metali w tych ekstremalnych temperaturach. (Tylko dla G41\/G61)\" \/>\n<meta property=\"og:url\" content=\"https:\/\/hikmicro.com.pl\/index.php\/gx1\/\" \/>\n<meta property=\"article:modified_time\" content=\"2024-03-27T09:50:07+00:00\" \/>\n<meta name=\"twitter:card\" content=\"summary_large_image\" \/>\n<meta name=\"twitter:label1\" content=\"Szacowany czas czytania\" \/>\n\t<meta name=\"twitter:data1\" content=\"2 minuty\" \/>\n<script type=\"application\/ld+json\" class=\"yoast-schema-graph\">{\"@context\":\"https:\/\/schema.org\",\"@graph\":[{\"@type\":\"WebPage\",\"@id\":\"https:\/\/hikmicro.com.pl\/index.php\/gx1\/\",\"url\":\"https:\/\/hikmicro.com.pl\/index.php\/gx1\/\",\"name\":\"Seria gx1 - HIKMICRO\",\"isPartOf\":{\"@id\":\"https:\/\/hikmicro.com.pl\/#website\"},\"datePublished\":\"2024-01-18T10:59:02+00:00\",\"dateModified\":\"2024-03-27T09:50:07+00:00\",\"description\":\"Ultra wysoka rozdzielczo\u015b\u0107, Bardziej wydajna inspekcja. Dzi\u0119ki zakresowi pomiarowemu do 2000\u00b0C (3992\u00b0F), mo\u017ce by\u0107 stosowany przy piecach przemys\u0142owych, ogniotrwa\u0142ych oraz przy kontroli narz\u0119dzi\/opraw podczas wytopu metali w tych ekstremalnych temperaturach. (Tylko dla G41\/G61)\",\"breadcrumb\":{\"@id\":\"https:\/\/hikmicro.com.pl\/index.php\/gx1\/#breadcrumb\"},\"inLanguage\":\"pl-PL\",\"potentialAction\":[{\"@type\":\"ReadAction\",\"target\":[\"https:\/\/hikmicro.com.pl\/index.php\/gx1\/\"]}]},{\"@type\":\"BreadcrumbList\",\"@id\":\"https:\/\/hikmicro.com.pl\/index.php\/gx1\/#breadcrumb\",\"itemListElement\":[{\"@type\":\"ListItem\",\"position\":1,\"name\":\"Strona g\u0142\u00f3wna\",\"item\":\"https:\/\/hikmicro.com.pl\/\"},{\"@type\":\"ListItem\",\"position\":2,\"name\":\"Seria gx1\"}]},{\"@type\":\"WebSite\",\"@id\":\"https:\/\/hikmicro.com.pl\/#website\",\"url\":\"https:\/\/hikmicro.com.pl\/\",\"name\":\"\",\"description\":\"\",\"potentialAction\":[{\"@type\":\"SearchAction\",\"target\":{\"@type\":\"EntryPoint\",\"urlTemplate\":\"https:\/\/hikmicro.com.pl\/?s={search_term_string}\"},\"query-input\":\"required name=search_term_string\"}],\"inLanguage\":\"pl-PL\"}]}<\/script>\n<!-- \/ Yoast SEO plugin. -->","yoast_head_json":{"title":"Seria gx1 - HIKMICRO","description":"Ultra wysoka rozdzielczo\u015b\u0107, Bardziej wydajna inspekcja. Dzi\u0119ki zakresowi pomiarowemu do 2000\u00b0C (3992\u00b0F), mo\u017ce by\u0107 stosowany przy piecach przemys\u0142owych, ogniotrwa\u0142ych oraz przy kontroli narz\u0119dzi\/opraw podczas wytopu metali w tych ekstremalnych temperaturach. (Tylko dla G41\/G61)","robots":{"index":"index","follow":"follow","max-snippet":"max-snippet:-1","max-image-preview":"max-image-preview:large","max-video-preview":"max-video-preview:-1"},"canonical":"https:\/\/hikmicro.com.pl\/index.php\/gx1\/","og_locale":"pl_PL","og_type":"article","og_title":"Seria gx1 - HIKMICRO","og_description":"Ultra wysoka rozdzielczo\u015b\u0107, Bardziej wydajna inspekcja. Dzi\u0119ki zakresowi pomiarowemu do 2000\u00b0C (3992\u00b0F), mo\u017ce by\u0107 stosowany przy piecach przemys\u0142owych, ogniotrwa\u0142ych oraz przy kontroli narz\u0119dzi\/opraw podczas wytopu metali w tych ekstremalnych temperaturach. (Tylko dla G41\/G61)","og_url":"https:\/\/hikmicro.com.pl\/index.php\/gx1\/","article_modified_time":"2024-03-27T09:50:07+00:00","twitter_card":"summary_large_image","twitter_misc":{"Szacowany czas czytania":"2 minuty"},"schema":{"@context":"https:\/\/schema.org","@graph":[{"@type":"WebPage","@id":"https:\/\/hikmicro.com.pl\/index.php\/gx1\/","url":"https:\/\/hikmicro.com.pl\/index.php\/gx1\/","name":"Seria gx1 - HIKMICRO","isPartOf":{"@id":"https:\/\/hikmicro.com.pl\/#website"},"datePublished":"2024-01-18T10:59:02+00:00","dateModified":"2024-03-27T09:50:07+00:00","description":"Ultra wysoka rozdzielczo\u015b\u0107, Bardziej wydajna inspekcja. Dzi\u0119ki zakresowi pomiarowemu do 2000\u00b0C (3992\u00b0F), mo\u017ce by\u0107 stosowany przy piecach przemys\u0142owych, ogniotrwa\u0142ych oraz przy kontroli narz\u0119dzi\/opraw podczas wytopu metali w tych ekstremalnych temperaturach. (Tylko dla G41\/G61)","breadcrumb":{"@id":"https:\/\/hikmicro.com.pl\/index.php\/gx1\/#breadcrumb"},"inLanguage":"pl-PL","potentialAction":[{"@type":"ReadAction","target":["https:\/\/hikmicro.com.pl\/index.php\/gx1\/"]}]},{"@type":"BreadcrumbList","@id":"https:\/\/hikmicro.com.pl\/index.php\/gx1\/#breadcrumb","itemListElement":[{"@type":"ListItem","position":1,"name":"Strona g\u0142\u00f3wna","item":"https:\/\/hikmicro.com.pl\/"},{"@type":"ListItem","position":2,"name":"Seria gx1"}]},{"@type":"WebSite","@id":"https:\/\/hikmicro.com.pl\/#website","url":"https:\/\/hikmicro.com.pl\/","name":"","description":"","potentialAction":[{"@type":"SearchAction","target":{"@type":"EntryPoint","urlTemplate":"https:\/\/hikmicro.com.pl\/?s={search_term_string}"},"query-input":"required name=search_term_string"}],"inLanguage":"pl-PL"}]}},"_links":{"self":[{"href":"https:\/\/hikmicro.com.pl\/index.php\/wp-json\/wp\/v2\/pages\/675"}],"collection":[{"href":"https:\/\/hikmicro.com.pl\/index.php\/wp-json\/wp\/v2\/pages"}],"about":[{"href":"https:\/\/hikmicro.com.pl\/index.php\/wp-json\/wp\/v2\/types\/page"}],"author":[{"embeddable":true,"href":"https:\/\/hikmicro.com.pl\/index.php\/wp-json\/wp\/v2\/users\/1"}],"replies":[{"embeddable":true,"href":"https:\/\/hikmicro.com.pl\/index.php\/wp-json\/wp\/v2\/comments?post=675"}],"version-history":[{"count":12,"href":"https:\/\/hikmicro.com.pl\/index.php\/wp-json\/wp\/v2\/pages\/675\/revisions"}],"predecessor-version":[{"id":1558,"href":"https:\/\/hikmicro.com.pl\/index.php\/wp-json\/wp\/v2\/pages\/675\/revisions\/1558"}],"wp:attachment":[{"href":"https:\/\/hikmicro.com.pl\/index.php\/wp-json\/wp\/v2\/media?parent=675"}],"curies":[{"name":"wp","href":"https:\/\/api.w.org\/{rel}","templated":true}]}}