{"id":656,"date":"2024-01-18T11:10:56","date_gmt":"2024-01-18T10:10:56","guid":{"rendered":"https:\/\/hikmicro.promitel.pl\/?page_id=656"},"modified":"2024-03-27T10:57:40","modified_gmt":"2024-03-27T09:57:40","slug":"pocket","status":"publish","type":"page","link":"https:\/\/hikmicro.com.pl\/index.php\/pocket\/","title":{"rendered":"Seria Pocket"},"content":{"rendered":"\n<div\n    class=\"cep__container\"\n    data-cep-style-id=\"713125a7b3e891fdde9b602a130382d6\"\n  >\n    <div data-cep-style-id=\"b7f35ad40e17571e96eb52b2c7b42baf\">\n      <div class=\"hik-feature-billboard\">\n        <div\n          class=\"bg-box global-assets-adapter\"\n          data-type=\"img\"\n          style=\"\n            background-image: url('https:\/\/hikmicro.com.pl\/wp-content\/uploads\/2024\/01\/pocket_img01.jpg');\n          \"\n        >\n          <div class=\"content-wrap wrap1310\">\n            <div class=\"content-container-billboard p-top-center product c-white\">\n              <div class=\"content-box\">\n                <div class=\"title content\">SERIA POCKET<\/div>\n                <div class=\"description content\">\n                  Wysokiej klasy kompaktowa kamera termowizyjna dla\n                  profesjonalist\u00f3w.\n                <\/div>\n              <\/div>\n            <\/div>\n          <\/div>\n        <\/div>\n      <\/div>\n    <\/div>\n    <div data-cep-style-id=\"12b3bc3c07391995acaeb89533bf68a0\">\n      <div class=\"hik-feature-billboard\">\n        <div\n          class=\"bg-box global-assets-adapter\"\n          data-type=\"img\"\n          style=\"\n            background-image: url('https:\/\/hikmicro.com.pl\/wp-content\/uploads\/2024\/01\/pocket_img02.jpg');\n          \"\n        >\n          <div class=\"content-wrap wrap1310\">\n            <div class=\"content-container-billboard c-white\">\n              <div class=\"content-box\">\n                <div class=\"title content\">Innowacyjny tryb Makro<\/div>\n                <div class=\"description content\">\n                  Dzi\u0119ki nasadce soczewkowej makro i uchwytowi na biurko, kamera\n                  termowizyjna Pocket2 stabilnie widzi szczeg\u00f3\u0142y tak ma\u0142e, jak 100\n                  mikron\u00f3w i pozwala na dokonywanie dok\u0142adnych odczyt\u00f3w\n                  temperatury na ma\u0142ych obiektach, takich jak komponenty na\n                  p\u0142ytkach drukowanych lub podzespo\u0142ach.\n                <\/div>\n              <\/div>\n            <\/div>\n          <\/div>\n        <\/div>\n      <\/div>\n    <\/div>\n    <div data-cep-style-id=\"0d6cea8761b114945a7d9f4dde208b3d\">\n      <div class=\"hik-feature-billboard\">\n        <div\n          class=\"bg-box global-assets-adapter\"\n          data-type=\"img\"\n          data-asset-path=\"https:\/\/webassets.hikmicrotech.com\/global\/asset\/e210187813a54b61b48765c3b7160b92.jpg\"\n          data-asset-path-m=\"https:\/\/webassets.hikmicrotech.com\/global\/asset\/aa86a5ae613b45109ba99c4698a00a03.jpg\"\n          style=\"\n            background-image: url('https:\/\/webassets.hikmicrotech.com\/global\/asset\/e210187813a54b61b48765c3b7160b92.jpg');\n          \"\n        >\n          <div class=\"content-wrap wrap1310\">\n            <div class=\"content-container-billboard p-right-center c-white\">\n              <div class=\"content-box\">\n                <div class=\"title content\">Wysoka jako\u015b\u0107 obrazu<\/div>\n                <div class=\"description content\">\n                  Wysokoczu\u0142y detektor\n                  <br \/>Vox 256 x 192 (49152 pikseli) (o czu\u0142o\u015bci termicznej\n                  poni\u017cej 40 mK) <br \/>zapewnia wyra\u017any obraz termiczny celu.\n                <\/div>\n              <\/div>\n            <\/div>\n          <\/div>\n        <\/div>\n      <\/div>\n    <\/div>\n    <div data-cep-style-id=\"99813ac16117e80410d58e2a79461844\">\n      <div class=\"hik-feature-billboard\">\n        <div\n          class=\"bg-box global-assets-adapter\"\n          data-type=\"img\"\n          style=\"\n            background-image: url('https:\/\/hikmicro.com.pl\/wp-content\/uploads\/2024\/01\/pocket_img04.jpg');\n          \"\n        >\n          <div class=\"content-wrap wrap1310\">\n            <div class=\"content-container-billboard c-white\">\n              <div class=\"content-box\">\n                <div class=\"title content\">\n                  Przeno\u015bna, kieszonkowa konstrukcja\n                <\/div>\n                <div class=\"description content\">\n                  \u0141atwo\u015b\u0107 przenoszenia i trzymania. Doskonale mie\u015bci si\u0119 w\n                  kieszeni i torbie na narz\u0119dzia\n                <\/div>\n              <\/div>\n            <\/div>\n          <\/div>\n        <\/div>\n      <\/div>\n    <\/div>\n    <div data-cep-style-id=\"3c97aee3b4350f13212bae4143fb5b3a\">\n      <div class=\"hik-feature-billboard\">\n        <div\n          class=\"bg-box global-assets-adapter\"\n          data-type=\"img\"\n          style=\"\n            background-image: url('https:\/\/hikmicro.com.pl\/wp-content\/uploads\/2024\/01\/pocket_img05.jpg');\n          \"\n        >\n          <div class=\"content-wrap wrap1310\">\n            <div class=\"content-container-billboard p-right-center c-white\">\n              <div class=\"content-box\">\n                <div class=\"title content\">Wytrzyma\u0142a i trwa\u0142a konstrukcja<\/div>\n                <div class=\"description content\">\n                  Stopie\u0144 ochrony IP54 dla ochrony przed wod\u0105 i py\u0142em.\n                  <br \/>Zabezpieczenie przed upadkiem z 2 metr\u00f3w (6,6 st\u00f3p),\n                  <br \/>odpowiednie do u\u017cytku przemys\u0142owego.\n                <\/div>\n              <\/div>\n            <\/div>\n          <\/div>\n        <\/div>\n      <\/div>\n    <\/div>\n    <div data-cep-style-id=\"34512e4acc2971d7cd98619fe9a8710a\">\n      <div class=\"hik-feature-billboard\">\n        <div\n          class=\"bg-box global-assets-adapter\"\n          data-type=\"img\"\n          style=\"\n            background-image: url('https:\/\/hikmicro.com.pl\/wp-content\/uploads\/2024\/01\/pocket_img06.jpg');\n          \"\n        >\n          <div class=\"content-wrap wrap1310\">\n            <div class=\"content-container-billboard c-white\">\n              <div class=\"content-box\">\n                <div class=\"title content\">Ekran dotykowy LCD 3,5\u201d<\/div>\n                <div class=\"description content\">\n                  Wy\u015bwietlaj szczeg\u00f3\u0142y swojego\n                  <br \/>celu z <br \/>r\u00f3\u017cnych k\u0105t\u00f3w na du\u017cym, <br \/>najlepszym w\n                  swojej klasie 3,5-calowym ekranie dotykowym LCD.\n                <\/div>\n              <\/div>\n            <\/div>\n          <\/div>\n        <\/div>\n      <\/div>\n    <\/div>\n    <div data-cep-style-id=\"155490eca4a42ce7bbbccaed5b340f0e\">\n      <div class=\"hik-feature-billboard\">\n        <div\n          class=\"bg-box global-assets-adapter\"\n          data-type=\"img\"\n          style=\"\n            background-image: url('https:\/\/hikmicro.com.pl\/wp-content\/uploads\/2024\/01\/pocket_img07.jpg');\n          \"\n        >\n          <div class=\"content-wrap wrap1310\">\n            <div class=\"content-container-billboard p-right-center c-white\">\n              <div class=\"content-box\">\n                <div class=\"title content\">4 tryby obrazu\/7 palet kolor\u00f3w<\/div>\n                <div class=\"description content\">\n                  Tryby termiczny, fuzji, obraz w obrazie, oraz optyczny, aby\n                  dopasowa\u0107 do Twojego preferowanego widoku.\n                  <br \/>7 palet kolor\u00f3w zapewnia r\u00f3\u017cne opcje wy\u015bwietlania obrazu.\n                <\/div>\n              <\/div>\n            <\/div>\n          <\/div>\n        <\/div>\n      <\/div>\n    <\/div>\n    <div data-cep-style-id=\"f36faeb901ed593de87c1f3133e07a4a\">\n      <div class=\"hik-feature-billboard\">\n        <div\n          class=\"bg-box global-assets-adapter\"\n          data-type=\"img\"\n          style=\"\n            background-image: url('https:\/\/hikmicro.com.pl\/wp-content\/uploads\/2024\/01\/pocket_img08.jpg');\n          \"\n        >\n          <div class=\"content-wrap wrap1310\">\n            <div class=\"content-container-billboard c-white\">\n              <div class=\"content-box\">\n                <div class=\"title content\">Szybsze rozwi\u0105zywanie problem\u00f3w<\/div>\n                <div class=\"description content\">\n                  Wbudowany g\u0142o\u015bnik i lampa b\u0142yskowa daj\u0105 operatorowi\n                  <br \/>d\u017awi\u0119kowe i wizualne ostrze\u017cenia o wysokiej temperaturze.\n                  <br \/>Pomiar pe\u0142noekranowy przy wykorzystaniu r\u00f3\u017cnych\n                  <br \/>ustawie\u0144 wst\u0119pnych u\u017cytkownika natychmiastowo sprawdza\n                  wszystkie miejsca.\n                  <br \/>\n                <\/div>\n              <\/div>\n            <\/div>\n          <\/div>\n        <\/div>\n      <\/div>\n    <\/div>\n    <div data-cep-style-id=\"586af030521a25ce0d7fadd40af834e4\">\n      <div class=\"hik-feature-billboard\">\n        <div\n          class=\"bg-box global-assets-adapter\"\n          data-type=\"img\"\n          style=\"\n            background-image: url('https:\/\/hikmicro.com.pl\/wp-content\/uploads\/2024\/01\/pocket_img09.jpg');\n          \"\n        >\n          <div class=\"content-wrap wrap1310\">\n            <div class=\"content-container-billboard p-right-center c-white\">\n              <div class=\"content-box\">\n                <div class=\"title content\">Nagrywanie z kamery<\/div>\n                <div class=\"description content\">\n                  Wbudowana pami\u0119\u0107 o pojemno\u015bci 16GB\n                  <br \/>umo\u017cliwia wbudowane nagrywanie i odtwarzanie.\n                  <br \/>\n                <\/div>\n              <\/div>\n            <\/div>\n          <\/div>\n        <\/div>\n      <\/div>\n    <\/div>\n    <div data-cep-style-id=\"48937033eebed000b39f58ddb7cae214\">\n      <div class=\"hik-feature-billboard\">\n        <div\n          class=\"bg-box global-assets-adapter\"\n          data-type=\"img\"\n          style=\"\n            background-image: url('https:\/\/hikmicro.com.pl\/wp-content\/uploads\/2024\/01\/pocket_img10.jpg');\n          \"\n        >\n          <div class=\"content-wrap wrap1310\">\n            <div class=\"content-container-billboard c-white\">\n              <div class=\"content-box\">\n                <div class=\"title content\">Szybka komunikacja<\/div>\n                <div class=\"description content\">\n                  Pod\u0142\u0105cz (Wi-Fi lub Hotspot) do aplikacji HIKMICRO Viewer\n                  <br \/>w celu przesy\u0142ania zdj\u0119\u0107 z aparatu do telefonu\n                  kom\u00f3rkowego. <br \/>Analizuj, udost\u0119pniaj obrazy i generuj\n                  raporty w czasie rzeczywistym na miejscu.\n                  <br \/>\n                <\/div>\n              <\/div>\n            <\/div>\n          <\/div>\n        <\/div>\n      <\/div>\n    <\/div>\n    <div data-cep-style-id=\"1e4efaf4796efdf4838ff64ec234abbc\">\n      <div class=\"hik-feature-billboard\">\n        <div\n          class=\"bg-box global-assets-adapter\"\n          data-type=\"img\"\n          style=\"\n            background-image: url('https:\/\/hikmicro.com.pl\/wp-content\/uploads\/2024\/01\/pocket_img11.jpg');\n          \"\n        >\n          <div class=\"content-wrap wrap1310\">\n            <div class=\"content-container-billboard p-right-center c-white\">\n              <div class=\"content-box\">\n                <div class=\"title content\">Wiele tryb\u00f3w poziomu i zasi\u0119gu<\/div>\n                <div class=\"description content\">\n                  Trzy poziomy i tryby zakresu (r\u0119czny, automatyczny\n                  <br \/>i jednodotykowy) pomog\u0105 Ci natychmiast poprawi\u0107\n                  <br \/>kontrast obrazu i uwypukli\u0107 potencjalne problemy.\n                  <br \/>\n                <\/div>\n              <\/div>\n            <\/div>\n          <\/div>\n        <\/div>\n      <\/div>\n    <\/div>\n  <\/div>\n\n  \n  <style>\n    .content {\n      color: white;\n    }\n  \n    .wrap1310 {\n      position: relative;\n      margin: 0 auto;\n      max-width: 1310px;\n    }\n    @media (max-width: 1370px) {\n      .wrap1310 {\n        margin-right: 30px;\n        margin-left: 30px;\n      }\n    }\n    @media (max-width: 991px) {\n      .wrap1310 {\n        margin-right: 15px;\n        margin-left: 15px;\n      }\n    }\n    .hik-rte {\n      overflow-x: auto;\n      font-size: 1.6rem;\n    }\n    @media (max-width: 991px) {\n      .hik-rte {\n        font-size: 1.4rem;\n      }\n    }\n    .hik-feature-billboard .bg-box {\n      height: 46.875vw;\n      background: center \/ cover no-repeat;\n    }\n    .hik-feature-billboard .content-wrap {\n      height: 100%;\n      max-width: 68.229167vw;\n      margin: 0 auto;\n    }\n    .hik-feature-billboard .content-container-billboard {\n      display: flex;\n      align-items: center;\n      height: 100%;\n      padding: 3.49vw 0;\n    }\n    .hik-feature-billboard .content-container-billboard .content-box {\n      max-width: 41.2214%;\n    }\n    .hik-feature-billboard .content-container-billboard .content-box .title {\n      font-size: 1.6667vw;\n      margin-bottom: 1.25vw;\n      font-weight: 700;\n      max-width: 44.2708vw;\n      margin-left: auto;\n      margin-right: auto;\n    }\n    .hik-feature-billboard\n      .content-container-billboard\n      .content-box\n      .description {\n      font-size: 1.0417vw;\n      margin-bottom: 0.5vw;\n    }\n    @media (max-width: 1152px) {\n      .hik-feature-billboard\n        .content-container-billboard\n        .content-box\n        .description {\n        font-size: 0.625vw;\n      }\n    }\n    .hik-feature-billboard\n      .content-container-billboard\n      .content-box\n      .content:last-child {\n      margin-bottom: 0;\n    }\n    .hik-feature-billboard .content-container-billboard.p-top-center {\n      align-items: flex-start;\n      justify-content: center;\n    }\n    .hik-feature-billboard\n      .content-container-billboard.p-top-center\n      .content-box {\n      text-align: center;\n      width: 57.8334vw;\n      max-width: 100%;\n    }\n    .hik-feature-billboard .content-container-billboard.p-right-center {\n      justify-content: flex-end;\n    }\n    .hik-feature-billboard .content-container-billboard.product {\n      align-items: flex-start;\n      justify-content: center;\n    }\n    .hik-feature-billboard .content-container-billboard.product .content-box {\n      text-align: center;\n      width: 44.2708vw;\n      max-width: 100%;\n    }\n    .hik-feature-billboard\n      .content-container-billboard.product\n      .content-box\n      .title {\n      font-size: 2.9166vw;\n    }\n    .hik-feature-billboard\n      .content-container-billboard.product\n      .content-box\n      .description {\n      font-size: 1.4583vw;\n    }\n    .hik-feature-billboard .content-qa-code {\n      position: absolute;\n      bottom: 7.8vw;\n      font-size: 1.05vw;\n      left: 0;\n    }\n    .hik-feature-billboard .content-qa-code .app-store {\n      display: flex;\n      margin-bottom: 4.4vw;\n      justify-content: space-between;\n    }\n    .hik-feature-billboard .content-qa-code .app-store .app-store-text-pc {\n      width: 12.5vw;\n      text-align: center;\n    }\n    .hik-feature-billboard\n      .content-qa-code\n      .app-store\n      .app-store-text-pc\n      .app-store-version {\n      margin-top: 1vw;\n      text-align: center;\n    }\n    .hik-feature-billboard .content-qa-code .app-store .app-store-text-mobile {\n      display: none;\n    }\n    .hik-feature-billboard .content-qa-code .google-play {\n      display: flex;\n      justify-content: space-between;\n    }\n    .hik-feature-billboard .content-qa-code .google-play .google-play-text-pc {\n      width: 12.5vw;\n      text-align: center;\n    }\n    .hik-feature-billboard\n      .content-qa-code\n      .google-play\n      .google-play-text-pc\n      .google-play-version {\n      margin-top: 1vw;\n      text-align: center;\n    }\n    .hik-feature-billboard\n      .content-qa-code\n      .google-play\n      .google-play-text-mobile {\n      display: none;\n    }\n    @media (max-width: 991px) {\n      .hik-feature-billboard .bg-box {\n        height: 143.466vw;\n      }\n      .hik-feature-billboard .content-wrap {\n        max-width: none;\n        margin-right: 15px;\n        margin-left: 15px;\n      }\n      .hik-feature-billboard .content-container-billboard {\n        padding: 8vw 0;\n        align-items: flex-start;\n      }\n      .hik-feature-billboard .content-container-billboard .content-box {\n        width: 100%;\n        max-width: none;\n        text-align: center;\n      }\n      .hik-feature-billboard .content-container-billboard .content-box .title {\n        font-size: 6.4vw;\n        margin-bottom: 3.2vw;\n        max-width: 100%;\n      }\n      .hik-feature-billboard\n        .content-container-billboard\n        .content-box\n        .description {\n        font-size: 3.733vw;\n        margin-bottom: 0;\n      }\n      .hik-feature-billboard\n        .content-container-billboard\n        .content-box\n        .content:last-child {\n        margin-bottom: 0;\n      }\n      .hik-feature-billboard\n        .content-container-billboard.p-top-center\n        .content-box {\n        width: 100%;\n      }\n      .hik-feature-billboard .content-container-billboard.product .content-box {\n        width: 100%;\n      }\n      .hik-feature-billboard\n        .content-container-billboard.product\n        .content-box\n        .title {\n        font-size: 9.6vw;\n        line-height: 1.27;\n      }\n      .hik-feature-billboard\n        .content-container-billboard.product\n        .content-box\n        .description {\n        font-size: 4.8vw;\n      }\n      .hik-feature-billboard .content-qa-code {\n        font-size: 16px;\n        left: 50%;\n        bottom: 0;\n        top: inherit;\n        transform: translate(-50%, 0);\n        width: 100%;\n      }\n      .hik-feature-billboard .content-qa-code .app-store {\n        display: block;\n        margin-bottom: 0;\n        text-align: center;\n      }\n      .hik-feature-billboard .content-qa-code .app-store .app-store-text-pc {\n        display: none;\n      }\n      .hik-feature-billboard .content-qa-code .app-store .app-store-text-mobile {\n        display: block;\n        width: auto;\n      }\n      .hik-feature-billboard\n        .content-qa-code\n        .app-store\n        .app-store-text-mobile\n        .app-store-version {\n        margin-top: 12px;\n      }\n      .hik-feature-billboard .content-qa-code .google-play {\n        display: block;\n        text-align: center;\n      }\n      .hik-feature-billboard\n        .content-qa-code\n        .google-play\n        .google-play-text-mobile {\n        display: block;\n        width: auto;\n      }\n      .hik-feature-billboard\n        .content-qa-code\n        .google-play\n        .google-play-text-mobile\n        .google-play-version {\n        margin-top: 12px;\n      }\n      .hik-feature-billboard .content-qa-code .google-play .google-play-text-pc {\n        display: none;\n      }\n    }\n  <\/style>\n","protected":false},"excerpt":{"rendered":"<p>SERIA POCKET Wysokiej klasy kompaktowa kamera termowizyjna dla profesjonalist\u00f3w. Innowacyjny tryb Makro Dzi\u0119ki nasadce soczewkowej makro i uchwytowi na biurko, kamera termowizyjna Pocket2 stabilnie widzi szczeg\u00f3\u0142y tak ma\u0142e, jak 100 mikron\u00f3w i pozwala na dokonywanie dok\u0142adnych odczyt\u00f3w temperatury na ma\u0142ych obiektach, takich jak komponenty na p\u0142ytkach drukowanych lub podzespo\u0142ach. Wysoka&#8230;<\/p>\n","protected":false},"author":1,"featured_media":0,"parent":0,"menu_order":0,"comment_status":"closed","ping_status":"closed","template":"","meta":{"inline_featured_image":false,"footnotes":""},"yoast_head":"<!-- This site is optimized with the Yoast SEO plugin v22.3 - https:\/\/yoast.com\/wordpress\/plugins\/seo\/ -->\n<title>Seria Pocket - HIKMICRO<\/title>\n<meta name=\"description\" content=\"Dzi\u0119ki nasadce soczewkowej makro i uchwytowi na biurko, kamera termowizyjna Pocket2 stabilnie widzi szczeg\u00f3\u0142y tak ma\u0142e, jak 100 mikron\u00f3w i pozwala na dokonywanie dok\u0142adnych odczyt\u00f3w temperatury na ma\u0142ych obiektach, takich jak komponenty na p\u0142ytkach drukowanych lub podzespo\u0142ach.\" \/>\n<meta name=\"robots\" content=\"index, follow, max-snippet:-1, max-image-preview:large, max-video-preview:-1\" \/>\n<link rel=\"canonical\" href=\"https:\/\/hikmicro.com.pl\/index.php\/pocket\/\" \/>\n<meta property=\"og:locale\" content=\"pl_PL\" \/>\n<meta property=\"og:type\" content=\"article\" \/>\n<meta property=\"og:title\" content=\"Seria Pocket - HIKMICRO\" \/>\n<meta property=\"og:description\" content=\"Dzi\u0119ki nasadce soczewkowej makro i uchwytowi na biurko, kamera termowizyjna Pocket2 stabilnie widzi szczeg\u00f3\u0142y tak ma\u0142e, jak 100 mikron\u00f3w i pozwala na dokonywanie dok\u0142adnych odczyt\u00f3w temperatury na ma\u0142ych obiektach, takich jak komponenty na p\u0142ytkach drukowanych lub podzespo\u0142ach.\" \/>\n<meta property=\"og:url\" content=\"https:\/\/hikmicro.com.pl\/index.php\/pocket\/\" \/>\n<meta property=\"article:modified_time\" content=\"2024-03-27T09:57:40+00:00\" \/>\n<meta name=\"twitter:card\" content=\"summary_large_image\" \/>\n<meta name=\"twitter:label1\" content=\"Szacowany czas czytania\" \/>\n\t<meta name=\"twitter:data1\" content=\"2 minuty\" \/>\n<script type=\"application\/ld+json\" class=\"yoast-schema-graph\">{\"@context\":\"https:\/\/schema.org\",\"@graph\":[{\"@type\":\"WebPage\",\"@id\":\"https:\/\/hikmicro.com.pl\/index.php\/pocket\/\",\"url\":\"https:\/\/hikmicro.com.pl\/index.php\/pocket\/\",\"name\":\"Seria Pocket - HIKMICRO\",\"isPartOf\":{\"@id\":\"https:\/\/hikmicro.com.pl\/#website\"},\"datePublished\":\"2024-01-18T10:10:56+00:00\",\"dateModified\":\"2024-03-27T09:57:40+00:00\",\"description\":\"Dzi\u0119ki nasadce soczewkowej makro i uchwytowi na biurko, kamera termowizyjna Pocket2 stabilnie widzi szczeg\u00f3\u0142y tak ma\u0142e, jak 100 mikron\u00f3w i pozwala na dokonywanie dok\u0142adnych odczyt\u00f3w temperatury na ma\u0142ych obiektach, takich jak komponenty na p\u0142ytkach drukowanych lub podzespo\u0142ach.\",\"breadcrumb\":{\"@id\":\"https:\/\/hikmicro.com.pl\/index.php\/pocket\/#breadcrumb\"},\"inLanguage\":\"pl-PL\",\"potentialAction\":[{\"@type\":\"ReadAction\",\"target\":[\"https:\/\/hikmicro.com.pl\/index.php\/pocket\/\"]}]},{\"@type\":\"BreadcrumbList\",\"@id\":\"https:\/\/hikmicro.com.pl\/index.php\/pocket\/#breadcrumb\",\"itemListElement\":[{\"@type\":\"ListItem\",\"position\":1,\"name\":\"Strona g\u0142\u00f3wna\",\"item\":\"https:\/\/hikmicro.com.pl\/\"},{\"@type\":\"ListItem\",\"position\":2,\"name\":\"Seria Pocket\"}]},{\"@type\":\"WebSite\",\"@id\":\"https:\/\/hikmicro.com.pl\/#website\",\"url\":\"https:\/\/hikmicro.com.pl\/\",\"name\":\"\",\"description\":\"\",\"potentialAction\":[{\"@type\":\"SearchAction\",\"target\":{\"@type\":\"EntryPoint\",\"urlTemplate\":\"https:\/\/hikmicro.com.pl\/?s={search_term_string}\"},\"query-input\":\"required name=search_term_string\"}],\"inLanguage\":\"pl-PL\"}]}<\/script>\n<!-- \/ Yoast SEO plugin. -->","yoast_head_json":{"title":"Seria Pocket - HIKMICRO","description":"Dzi\u0119ki nasadce soczewkowej makro i uchwytowi na biurko, kamera termowizyjna Pocket2 stabilnie widzi szczeg\u00f3\u0142y tak ma\u0142e, jak 100 mikron\u00f3w i pozwala na dokonywanie dok\u0142adnych odczyt\u00f3w temperatury na ma\u0142ych obiektach, takich jak komponenty na p\u0142ytkach drukowanych lub podzespo\u0142ach.","robots":{"index":"index","follow":"follow","max-snippet":"max-snippet:-1","max-image-preview":"max-image-preview:large","max-video-preview":"max-video-preview:-1"},"canonical":"https:\/\/hikmicro.com.pl\/index.php\/pocket\/","og_locale":"pl_PL","og_type":"article","og_title":"Seria Pocket - HIKMICRO","og_description":"Dzi\u0119ki nasadce soczewkowej makro i uchwytowi na biurko, kamera termowizyjna Pocket2 stabilnie widzi szczeg\u00f3\u0142y tak ma\u0142e, jak 100 mikron\u00f3w i pozwala na dokonywanie dok\u0142adnych odczyt\u00f3w temperatury na ma\u0142ych obiektach, takich jak komponenty na p\u0142ytkach drukowanych lub podzespo\u0142ach.","og_url":"https:\/\/hikmicro.com.pl\/index.php\/pocket\/","article_modified_time":"2024-03-27T09:57:40+00:00","twitter_card":"summary_large_image","twitter_misc":{"Szacowany czas czytania":"2 minuty"},"schema":{"@context":"https:\/\/schema.org","@graph":[{"@type":"WebPage","@id":"https:\/\/hikmicro.com.pl\/index.php\/pocket\/","url":"https:\/\/hikmicro.com.pl\/index.php\/pocket\/","name":"Seria Pocket - HIKMICRO","isPartOf":{"@id":"https:\/\/hikmicro.com.pl\/#website"},"datePublished":"2024-01-18T10:10:56+00:00","dateModified":"2024-03-27T09:57:40+00:00","description":"Dzi\u0119ki nasadce soczewkowej makro i uchwytowi na biurko, kamera termowizyjna Pocket2 stabilnie widzi szczeg\u00f3\u0142y tak ma\u0142e, jak 100 mikron\u00f3w i pozwala na dokonywanie dok\u0142adnych odczyt\u00f3w temperatury na ma\u0142ych obiektach, takich jak komponenty na p\u0142ytkach drukowanych lub podzespo\u0142ach.","breadcrumb":{"@id":"https:\/\/hikmicro.com.pl\/index.php\/pocket\/#breadcrumb"},"inLanguage":"pl-PL","potentialAction":[{"@type":"ReadAction","target":["https:\/\/hikmicro.com.pl\/index.php\/pocket\/"]}]},{"@type":"BreadcrumbList","@id":"https:\/\/hikmicro.com.pl\/index.php\/pocket\/#breadcrumb","itemListElement":[{"@type":"ListItem","position":1,"name":"Strona g\u0142\u00f3wna","item":"https:\/\/hikmicro.com.pl\/"},{"@type":"ListItem","position":2,"name":"Seria Pocket"}]},{"@type":"WebSite","@id":"https:\/\/hikmicro.com.pl\/#website","url":"https:\/\/hikmicro.com.pl\/","name":"","description":"","potentialAction":[{"@type":"SearchAction","target":{"@type":"EntryPoint","urlTemplate":"https:\/\/hikmicro.com.pl\/?s={search_term_string}"},"query-input":"required name=search_term_string"}],"inLanguage":"pl-PL"}]}},"_links":{"self":[{"href":"https:\/\/hikmicro.com.pl\/index.php\/wp-json\/wp\/v2\/pages\/656"}],"collection":[{"href":"https:\/\/hikmicro.com.pl\/index.php\/wp-json\/wp\/v2\/pages"}],"about":[{"href":"https:\/\/hikmicro.com.pl\/index.php\/wp-json\/wp\/v2\/types\/page"}],"author":[{"embeddable":true,"href":"https:\/\/hikmicro.com.pl\/index.php\/wp-json\/wp\/v2\/users\/1"}],"replies":[{"embeddable":true,"href":"https:\/\/hikmicro.com.pl\/index.php\/wp-json\/wp\/v2\/comments?post=656"}],"version-history":[{"count":11,"href":"https:\/\/hikmicro.com.pl\/index.php\/wp-json\/wp\/v2\/pages\/656\/revisions"}],"predecessor-version":[{"id":1041,"href":"https:\/\/hikmicro.com.pl\/index.php\/wp-json\/wp\/v2\/pages\/656\/revisions\/1041"}],"wp:attachment":[{"href":"https:\/\/hikmicro.com.pl\/index.php\/wp-json\/wp\/v2\/media?parent=656"}],"curies":[{"name":"wp","href":"https:\/\/api.w.org\/{rel}","templated":true}]}}