{"id":629,"date":"2024-01-18T08:54:39","date_gmt":"2024-01-18T07:54:39","guid":{"rendered":"https:\/\/hikmicro.promitel.pl\/?page_id=629"},"modified":"2024-03-27T09:48:14","modified_gmt":"2024-03-27T08:48:14","slug":"m60","status":"publish","type":"page","link":"https:\/\/hikmicro.com.pl\/index.php\/m60\/","title":{"rendered":"M60"},"content":{"rendered":"\n<div\n    class=\"cep__container\"\n    data-cep-style-id=\"713125a7b3e891fdde9b602a130382d6\"\n  >\n    <div data-cep-style-id=\"b7f35ad40e17571e96eb52b2c7b42baf\">\n      <div class=\"hik-feature-billboard\">\n        <div\n          class=\"bg-box global-assets-adapter\"\n          data-type=\"img\"\n          style=\"\n            background-image: url('https:\/\/hikmicro.com.pl\/wp-content\/uploads\/2024\/01\/m60_img01.jpg');\n          \"\n        >\n          <div class=\"content-wrap wrap1310\">\n            <div class=\"content-container-billboard p-top-center product c-white\">\n              <div class=\"content-box\">\n                <div class=\"title content\">SERIA M<\/div>\n                <div class=\"description content\">\n                  Zaawansowana kamera termowizyjna z pe\u0142n\u0105 analiz\u0105.\n                <\/div>\n              <\/div>\n            <\/div>\n          <\/div>\n        <\/div>\n      <\/div>\n    <\/div>\n    <div data-cep-style-id=\"12b3bc3c07391995acaeb89533bf68a0\">\n      <div class=\"hik-feature-billboard\">\n        <div\n          class=\"bg-box global-assets-adapter\"\n          data-type=\"img\"\n          style=\"\n            background-image: url('https:\/\/hikmicro.com.pl\/wp-content\/uploads\/2024\/01\/m60_img02.jpg');\n          \"\n        >\n          <div class=\"content-wrap wrap1310\">\n            <div class=\"content-container-billboard p-top-center c-white\">\n              <div class=\"content-box\">\n                <div class=\"title content\">Wysoka jako\u015b\u0107 obrazu<\/div>\n                <div class=\"description content\">\n                  Wysoce czu\u0142y detektor VOx (czu\u0142o\u015b\u0107 termiczna poni\u017cej 35 mK), z\n                  <br \/>rozdzielczo\u015bci\u0105 w podczerwieni do 384 x 288 (110 592\n                  pikseli), zapewnia bardzo wyra\u017any obraz termiczny celu.\n                  <br \/>\n                <\/div>\n              <\/div>\n            <\/div>\n          <\/div>\n        <\/div>\n      <\/div>\n    <\/div>\n    <div data-cep-style-id=\"0d6cea8761b114945a7d9f4dde208b3d\">\n      <div class=\"hik-feature-billboard\">\n        <div\n          class=\"bg-box global-assets-adapter\"\n          data-type=\"img\"\n          style=\"\n            background-image: url('https:\/\/hikmicro.com.pl\/wp-content\/uploads\/2024\/01\/m60_img03.jpg');\n          \"\n        >\n          <div class=\"content-wrap wrap1310\">\n            <div class=\"content-container-billboard p-top-center c-white\">\n              <div class=\"content-box\">\n                <div class=\"title content\">R\u0119czne ustawianie ostro\u015bci<\/div>\n                <div class=\"description content\">\n                  Regulacja r\u0119cznego pier\u015bcienia ostro\u015bci pozwala wyra\u017anie\n                  zobaczy\u0107 obiekty na celach znajduj\u0105ce si\u0119 w tak bliskiej\n                  odleg\u0142o\u015bci jak 0,1 metra (0,33 stopy)\n                  <br \/>i jednocze\u015bnie pozwala na przechwytywanie ostrych obraz\u00f3w\n                  i dok\u0142adniejszych wynik\u00f3w z wi\u0119kszej odleg\u0142o\u015bci.\n                  <br \/>\n                <\/div>\n              <\/div>\n            <\/div>\n          <\/div>\n        <\/div>\n      <\/div>\n    <\/div>\n    <div data-cep-style-id=\"99813ac16117e80410d58e2a79461844\">\n      <div class=\"hik-feature-billboard\">\n        <div\n          class=\"bg-box global-assets-adapter\"\n          data-type=\"img\"\n          style=\"\n            background-image: url('https:\/\/hikmicro.com.pl\/wp-content\/uploads\/2024\/01\/m60_img04.jpg');\n          \"\n        >\n          <div class=\"content-wrap wrap1310\">\n            <div class=\"content-container-billboard p-top-center c-white\">\n              <div class=\"content-box\">\n                <div class=\"title content\">System wymiennych akumulator\u00f3w<\/div>\n                <div class=\"description content\">\n                  Zawiera 2 wymienne akumulatory litowo-jonowe i dwugniazdow\u0105\n                  \u0142adowark\u0119, kt\u00f3re zapewni\u0105 Ci do 12 godzin pracy.\n                  <br \/>Pozwala Ci to zachowa\u0107 zasilanie nawet podczas\n                  najd\u0142u\u017cszych inspekcji.\n                  <br \/>\n                <\/div>\n              <\/div>\n            <\/div>\n          <\/div>\n        <\/div>\n      <\/div>\n    <\/div>\n    <div data-cep-style-id=\"3c97aee3b4350f13212bae4143fb5b3a\">\n      <div class=\"hik-feature-billboard\">\n        <div\n          class=\"bg-box global-assets-adapter\"\n          data-type=\"img\"\n          style=\"\n            background-image: url('https:\/\/hikmicro.com.pl\/wp-content\/uploads\/2024\/01\/m60_img05.jpg');\n          \"\n        >\n          <div class=\"content-wrap wrap1310\">\n            <div class=\"content-container-billboard p-top-center c-white\">\n              <div class=\"content-box\">\n                <div class=\"title content\">Adnotacje do wielu obraz\u00f3w<\/div>\n                <div class=\"description content\">\n                  Adnotacje tekstowe lub d\u017awi\u0119kowe na obrazach zamiast r\u0119cznych\n                  notatek\n                  <br \/>pomagaj\u0105 poprawi\u0107 skuteczno\u015b\u0107 inspekcji i produktywno\u015b\u0107.\n                  <br \/>\n                <\/div>\n              <\/div>\n            <\/div>\n          <\/div>\n        <\/div>\n      <\/div>\n    <\/div>\n    <div data-cep-style-id=\"34512e4acc2971d7cd98619fe9a8710a\">\n      <div class=\"hik-feature-billboard\">\n        <div\n          class=\"bg-box global-assets-adapter\"\n          data-type=\"img\"\n          style=\"\n            background-image: url('https:\/\/hikmicro.com.pl\/wp-content\/uploads\/2024\/01\/m60_img06.jpg');\n          \"\n        >\n          <div class=\"content-wrap wrap1310\">\n            <div class=\"content-container-billboard p-top-center c-white\">\n              <div class=\"content-box\">\n                <div class=\"title content\">\n                  Uzyskaj odpowiedni Poziom i Zasi\u0119g poprzez 1 klikni\u0119cie\n                <\/div>\n                <div class=\"description content\">\n                  Szybko pod\u015bwietl interesuj\u0105cy Ci\u0119 obszar obrazu, zaw\u0119\u017caj\u0105c\n                  zakres podgl\u0105du jednym klikni\u0119ciem na 3,5-calowym\n                  <br \/>ekranie dotykowym LCD, niezw\u0142ocznie poprawiaj\u0105c kontrast\n                  obrazu i podkre\u015blaj\u0105c potencjalne problemy.\n                  <br \/>\n                <\/div>\n              <\/div>\n            <\/div>\n          <\/div>\n        <\/div>\n      <\/div>\n    <\/div>\n    <div data-cep-style-id=\"155490eca4a42ce7bbbccaed5b340f0e\">\n      <div class=\"hik-feature-billboard\">\n        <div\n          class=\"bg-box global-assets-adapter\"\n          data-type=\"img\"\n          style=\"\n            background-image: url('https:\/\/hikmicro.com.pl\/wp-content\/uploads\/2024\/01\/m60_img07.jpg');\n          \"\n        >\n          <div class=\"content-wrap wrap1310\">\n            <div class=\"content-container-billboard p-top-center c-white\">\n              <div class=\"content-box\">\n                <div class=\"title content\">Tryb wieloobrazowy<\/div>\n                <div class=\"description content\">\n                  Tryby Thermal, Fusion, PIP i Optical, pozwalaj\u0105 dopasowa\u0107 si\u0119 do\n                  preferencji u\u017cytkownika.\n                <\/div>\n              <\/div>\n            <\/div>\n          <\/div>\n        <\/div>\n      <\/div>\n    <\/div>\n    <div data-cep-style-id=\"f36faeb901ed593de87c1f3133e07a4a\">\n      <div class=\"hik-feature-billboard\">\n        <div\n          class=\"bg-box global-assets-adapter\"\n          data-type=\"img\"\n          style=\"\n            background-image: url('https:\/\/hikmicro.com.pl\/wp-content\/uploads\/2024\/01\/m60_img08.jpg');\n          \"\n        >\n          <div class=\"content-wrap wrap1310\">\n            <div class=\"content-container-billboard p-top-center c-white\">\n              <div class=\"content-box\">\n                <div class=\"title content\">Wytrzyma\u0142a i trwa\u0142a konstrukcja<\/div>\n                <div class=\"description content\">\n                  Stopie\u0144 ochrony IP54 dla ochrony przed wod\u0105 i py\u0142em.\n                  Zabezpieczenie przed\n                  <br \/>upadkiem z 2 metr\u00f3w (6,6 st\u00f3p), odpowiednie do u\u017cytku\n                  przemys\u0142owego.\n                  <br \/>\n                <\/div>\n              <\/div>\n            <\/div>\n          <\/div>\n        <\/div>\n      <\/div>\n    <\/div>\n    <div data-cep-style-id=\"586af030521a25ce0d7fadd40af834e4\">\n      <div class=\"hik-feature-billboard\">\n        <div\n          class=\"bg-box global-assets-adapter\"\n          data-type=\"img\"\n          style=\"\n            background-image: url('https:\/\/hikmicro.com.pl\/wp-content\/uploads\/2024\/01\/m60_img09.jpg');\n          \"\n        >\n          <div class=\"content-wrap wrap1310\">\n            <div class=\"content-container-billboard p-top-center c-white\">\n              <div class=\"content-box\">\n                <div class=\"title content\">Wska\u017anik laserowy<\/div>\n                <div class=\"description content\">\n                  Wska\u017anik laserowy pomaga pokaza\u0107 po\u0142o\u017cenie punktu centralnego na\n                  rzeczywistym obiekcie.\n                <\/div>\n              <\/div>\n            <\/div>\n          <\/div>\n        <\/div>\n      <\/div>\n    <\/div>\n    <div data-cep-style-id=\"48937033eebed000b39f58ddb7cae214\">\n      <div class=\"hik-feature-billboard\">\n        <div\n          class=\"bg-box global-assets-adapter\"\n          data-type=\"img\"\n          style=\"\n            background-image: url('https:\/\/hikmicro.com.pl\/wp-content\/uploads\/2024\/01\/m60_img10.jpg');\n          \"\n        >\n          <div class=\"content-wrap wrap1310\">\n            <div class=\"content-container-billboard p-top-center c-white\">\n              <div class=\"content-box\">\n                <div class=\"title content\">\n                  Wygodne udost\u0119pnianie obraz\u00f3w i raport\u00f3w\n                <\/div>\n                <div class=\"description content\">\n                  Po\u0142\u0105cz aplikacj\u0119 HIKMICRO Viewer z Wi-Fi tak, aby przesy\u0142a\u0107\n                  zdj\u0119cia lub filmy z aparatu na urz\u0105dzenie mobilne.\n                  <br \/>Analizuj, udost\u0119pniaj obrazy i generuj raporty w czasie\n                  rzeczywistym.\n                  <br \/>\n                <\/div>\n              <\/div>\n            <\/div>\n          <\/div>\n        <\/div>\n      <\/div>\n    <\/div>\n  <\/div>\n\n  <style>\n    .content {\n      color: white;\n    }\n  \n    .hik-feature-billboard .bg-box {\n      height: 46.875vw;\n      background: center \/ cover no-repeat;\n    }\n    .hik-feature-billboard .content-wrap {\n      height: 100%;\n      max-width: 68.229167vw;\n      margin: 0 auto;\n    }\n    .hik-feature-billboard .content-container-billboard {\n      display: flex;\n      align-items: center;\n      height: 100%;\n      padding: 3.49vw 0;\n    }\n    .hik-feature-billboard .content-container-billboard .content-box {\n      max-width: 41.2214%;\n    }\n    .hik-feature-billboard .content-container-billboard .content-box .title {\n      font-size: 1.6667vw;\n      margin-bottom: 1.25vw;\n      font-weight: 700;\n      max-width: 44.2708vw;\n      margin-left: auto;\n      margin-right: auto;\n    }\n    .hik-feature-billboard\n      .content-container-billboard\n      .content-box\n      .description {\n      font-size: 1.0417vw;\n      margin-bottom: 0.5vw;\n    }\n    @media (max-width: 1152px) {\n      .hik-feature-billboard\n        .content-container-billboard\n        .content-box\n        .description {\n        font-size: 0.625vw;\n      }\n    }\n    .hik-feature-billboard\n      .content-container-billboard\n      .content-box\n      .content:last-child {\n      margin-bottom: 0;\n    }\n    .hik-feature-billboard .content-container-billboard.p-top-center {\n      align-items: flex-start;\n      justify-content: center;\n    }\n    .hik-feature-billboard\n      .content-container-billboard.p-top-center\n      .content-box {\n      text-align: center;\n      width: 57.8334vw;\n      max-width: 100%;\n    }\n    .hik-feature-billboard .content-container-billboard.product {\n      align-items: flex-start;\n      justify-content: center;\n    }\n    .hik-feature-billboard .content-container-billboard.product .content-box {\n      text-align: center;\n      width: 44.2708vw;\n      max-width: 100%;\n    }\n    .hik-feature-billboard\n      .content-container-billboard.product\n      .content-box\n      .title {\n      font-size: 2.9166vw;\n    }\n    .hik-feature-billboard\n      .content-container-billboard.product\n      .content-box\n      .description {\n      font-size: 1.4583vw;\n    }\n    .hik-feature-billboard .content-qa-code {\n      position: absolute;\n      bottom: 7.8vw;\n      font-size: 1.05vw;\n      left: 0;\n    }\n    .hik-feature-billboard .content-qa-code .app-store {\n      display: flex;\n      margin-bottom: 4.4vw;\n      justify-content: space-between;\n    }\n    .hik-feature-billboard .content-qa-code .app-store .app-store-text-pc {\n      width: 12.5vw;\n      text-align: center;\n    }\n    .hik-feature-billboard\n      .content-qa-code\n      .app-store\n      .app-store-text-pc\n      .app-store-version {\n      margin-top: 1vw;\n      text-align: center;\n    }\n    .hik-feature-billboard .content-qa-code .app-store .app-store-text-mobile {\n      display: none;\n    }\n    .hik-feature-billboard .content-qa-code .google-play {\n      display: flex;\n      justify-content: space-between;\n    }\n    .hik-feature-billboard .content-qa-code .google-play .google-play-text-pc {\n      width: 12.5vw;\n      text-align: center;\n    }\n    .hik-feature-billboard\n      .content-qa-code\n      .google-play\n      .google-play-text-pc\n      .google-play-version {\n      margin-top: 1vw;\n      text-align: center;\n    }\n    .hik-feature-billboard\n      .content-qa-code\n      .google-play\n      .google-play-text-mobile {\n      display: none;\n    }\n    @media (max-width: 991px) {\n      .hik-feature-billboard .bg-box {\n        height: 143.466vw;\n      }\n      .hik-feature-billboard .content-wrap {\n        max-width: none;\n        margin-right: 15px;\n        margin-left: 15px;\n      }\n      .hik-feature-billboard .content-container-billboard {\n        padding: 8vw 0;\n        align-items: flex-start;\n      }\n      .hik-feature-billboard .content-container-billboard .content-box {\n        width: 100%;\n        max-width: none;\n        text-align: center;\n      }\n      .hik-feature-billboard .content-container-billboard .content-box .title {\n        font-size: 6.4vw;\n        margin-bottom: 3.2vw;\n        max-width: 100%;\n      }\n      .hik-feature-billboard\n        .content-container-billboard\n        .content-box\n        .description {\n        font-size: 3.733vw;\n        margin-bottom: 0;\n      }\n      .hik-feature-billboard\n        .content-container-billboard\n        .content-box\n        .content:last-child {\n        margin-bottom: 0;\n      }\n      .hik-feature-billboard\n        .content-container-billboard.p-top-center\n        .content-box {\n        width: 100%;\n      }\n      .hik-feature-billboard .content-container-billboard.product .content-box {\n        width: 100%;\n      }\n      .hik-feature-billboard\n        .content-container-billboard.product\n        .content-box\n        .title {\n        font-size: 9.6vw;\n        line-height: 1.27;\n      }\n      .hik-feature-billboard\n        .content-container-billboard.product\n        .content-box\n        .description {\n        font-size: 4.8vw;\n      }\n      .hik-feature-billboard .content-qa-code {\n        font-size: 16px;\n        left: 50%;\n        bottom: 0;\n        top: inherit;\n        transform: translate(-50%, 0);\n        width: 100%;\n      }\n      .hik-feature-billboard .content-qa-code .app-store {\n        display: block;\n        margin-bottom: 0;\n        text-align: center;\n      }\n      .hik-feature-billboard .content-qa-code .app-store .app-store-text-pc {\n        display: none;\n      }\n      .hik-feature-billboard .content-qa-code .app-store .app-store-text-mobile {\n        display: block;\n        width: auto;\n      }\n      .hik-feature-billboard\n        .content-qa-code\n        .app-store\n        .app-store-text-mobile\n        .app-store-version {\n        margin-top: 12px;\n      }\n      .hik-feature-billboard .content-qa-code .google-play {\n        display: block;\n        text-align: center;\n      }\n      .hik-feature-billboard\n        .content-qa-code\n        .google-play\n        .google-play-text-mobile {\n        display: block;\n        width: auto;\n      }\n      .hik-feature-billboard\n        .content-qa-code\n        .google-play\n        .google-play-text-mobile\n        .google-play-version {\n        margin-top: 12px;\n      }\n      .hik-feature-billboard .content-qa-code .google-play .google-play-text-pc {\n        display: none;\n      }\n    }\n  <\/style>\n","protected":false},"excerpt":{"rendered":"<p>SERIA M Zaawansowana kamera termowizyjna z pe\u0142n\u0105 analiz\u0105. Wysoka jako\u015b\u0107 obrazu Wysoce czu\u0142y detektor VOx (czu\u0142o\u015b\u0107 termiczna poni\u017cej 35 mK), z rozdzielczo\u015bci\u0105 w podczerwieni do 384 x 288 (110 592 pikseli), zapewnia bardzo wyra\u017any obraz termiczny celu. R\u0119czne ustawianie ostro\u015bci Regulacja r\u0119cznego pier\u015bcienia ostro\u015bci pozwala wyra\u017anie zobaczy\u0107 obiekty na celach&#8230;<\/p>\n","protected":false},"author":1,"featured_media":0,"parent":0,"menu_order":0,"comment_status":"closed","ping_status":"closed","template":"","meta":{"inline_featured_image":false,"footnotes":""},"yoast_head":"<!-- This site is optimized with the Yoast SEO plugin v22.3 - https:\/\/yoast.com\/wordpress\/plugins\/seo\/ -->\n<title>M60 - HIKMICRO<\/title>\n<meta name=\"description\" content=\"Wysoce czu\u0142y detektor VOx (czu\u0142o\u015b\u0107 termiczna poni\u017cej 35 mK), z rozdzielczo\u015bci\u0105 w podczerwieni do 384 x 288 (110 592 pikseli), zapewnia bardzo wyra\u017any obraz termiczny celu.\" \/>\n<meta name=\"robots\" content=\"index, follow, max-snippet:-1, max-image-preview:large, max-video-preview:-1\" \/>\n<link rel=\"canonical\" href=\"https:\/\/hikmicro.com.pl\/index.php\/m60\/\" \/>\n<meta property=\"og:locale\" content=\"pl_PL\" \/>\n<meta property=\"og:type\" content=\"article\" \/>\n<meta property=\"og:title\" content=\"M60 - HIKMICRO\" \/>\n<meta property=\"og:description\" content=\"Wysoce czu\u0142y detektor VOx (czu\u0142o\u015b\u0107 termiczna poni\u017cej 35 mK), z rozdzielczo\u015bci\u0105 w podczerwieni do 384 x 288 (110 592 pikseli), zapewnia bardzo wyra\u017any obraz termiczny celu.\" \/>\n<meta property=\"og:url\" content=\"https:\/\/hikmicro.com.pl\/index.php\/m60\/\" \/>\n<meta property=\"article:modified_time\" content=\"2024-03-27T08:48:14+00:00\" \/>\n<meta name=\"twitter:card\" content=\"summary_large_image\" \/>\n<meta name=\"twitter:label1\" content=\"Szacowany czas czytania\" \/>\n\t<meta name=\"twitter:data1\" content=\"2 minuty\" \/>\n<script type=\"application\/ld+json\" class=\"yoast-schema-graph\">{\"@context\":\"https:\/\/schema.org\",\"@graph\":[{\"@type\":\"WebPage\",\"@id\":\"https:\/\/hikmicro.com.pl\/index.php\/m60\/\",\"url\":\"https:\/\/hikmicro.com.pl\/index.php\/m60\/\",\"name\":\"M60 - HIKMICRO\",\"isPartOf\":{\"@id\":\"https:\/\/hikmicro.com.pl\/#website\"},\"datePublished\":\"2024-01-18T07:54:39+00:00\",\"dateModified\":\"2024-03-27T08:48:14+00:00\",\"description\":\"Wysoce czu\u0142y detektor VOx (czu\u0142o\u015b\u0107 termiczna poni\u017cej 35 mK), z rozdzielczo\u015bci\u0105 w podczerwieni do 384 x 288 (110 592 pikseli), zapewnia bardzo wyra\u017any obraz termiczny celu.\",\"breadcrumb\":{\"@id\":\"https:\/\/hikmicro.com.pl\/index.php\/m60\/#breadcrumb\"},\"inLanguage\":\"pl-PL\",\"potentialAction\":[{\"@type\":\"ReadAction\",\"target\":[\"https:\/\/hikmicro.com.pl\/index.php\/m60\/\"]}]},{\"@type\":\"BreadcrumbList\",\"@id\":\"https:\/\/hikmicro.com.pl\/index.php\/m60\/#breadcrumb\",\"itemListElement\":[{\"@type\":\"ListItem\",\"position\":1,\"name\":\"Strona g\u0142\u00f3wna\",\"item\":\"https:\/\/hikmicro.com.pl\/\"},{\"@type\":\"ListItem\",\"position\":2,\"name\":\"M60\"}]},{\"@type\":\"WebSite\",\"@id\":\"https:\/\/hikmicro.com.pl\/#website\",\"url\":\"https:\/\/hikmicro.com.pl\/\",\"name\":\"\",\"description\":\"\",\"potentialAction\":[{\"@type\":\"SearchAction\",\"target\":{\"@type\":\"EntryPoint\",\"urlTemplate\":\"https:\/\/hikmicro.com.pl\/?s={search_term_string}\"},\"query-input\":\"required name=search_term_string\"}],\"inLanguage\":\"pl-PL\"}]}<\/script>\n<!-- \/ Yoast SEO plugin. -->","yoast_head_json":{"title":"M60 - HIKMICRO","description":"Wysoce czu\u0142y detektor VOx (czu\u0142o\u015b\u0107 termiczna poni\u017cej 35 mK), z rozdzielczo\u015bci\u0105 w podczerwieni do 384 x 288 (110 592 pikseli), zapewnia bardzo wyra\u017any obraz termiczny celu.","robots":{"index":"index","follow":"follow","max-snippet":"max-snippet:-1","max-image-preview":"max-image-preview:large","max-video-preview":"max-video-preview:-1"},"canonical":"https:\/\/hikmicro.com.pl\/index.php\/m60\/","og_locale":"pl_PL","og_type":"article","og_title":"M60 - HIKMICRO","og_description":"Wysoce czu\u0142y detektor VOx (czu\u0142o\u015b\u0107 termiczna poni\u017cej 35 mK), z rozdzielczo\u015bci\u0105 w podczerwieni do 384 x 288 (110 592 pikseli), zapewnia bardzo wyra\u017any obraz termiczny celu.","og_url":"https:\/\/hikmicro.com.pl\/index.php\/m60\/","article_modified_time":"2024-03-27T08:48:14+00:00","twitter_card":"summary_large_image","twitter_misc":{"Szacowany czas czytania":"2 minuty"},"schema":{"@context":"https:\/\/schema.org","@graph":[{"@type":"WebPage","@id":"https:\/\/hikmicro.com.pl\/index.php\/m60\/","url":"https:\/\/hikmicro.com.pl\/index.php\/m60\/","name":"M60 - HIKMICRO","isPartOf":{"@id":"https:\/\/hikmicro.com.pl\/#website"},"datePublished":"2024-01-18T07:54:39+00:00","dateModified":"2024-03-27T08:48:14+00:00","description":"Wysoce czu\u0142y detektor VOx (czu\u0142o\u015b\u0107 termiczna poni\u017cej 35 mK), z rozdzielczo\u015bci\u0105 w podczerwieni do 384 x 288 (110 592 pikseli), zapewnia bardzo wyra\u017any obraz termiczny celu.","breadcrumb":{"@id":"https:\/\/hikmicro.com.pl\/index.php\/m60\/#breadcrumb"},"inLanguage":"pl-PL","potentialAction":[{"@type":"ReadAction","target":["https:\/\/hikmicro.com.pl\/index.php\/m60\/"]}]},{"@type":"BreadcrumbList","@id":"https:\/\/hikmicro.com.pl\/index.php\/m60\/#breadcrumb","itemListElement":[{"@type":"ListItem","position":1,"name":"Strona g\u0142\u00f3wna","item":"https:\/\/hikmicro.com.pl\/"},{"@type":"ListItem","position":2,"name":"M60"}]},{"@type":"WebSite","@id":"https:\/\/hikmicro.com.pl\/#website","url":"https:\/\/hikmicro.com.pl\/","name":"","description":"","potentialAction":[{"@type":"SearchAction","target":{"@type":"EntryPoint","urlTemplate":"https:\/\/hikmicro.com.pl\/?s={search_term_string}"},"query-input":"required name=search_term_string"}],"inLanguage":"pl-PL"}]}},"_links":{"self":[{"href":"https:\/\/hikmicro.com.pl\/index.php\/wp-json\/wp\/v2\/pages\/629"}],"collection":[{"href":"https:\/\/hikmicro.com.pl\/index.php\/wp-json\/wp\/v2\/pages"}],"about":[{"href":"https:\/\/hikmicro.com.pl\/index.php\/wp-json\/wp\/v2\/types\/page"}],"author":[{"embeddable":true,"href":"https:\/\/hikmicro.com.pl\/index.php\/wp-json\/wp\/v2\/users\/1"}],"replies":[{"embeddable":true,"href":"https:\/\/hikmicro.com.pl\/index.php\/wp-json\/wp\/v2\/comments?post=629"}],"version-history":[{"count":12,"href":"https:\/\/hikmicro.com.pl\/index.php\/wp-json\/wp\/v2\/pages\/629\/revisions"}],"predecessor-version":[{"id":1043,"href":"https:\/\/hikmicro.com.pl\/index.php\/wp-json\/wp\/v2\/pages\/629\/revisions\/1043"}],"wp:attachment":[{"href":"https:\/\/hikmicro.com.pl\/index.php\/wp-json\/wp\/v2\/media?parent=629"}],"curies":[{"name":"wp","href":"https:\/\/api.w.org\/{rel}","templated":true}]}}