{"id":615,"date":"2024-01-17T15:30:11","date_gmt":"2024-01-17T14:30:11","guid":{"rendered":"https:\/\/hikmicro.promitel.pl\/?page_id=615"},"modified":"2024-03-27T09:19:53","modified_gmt":"2024-03-27T08:19:53","slug":"bx20","status":"publish","type":"page","link":"https:\/\/hikmicro.com.pl\/index.php\/bx20\/","title":{"rendered":"BX20"},"content":{"rendered":"\n<div\n    class=\"cep__container\"\n    data-cep-style-id=\"0d5157313a483104519eacd237eb7dd8\"\n  >\n    <div data-cep-style-id=\"10d3274095e423b13c2b86355e6a6247\">\n      <div class=\"locate-container quick-navigation-container\" id=\"Overview\">\n        <div\n          class=\"cep__container\"\n          data-cep-style-id=\"713125a7b3e891fdde9b602a130382d6\"\n        >\n          <div data-cep-style-id=\"b7f35ad40e17571e96eb52b2c7b42baf\">\n            <div class=\"hik-feature-billboard\">\n              <div\n                class=\"bg-box global-assets-adapter\"\n                data-type=\"img\"\n                style=\"\n                  background-image: url('https:\/\/hikmicro.com.pl\/wp-content\/uploads\/2024\/01\/bx20_img1.jpg');\n                \"\n              >\n                <div class=\"content-wrap wrap1310\">\n                  <div\n                    class=\"content-container-billboard p-top-center product c-white\"\n                  >\n                    <div class=\"content-box\">\n                      <div class=\"title content\">HIKMICRO BX20<\/div>\n                      <div class=\"description content\">\n                        Kompaktowa iskrobezpieczna kamera termowizyjna z\n                        certyfikatami ATEX i IECEx do pracy w obszarach\n                        niebezpiecznych\n                      <\/div>\n                    <\/div>\n                  <\/div>\n                <\/div>\n              <\/div>\n            <\/div>\n          <\/div>\n        <\/div>\n      <\/div>\n    <\/div>\n    <div data-cep-style-id=\"ce5f14ad9275233baf52596abefef8b3\">\n      <div class=\"hik-feature-billboard\">\n        <div\n          class=\"bg-box global-assets-adapter\"\n          data-type=\"img\"\n          style=\"\n            background-image: url('https:\/\/hikmicro.com.pl\/wp-content\/uploads\/2024\/01\/bx20_img2.jpg');\n          \"\n        >\n          <div class=\"content-wrap wrap1310\">\n            <div class=\"content-container-billboard p-top-center c-white\">\n              <div class=\"content-box\">\n                <div class=\"title content\">Certyfikowany produkt i producent<\/div>\n                <div class=\"description content\">\n                  Nie tylko iskrobezpieczna kamera termowizyjna HIKMICRO BX20\n                  uzyska\u0142a certyfikaty ATEX i IECEx. Ponadto firma HIKMICRO jest\n                  zweryfikowanym producentem sprz\u0119tu do pracy w niebezpiecznych\n                  miejscach i posiada Powiadomienie o Zapewnieniu Jako\u015bci (QAN)\n                  ATEX i Raport Dotycz\u0105cy Zapewnienia Jako\u015bci (QAR) IECEx.\n                <\/div>\n              <\/div>\n            <\/div>\n          <\/div>\n        <\/div>\n      <\/div>\n    <\/div>\n    <div data-cep-style-id=\"45ad5b080683f69890811aa644b32a1e\">\n      <div class=\"hik-feature-billboard\">\n        <div\n          class=\"bg-box global-assets-adapter\"\n          data-type=\"img\"\n          style=\"\n            background-image: url('https:\/\/hikmicro.com.pl\/wp-content\/uploads\/2024\/01\/bx20_img3.jpg');\n          \"\n        >\n          <div class=\"content-wrap wrap1310\">\n            <div class=\"content-container-billboard p-top-center c-white\">\n              <div class=\"content-box\">\n                <div class=\"title content\">Wysoka jako\u015b\u0107 obrazu<\/div>\n                <div class=\"description content\">\n                  Cechuj\u0105cy si\u0119 wysok\u0105 rozdzielczo\u015bci\u0105 (256 \u00d7 192, 49152 pikseli)\n                  i wysoce czu\u0142y (NETD &lt; 40 mK) detektor VOx, wraz z\n                  algorytmami poprawy obrazu HIKMICRO Super IR dla zapewnienia\n                  niesamowicie wyra\u017anych obrazy termicznych.\n                <\/div>\n              <\/div>\n            <\/div>\n          <\/div>\n        <\/div>\n      <\/div>\n    <\/div>\n    <div data-cep-style-id=\"0cd9364559ed81f85d9d5f1b73e0becc\">\n      <div class=\"hik-feature-billboard\">\n        <div\n          class=\"bg-box global-assets-adapter\"\n          data-type=\"img\"\n          style=\"\n            background-image: url('https:\/\/hikmicro.com.pl\/wp-content\/uploads\/2024\/01\/bx20_img4.jpg');\n          \"\n        >\n          <div class=\"content-wrap wrap1310\">\n            <div class=\"content-container-billboard p-top-center c-white\">\n              <div class=\"content-box\">\n                <div class=\"title content\">\n                  Zwi\u0119kszona przejrzysto\u015b\u0107 termiczna dzi\u0119ki SuperIR*\n                <\/div>\n                <div class=\"description content\">\n                  Wyposa\u017cony w technologi\u0119 poprawy obrazu HIKMICRO SuperIR,\n                  zwi\u0119ksza rozdzielczo\u015b\u0107 przechwyconych obraz\u00f3w termicznych do 320\n                  x 240 (76800 pikseli) (*SuperIR wy\u0142\u0105cznie umo\u017cliwia\n                  przechwytywanie obraz\u00f3w termowizyjnych)\n                <\/div>\n              <\/div>\n            <\/div>\n          <\/div>\n        <\/div>\n      <\/div>\n    <\/div>\n    <div data-cep-style-id=\"9975af4358f016686ced195a63471c2b\">\n      <div class=\"hik-feature-billboard\">\n        <div\n          class=\"bg-box global-assets-adapter\"\n          data-type=\"img\"\n          style=\"\n            background-image: url('https:\/\/hikmicro.com.pl\/wp-content\/uploads\/2024\/01\/bx20_img5.jpg');\n          \"\n        >\n          <div class=\"content-wrap wrap1310\">\n            <div class=\"content-container-billboard p-top-center c-white\">\n              <div class=\"content-box\">\n                <div class=\"title content\">Szybka cz\u0119stotliwo\u015b\u0107 obrazu 25 Hz<\/div>\n                <div class=\"description content\">\n                  Szybka cz\u0119stotliwo\u015b\u0107 obrazu 25 Hz zapewnia p\u0142ynny obraz podczas\n                  przesuwania si\u0119 po scenach lub ogl\u0105dania ruchomych cel\u00f3w.\n                <\/div>\n              <\/div>\n            <\/div>\n          <\/div>\n        <\/div>\n      <\/div>\n    <\/div>\n    <div data-cep-style-id=\"f44a9c1d10191f6ccda3973fb196e175\">\n      <div class=\"hik-feature-billboard\">\n        <div\n          class=\"bg-box global-assets-adapter\"\n          data-type=\"img\"\n          style=\"\n            background-image: url('https:\/\/hikmicro.com.pl\/wp-content\/uploads\/2024\/01\/bx20_img6.jpg');\n          \"\n        >\n          <div class=\"content-wrap wrap1310\">\n            <div class=\"content-container-billboard p-top-center c-white\">\n              <div class=\"content-box\">\n                <div class=\"title content\">\n                  Precyzyjny i szeroki pomiar na pe\u0142nym ekranie\n                <\/div>\n                <div class=\"description content\">\n                  Obs\u0142uguje wykonywanie pe\u0142noekranowych zdj\u0119\u0107 radiometrycznych i\n                  automatycznie \u015bledzi maks.\/min.\/\u015brodkowe punkty, aby na pierwszy\n                  rzut oka wskaza\u0107 anomalie temperatury. Wykonuje dok\u0142adne pomiary\n                  temperatury od -20\u00b0C do 550\u00b0C, z dok\u0142adno\u015bci\u0105 temperatury do\n                  \u00b12\u00b0C (\u00b13,6\u00b0F) \/ \u00b1 2% odczytu.\n                <\/div>\n              <\/div>\n            <\/div>\n          <\/div>\n        <\/div>\n      <\/div>\n    <\/div>\n    <div data-cep-style-id=\"48bdf1758bf29ae60ec9b9dd50387ad9\">\n      <div class=\"hik-feature-billboard\">\n        <div\n          class=\"bg-box global-assets-adapter\"\n          data-type=\"img\"\n          style=\"\n            background-image: url('https:\/\/hikmicro.com.pl\/wp-content\/uploads\/2024\/01\/bx20_img7.jpg');\n          \"\n        >\n          <div class=\"content-wrap wrap1310\">\n            <div class=\"content-container-billboard p-top-center c-white\">\n              <div class=\"content-box\">\n                <div class=\"title content\">\n                  Trwa\u0142e i nadaj\u0105ce si\u0119 do ponownego \u0142adowania baterie\n                <\/div>\n                <div class=\"description content\">\n                  Wbudowana bateria litowo-jonowa o pojemno\u015bci 3350 mAh i\n                  przemy\u015blane ustawienia automatycznego wy\u0142\u0105czania\n                  (10\/20\/30\/40\/50\/60 minut) zapewniaj\u0105 aparatowi do 6 godzin\n                  ci\u0105g\u0142ej pracy.\n                <\/div>\n              <\/div>\n            <\/div>\n          <\/div>\n        <\/div>\n      <\/div>\n    <\/div>\n    <div data-cep-style-id=\"0c270489ef28c8931fba3f20d524faab\">\n      <div class=\"hik-feature-billboard\">\n        <div\n          class=\"bg-box global-assets-adapter\"\n          data-type=\"img\"\n          style=\"\n            background-image: url('https:\/\/hikmicro.com.pl\/wp-content\/uploads\/2024\/01\/bx20_img8.jpg');\n          \"\n        >\n          <div class=\"content-wrap wrap1310\">\n            <div class=\"content-container-billboard p-top-center c-white\">\n              <div class=\"content-box\">\n                <div class=\"title content\">Podw\u00f3jna kamera termowizyjna<\/div>\n                <div class=\"description content\">\n                  Wbudowana kamera termowizyjna i kamera wizyjna dostarcza\n                  poprawionych szczeg\u00f3\u0142\u00f3w. Tryby termiczny, fuzji, obraz w obrazie\n                  i wizualny dostosowane do Twojego preferowanego widoku.\n                <\/div>\n              <\/div>\n            <\/div>\n          <\/div>\n        <\/div>\n      <\/div>\n    <\/div>\n  <\/div>\n\n  \n  <style>\n    .content {\n      color: white;\n    }\n  \n    .hik-feature-billboard .bg-box {\n      height: 46.875vw;\n      background: center \/ cover no-repeat;\n    }\n    .hik-feature-billboard .content-wrap {\n      height: 100%;\n      max-width: 68.229167vw;\n      margin: 0 auto;\n    }\n    .hik-feature-billboard .content-container-billboard {\n      display: flex;\n      align-items: center;\n      height: 100%;\n      padding: 3.49vw 0;\n    }\n    .hik-feature-billboard .content-container-billboard .content-box {\n      max-width: 41.2214%;\n    }\n    .hik-feature-billboard .content-container-billboard .content-box .title {\n      font-size: 1.6667vw;\n      margin-bottom: 1.25vw;\n      font-weight: 700;\n      max-width: 44.2708vw;\n      margin-left: auto;\n      margin-right: auto;\n    }\n    .hik-feature-billboard\n      .content-container-billboard\n      .content-box\n      .description {\n      font-size: 1.0417vw;\n      margin-bottom: 0.5vw;\n    }\n    @media (max-width: 1152px) {\n      .hik-feature-billboard\n        .content-container-billboard\n        .content-box\n        .description {\n        font-size: 0.625vw;\n      }\n    }\n    .hik-feature-billboard\n      .content-container-billboard\n      .content-box\n      .content:last-child {\n      margin-bottom: 0;\n    }\n    .hik-feature-billboard .content-container-billboard.p-top-center {\n      align-items: flex-start;\n      justify-content: center;\n    }\n    .hik-feature-billboard\n      .content-container-billboard.p-top-center\n      .content-box {\n      text-align: center;\n      width: 57.8334vw;\n      max-width: 100%;\n    }\n    .hik-feature-billboard .content-container-billboard.product {\n      align-items: flex-start;\n      justify-content: center;\n    }\n    .hik-feature-billboard .content-container-billboard.product .content-box {\n      text-align: center;\n      width: 44.2708vw;\n      max-width: 100%;\n    }\n    .hik-feature-billboard\n      .content-container-billboard.product\n      .content-box\n      .title {\n      font-size: 2.9166vw;\n    }\n    .hik-feature-billboard\n      .content-container-billboard.product\n      .content-box\n      .description {\n      font-size: 1.4583vw;\n    }\n    .hik-feature-billboard .content-qa-code {\n      position: absolute;\n      bottom: 7.8vw;\n      font-size: 1.05vw;\n      left: 0;\n    }\n    .hik-feature-billboard .content-qa-code .app-store {\n      display: flex;\n      margin-bottom: 4.4vw;\n      justify-content: space-between;\n    }\n    .hik-feature-billboard .content-qa-code .app-store .app-store-text-pc {\n      width: 12.5vw;\n      text-align: center;\n    }\n    .hik-feature-billboard\n      .content-qa-code\n      .app-store\n      .app-store-text-pc\n      .app-store-version {\n      margin-top: 1vw;\n      text-align: center;\n    }\n    .hik-feature-billboard .content-qa-code .app-store .app-store-text-mobile {\n      display: none;\n    }\n    .hik-feature-billboard .content-qa-code .google-play {\n      display: flex;\n      justify-content: space-between;\n    }\n    .hik-feature-billboard .content-qa-code .google-play .google-play-text-pc {\n      width: 12.5vw;\n      text-align: center;\n    }\n    .hik-feature-billboard\n      .content-qa-code\n      .google-play\n      .google-play-text-pc\n      .google-play-version {\n      margin-top: 1vw;\n      text-align: center;\n    }\n    .hik-feature-billboard\n      .content-qa-code\n      .google-play\n      .google-play-text-mobile {\n      display: none;\n    }\n    @media (max-width: 991px) {\n      .hik-feature-billboard .bg-box {\n        height: 143.466vw;\n      }\n      .hik-feature-billboard .content-wrap {\n        max-width: none;\n        margin-right: 15px;\n        margin-left: 15px;\n      }\n      .hik-feature-billboard .content-container-billboard {\n        padding: 8vw 0;\n        align-items: flex-start;\n      }\n      .hik-feature-billboard .content-container-billboard .content-box {\n        width: 100%;\n        max-width: none;\n        text-align: center;\n      }\n      .hik-feature-billboard .content-container-billboard .content-box .title {\n        font-size: 6.4vw;\n        margin-bottom: 3.2vw;\n        max-width: 100%;\n      }\n      .hik-feature-billboard\n        .content-container-billboard\n        .content-box\n        .description {\n        font-size: 3.733vw;\n        margin-bottom: 0;\n      }\n      .hik-feature-billboard\n        .content-container-billboard\n        .content-box\n        .content:last-child {\n        margin-bottom: 0;\n      }\n      .hik-feature-billboard\n        .content-container-billboard.p-top-center\n        .content-box {\n        width: 100%;\n      }\n      .hik-feature-billboard .content-container-billboard.product .content-box {\n        width: 100%;\n      }\n      .hik-feature-billboard\n        .content-container-billboard.product\n        .content-box\n        .title {\n        font-size: 9.6vw;\n        line-height: 1.27;\n      }\n      .hik-feature-billboard\n        .content-container-billboard.product\n        .content-box\n        .description {\n        font-size: 4.8vw;\n      }\n      .hik-feature-billboard .content-qa-code {\n        font-size: 16px;\n        left: 50%;\n        bottom: 0;\n        top: inherit;\n        transform: translate(-50%, 0);\n        width: 100%;\n      }\n      .hik-feature-billboard .content-qa-code .app-store {\n        display: block;\n        margin-bottom: 0;\n        text-align: center;\n      }\n      .hik-feature-billboard .content-qa-code .app-store .app-store-text-pc {\n        display: none;\n      }\n      .hik-feature-billboard .content-qa-code .app-store .app-store-text-mobile {\n        display: block;\n        width: auto;\n      }\n      .hik-feature-billboard\n        .content-qa-code\n        .app-store\n        .app-store-text-mobile\n        .app-store-version {\n        margin-top: 12px;\n      }\n      .hik-feature-billboard .content-qa-code .google-play {\n        display: block;\n        text-align: center;\n      }\n      .hik-feature-billboard\n        .content-qa-code\n        .google-play\n        .google-play-text-mobile {\n        display: block;\n        width: auto;\n      }\n      .hik-feature-billboard\n        .content-qa-code\n        .google-play\n        .google-play-text-mobile\n        .google-play-version {\n        margin-top: 12px;\n      }\n      .hik-feature-billboard .content-qa-code .google-play .google-play-text-pc {\n        display: none;\n      }\n    }\n  <\/style>\n","protected":false},"excerpt":{"rendered":"<p>HIKMICRO BX20 Kompaktowa iskrobezpieczna kamera termowizyjna z certyfikatami ATEX i IECEx do pracy w obszarach niebezpiecznych Certyfikowany produkt i producent Nie tylko iskrobezpieczna kamera termowizyjna HIKMICRO BX20 uzyska\u0142a certyfikaty ATEX i IECEx. Ponadto firma HIKMICRO jest zweryfikowanym producentem sprz\u0119tu do pracy w niebezpiecznych miejscach i posiada Powiadomienie o Zapewnieniu Jako\u015bci&#8230;<\/p>\n","protected":false},"author":1,"featured_media":0,"parent":0,"menu_order":0,"comment_status":"closed","ping_status":"closed","template":"","meta":{"inline_featured_image":false,"footnotes":""},"yoast_head":"<!-- This site is optimized with the Yoast SEO plugin v22.3 - https:\/\/yoast.com\/wordpress\/plugins\/seo\/ -->\n<title>BX20 - HIKMICRO<\/title>\n<meta name=\"description\" content=\"Nie tylko iskrobezpieczna kamera termowizyjna HIKMICRO BX20 uzyska\u0142a certyfikaty ATEX i IECEx. Ponadto firma HIKMICRO jest zweryfikowanym producentem sprz\u0119tu do pracy w niebezpiecznych miejscach i posiada Powiadomienie o Zapewnieniu Jako\u015bci (QAN) ATEX i Raport Dotycz\u0105cy Zapewnienia Jako\u015bci (QAR) IECEx.\" \/>\n<meta name=\"robots\" content=\"index, follow, max-snippet:-1, max-image-preview:large, max-video-preview:-1\" \/>\n<link rel=\"canonical\" href=\"https:\/\/hikmicro.com.pl\/index.php\/bx20\/\" \/>\n<meta property=\"og:locale\" content=\"pl_PL\" \/>\n<meta property=\"og:type\" content=\"article\" \/>\n<meta property=\"og:title\" content=\"BX20 - HIKMICRO\" \/>\n<meta property=\"og:description\" content=\"Nie tylko iskrobezpieczna kamera termowizyjna HIKMICRO BX20 uzyska\u0142a certyfikaty ATEX i IECEx. Ponadto firma HIKMICRO jest zweryfikowanym producentem sprz\u0119tu do pracy w niebezpiecznych miejscach i posiada Powiadomienie o Zapewnieniu Jako\u015bci (QAN) ATEX i Raport Dotycz\u0105cy Zapewnienia Jako\u015bci (QAR) IECEx.\" \/>\n<meta property=\"og:url\" content=\"https:\/\/hikmicro.com.pl\/index.php\/bx20\/\" \/>\n<meta property=\"article:modified_time\" content=\"2024-03-27T08:19:53+00:00\" \/>\n<meta name=\"twitter:card\" content=\"summary_large_image\" \/>\n<meta name=\"twitter:label1\" content=\"Szacowany czas czytania\" \/>\n\t<meta name=\"twitter:data1\" content=\"2 minuty\" \/>\n<script type=\"application\/ld+json\" class=\"yoast-schema-graph\">{\"@context\":\"https:\/\/schema.org\",\"@graph\":[{\"@type\":\"WebPage\",\"@id\":\"https:\/\/hikmicro.com.pl\/index.php\/bx20\/\",\"url\":\"https:\/\/hikmicro.com.pl\/index.php\/bx20\/\",\"name\":\"BX20 - HIKMICRO\",\"isPartOf\":{\"@id\":\"https:\/\/hikmicro.com.pl\/#website\"},\"datePublished\":\"2024-01-17T14:30:11+00:00\",\"dateModified\":\"2024-03-27T08:19:53+00:00\",\"description\":\"Nie tylko iskrobezpieczna kamera termowizyjna HIKMICRO BX20 uzyska\u0142a certyfikaty ATEX i IECEx. Ponadto firma HIKMICRO jest zweryfikowanym producentem sprz\u0119tu do pracy w niebezpiecznych miejscach i posiada Powiadomienie o Zapewnieniu Jako\u015bci (QAN) ATEX i Raport Dotycz\u0105cy Zapewnienia Jako\u015bci (QAR) IECEx.\",\"breadcrumb\":{\"@id\":\"https:\/\/hikmicro.com.pl\/index.php\/bx20\/#breadcrumb\"},\"inLanguage\":\"pl-PL\",\"potentialAction\":[{\"@type\":\"ReadAction\",\"target\":[\"https:\/\/hikmicro.com.pl\/index.php\/bx20\/\"]}]},{\"@type\":\"BreadcrumbList\",\"@id\":\"https:\/\/hikmicro.com.pl\/index.php\/bx20\/#breadcrumb\",\"itemListElement\":[{\"@type\":\"ListItem\",\"position\":1,\"name\":\"Strona g\u0142\u00f3wna\",\"item\":\"https:\/\/hikmicro.com.pl\/\"},{\"@type\":\"ListItem\",\"position\":2,\"name\":\"BX20\"}]},{\"@type\":\"WebSite\",\"@id\":\"https:\/\/hikmicro.com.pl\/#website\",\"url\":\"https:\/\/hikmicro.com.pl\/\",\"name\":\"\",\"description\":\"\",\"potentialAction\":[{\"@type\":\"SearchAction\",\"target\":{\"@type\":\"EntryPoint\",\"urlTemplate\":\"https:\/\/hikmicro.com.pl\/?s={search_term_string}\"},\"query-input\":\"required name=search_term_string\"}],\"inLanguage\":\"pl-PL\"}]}<\/script>\n<!-- \/ Yoast SEO plugin. -->","yoast_head_json":{"title":"BX20 - HIKMICRO","description":"Nie tylko iskrobezpieczna kamera termowizyjna HIKMICRO BX20 uzyska\u0142a certyfikaty ATEX i IECEx. Ponadto firma HIKMICRO jest zweryfikowanym producentem sprz\u0119tu do pracy w niebezpiecznych miejscach i posiada Powiadomienie o Zapewnieniu Jako\u015bci (QAN) ATEX i Raport Dotycz\u0105cy Zapewnienia Jako\u015bci (QAR) IECEx.","robots":{"index":"index","follow":"follow","max-snippet":"max-snippet:-1","max-image-preview":"max-image-preview:large","max-video-preview":"max-video-preview:-1"},"canonical":"https:\/\/hikmicro.com.pl\/index.php\/bx20\/","og_locale":"pl_PL","og_type":"article","og_title":"BX20 - HIKMICRO","og_description":"Nie tylko iskrobezpieczna kamera termowizyjna HIKMICRO BX20 uzyska\u0142a certyfikaty ATEX i IECEx. Ponadto firma HIKMICRO jest zweryfikowanym producentem sprz\u0119tu do pracy w niebezpiecznych miejscach i posiada Powiadomienie o Zapewnieniu Jako\u015bci (QAN) ATEX i Raport Dotycz\u0105cy Zapewnienia Jako\u015bci (QAR) IECEx.","og_url":"https:\/\/hikmicro.com.pl\/index.php\/bx20\/","article_modified_time":"2024-03-27T08:19:53+00:00","twitter_card":"summary_large_image","twitter_misc":{"Szacowany czas czytania":"2 minuty"},"schema":{"@context":"https:\/\/schema.org","@graph":[{"@type":"WebPage","@id":"https:\/\/hikmicro.com.pl\/index.php\/bx20\/","url":"https:\/\/hikmicro.com.pl\/index.php\/bx20\/","name":"BX20 - HIKMICRO","isPartOf":{"@id":"https:\/\/hikmicro.com.pl\/#website"},"datePublished":"2024-01-17T14:30:11+00:00","dateModified":"2024-03-27T08:19:53+00:00","description":"Nie tylko iskrobezpieczna kamera termowizyjna HIKMICRO BX20 uzyska\u0142a certyfikaty ATEX i IECEx. Ponadto firma HIKMICRO jest zweryfikowanym producentem sprz\u0119tu do pracy w niebezpiecznych miejscach i posiada Powiadomienie o Zapewnieniu Jako\u015bci (QAN) ATEX i Raport Dotycz\u0105cy Zapewnienia Jako\u015bci (QAR) IECEx.","breadcrumb":{"@id":"https:\/\/hikmicro.com.pl\/index.php\/bx20\/#breadcrumb"},"inLanguage":"pl-PL","potentialAction":[{"@type":"ReadAction","target":["https:\/\/hikmicro.com.pl\/index.php\/bx20\/"]}]},{"@type":"BreadcrumbList","@id":"https:\/\/hikmicro.com.pl\/index.php\/bx20\/#breadcrumb","itemListElement":[{"@type":"ListItem","position":1,"name":"Strona g\u0142\u00f3wna","item":"https:\/\/hikmicro.com.pl\/"},{"@type":"ListItem","position":2,"name":"BX20"}]},{"@type":"WebSite","@id":"https:\/\/hikmicro.com.pl\/#website","url":"https:\/\/hikmicro.com.pl\/","name":"","description":"","potentialAction":[{"@type":"SearchAction","target":{"@type":"EntryPoint","urlTemplate":"https:\/\/hikmicro.com.pl\/?s={search_term_string}"},"query-input":"required name=search_term_string"}],"inLanguage":"pl-PL"}]}},"_links":{"self":[{"href":"https:\/\/hikmicro.com.pl\/index.php\/wp-json\/wp\/v2\/pages\/615"}],"collection":[{"href":"https:\/\/hikmicro.com.pl\/index.php\/wp-json\/wp\/v2\/pages"}],"about":[{"href":"https:\/\/hikmicro.com.pl\/index.php\/wp-json\/wp\/v2\/types\/page"}],"author":[{"embeddable":true,"href":"https:\/\/hikmicro.com.pl\/index.php\/wp-json\/wp\/v2\/users\/1"}],"replies":[{"embeddable":true,"href":"https:\/\/hikmicro.com.pl\/index.php\/wp-json\/wp\/v2\/comments?post=615"}],"version-history":[{"count":12,"href":"https:\/\/hikmicro.com.pl\/index.php\/wp-json\/wp\/v2\/pages\/615\/revisions"}],"predecessor-version":[{"id":1044,"href":"https:\/\/hikmicro.com.pl\/index.php\/wp-json\/wp\/v2\/pages\/615\/revisions\/1044"}],"wp:attachment":[{"href":"https:\/\/hikmicro.com.pl\/index.php\/wp-json\/wp\/v2\/media?parent=615"}],"curies":[{"name":"wp","href":"https:\/\/api.w.org\/{rel}","templated":true}]}}