{"id":602,"date":"2024-01-17T14:25:44","date_gmt":"2024-01-17T13:25:44","guid":{"rendered":"https:\/\/hikmicro.promitel.pl\/?page_id=602"},"modified":"2024-04-05T11:02:20","modified_gmt":"2024-04-05T09:02:20","slug":"ad21","status":"publish","type":"page","link":"https:\/\/hikmicro.com.pl\/index.php\/ad21\/","title":{"rendered":"AD21"},"content":{"rendered":"\n<div\n    class=\"cep__container\"\n    data-cep-style-id=\"713125a7b3e891fdde9b602a130382d6\"\n  >\n    <div data-cep-style-id=\"b7f35ad40e17571e96eb52b2c7b42baf\">\n      <div class=\"hik-feature-billboard\">\n        <div\n          class=\"bg-box global-assets-adapter\"\n          data-type=\"img\"\n          style=\"\n            background-image: url('https:\/\/hikmicro.com.pl\/wp-content\/uploads\/2024\/01\/ad21_img1.jpg');\n          \"\n        >\n          <div class=\"content-wrap wrap1310\">\n            <div class=\"content-container-billboard p-top-center product c-white\">\n              <div class=\"content-box\">\n                <div class=\"title content\">AD21<\/div>\n                <div class=\"description content\">\n                  Profesjonalne narz\u0119dzia przeznaczone do wykrywania wyciek\u00f3w wody\n                  wewn\u0105trz pomieszcze\u0144.\n                <\/div>\n              <\/div>\n            <\/div>\n          <\/div>\n        <\/div>\n      <\/div>\n    <\/div>\n    <div data-cep-style-id=\"12b3bc3c07391995acaeb89533bf68a0\">\n      <div class=\"hik-feature-billboard\">\n        <div\n          class=\"bg-box global-assets-adapter\"\n          data-type=\"img\"\n          style=\"\n            background-image: url('https:\/\/hikmicro.com.pl\/wp-content\/uploads\/2024\/01\/ad21_img2.jpg');\n          \"\n        >\n          <div class=\"content-wrap wrap1310\">\n            <div class=\"content-container-billboard p-top-center c-white\">\n              <div class=\"content-box\">\n                <div class=\"title content\">\n                  Dwa tryby inspekcji przeznaczone do szybkiego zlokalizowania\n                  wycieku.\n                <\/div>\n                <div class=\"description content\">\n                  Czujnik wyciek\u00f3w akustycznych HIKMICRO AD21 obs\u0142uguje tryb\n                  szybkiej inspekcji oraz tryb inspekcji trasy, kt\u00f3ry jest\n                  odpowiedni dla r\u00f3\u017cnych nawyk\u00f3w u\u017cytkownik\u00f3w. HIKMICRO AD21 mo\u017ce\n                  szybko zlokalizowa\u0107 zakres punktu wycieku, poprawi\u0107 skuteczno\u015b\u0107\n                  wykrywania i zmniejszy\u0107 straty spowodowane wyciekiem.\n                <\/div>\n              <\/div>\n            <\/div>\n          <\/div>\n        <\/div>\n      <\/div>\n    <\/div>\n    <div data-cep-style-id=\"0d6cea8761b114945a7d9f4dde208b3d\">\n      <div class=\"hik-feature-billboard\">\n        <div\n          class=\"bg-box global-assets-adapter\"\n          data-type=\"img\"\n          style=\"\n            background-image: url('https:\/\/hikmicro.com.pl\/wp-content\/uploads\/2024\/01\/ad21_img3.jpg');\n          \"\n        >\n          <div class=\"content-wrap wrap1310\">\n            <div class=\"content-container-billboard p-top-center c-white\">\n              <div class=\"content-box\">\n                <div class=\"title content\">\n                  Cztery wewn\u0119trzne filtry \u015brodkowoprzepustowego\n                <\/div>\n                <div class=\"description content\">\n                  HIKMICRO AD21 jest zdolny odbiera\u0107 sygna\u0142y w zakresie od 150 Hz\n                  do 7500 Hz. W przypadku, gdy w otoczeniu wyst\u0119puj\u0105 zak\u0142\u00f3cenia\n                  akustyczne, zmieniaj\u0105c cz\u0119stotliwo\u015bci niskie i cz\u0119stotliwo\u015bci\n                  wysokie w pomieszczeniach mo\u017cesz zastosowa\u0107 4 r\u00f3\u017cne filtry na\n                  sygna\u0142y akustyczne, aby lepiej us\u0142ysze\u0107 wycieki wody.\n                <\/div>\n              <\/div>\n            <\/div>\n          <\/div>\n        <\/div>\n      <\/div>\n    <\/div>\n    <div data-cep-style-id=\"99813ac16117e80410d58e2a79461844\">\n      <div class=\"hik-feature-billboard\">\n        <div\n          class=\"bg-box global-assets-adapter\"\n          data-type=\"img\"\n          style=\"\n            background-image: url('https:\/\/hikmicro.com.pl\/wp-content\/uploads\/2024\/01\/ad21_img4.jpg');\n          \"\n        >\n          <div class=\"content-wrap wrap1310\">\n            <div class=\"content-container-billboard p-top-center c-white\">\n              <div class=\"content-box\">\n                <div class=\"title content\">\n                  \u0141atwy w u\u017cyciu, bardziej wygodne ustawienia\n                <\/div>\n                <div class=\"description content\">\n                  Detektor wyciek\u00f3w d\u017awi\u0119kowych cechuje si\u0119 rozdzielczo\u015bci\u0105\n                  wynosz\u0105c\u0105 1024 x 600, 7-calowym ekranem dotykowy LCD oraz\n                  podw\u00f3jnym uk\u0142adem k\u00f3\u0142, co sprawia, \u017ce parametryzacja AD21 jest\n                  bardziej elastyczna i \u0142atwa w u\u017cyciu nawet w r\u0119kawicach.\n                <\/div>\n              <\/div>\n            <\/div>\n          <\/div>\n        <\/div>\n      <\/div>\n    <\/div>\n    <div data-cep-style-id=\"3c97aee3b4350f13212bae4143fb5b3a\">\n      <div class=\"hik-feature-billboard\">\n        <div\n          class=\"bg-box global-assets-adapter\"\n          data-type=\"img\"\n          style=\"\n            background-image: url('https:\/\/hikmicro.com.pl\/wp-content\/uploads\/2024\/01\/ad21_img5.jpg');\n          \"\n        >\n          <div class=\"content-wrap wrap1310\">\n            <div class=\"content-container-billboard p-top-center c-white\">\n              <div class=\"content-box\">\n                <div class=\"title content\">\n                  Ochrona s\u0142uchu za pomoc\u0105 wysokiej jako\u015bci zestawu s\u0142uchawkowego\n                  z redukcj\u0105 ha\u0142asu\n                <\/div>\n                <div class=\"description content\">\n                  HIKMICRO AD21 oferuje aktywn\u0105 ochron\u0119 s\u0142uchu, kt\u00f3ra\n                  automatycznie zatrzymuje odtwarzanie d\u017awi\u0119ku przy wyst\u0105pieniu\n                  du\u017cego ha\u0142asu przekraczaj\u0105cego poziomy tolerowane przez ludzkie\n                  ucho. Czujnik wsp\u00f3\u0142pracuje z wysokiej jako\u015bci zestawem\n                  s\u0142uchawkowym z redukcj\u0105 ha\u0142asu zapobiegaj\u0105c potencjalnym\n                  uszkodzeniom s\u0142uchu. \n                <\/div>\n              <\/div>\n            <\/div>\n          <\/div>\n        <\/div>\n      <\/div>\n    <\/div>\n    <div data-cep-style-id=\"34512e4acc2971d7cd98619fe9a8710a\">\n      <div class=\"hik-feature-billboard\">\n        <div\n          class=\"bg-box global-assets-adapter\"\n          data-type=\"img\"\n          style=\"\n            background-image: url('https:\/\/hikmicro.com.pl\/wp-content\/uploads\/2024\/01\/ad21_img6.jpg');\n          \"\n        >\n          <div class=\"content-wrap wrap1310\">\n            <div class=\"content-container-billboard p-top-center c-white\">\n              <div class=\"content-box\">\n                <div class=\"title content\">Wytrzyma\u0142a i trwa\u0142a konstrukcja<\/div>\n                <div class=\"description content\">\n                  Czujniki zbieraj\u0105ce marki Hikmicro posiadaj\u0105 klas\u0119 IP66, a\n                  r\u0119czne czujniki maj\u0105 klas\u0119 IP54. Czujnik przeszed\u0142\n                  rygorystyczne testy upadku z wysoko\u015bci do 1,2 metra (3,93 st\u00f3p)\n                  i jest obj\u0119ty dwuletni\u0105 gwarancj\u0105.\n                <\/div>\n              <\/div>\n            <\/div>\n          <\/div>\n        <\/div>\n      <\/div>\n    <\/div>\n    <div data-cep-style-id=\"155490eca4a42ce7bbbccaed5b340f0e\">\n      <div class=\"hik-feature-billboard\">\n        <div\n          class=\"bg-box global-assets-adapter\"\n          data-type=\"img\"\n          style=\"\n            background-image: url('https:\/\/hikmicro.com.pl\/wp-content\/uploads\/2024\/01\/ad21_img7.jpg');\n          \"\n        >\n          <div class=\"content-wrap wrap1310\">\n            <div class=\"content-container-billboard p-top-center c-white\">\n              <div class=\"content-box\">\n                <div class=\"title content\">11 godzin Ci\u0105g\u0142y czas pracy<\/div>\n                <div class=\"description content\">\n                  Wbudowana, mo\u017cliwa do ponownego na\u0142adowania bateria oraz czas\n                  \u0142adowania wynosz\u0105cy 3 godziny do osi\u0105gni\u0119cia poziomu 90%\n                  na\u0142adowania i 6 godzin do pe\u0142nego na\u0142adowania pozwalaj\u0105 HIKMICRO\n                  AD21 na 11 godzin nieprzerwanej pracy.\n                <\/div>\n              <\/div>\n            <\/div>\n          <\/div>\n        <\/div>\n      <\/div>\n    <\/div>\n  <\/div>\n\n  <style>\n    .content {\n      color: white;\n    }\n  \n    .hik-feature-billboard .bg-box {\n      height: 46.875vw;\n      background: center \/ cover no-repeat;\n    }\n    .hik-feature-billboard .content-wrap {\n      height: 100%;\n      max-width: 68.229167vw;\n      margin: 0 auto;\n    }\n    .hik-feature-billboard .content-container-billboard {\n      display: flex;\n      align-items: center;\n      height: 100%;\n      padding: 3.49vw 0;\n    }\n    .hik-feature-billboard .content-container-billboard .content-box {\n      max-width: 41.2214%;\n    }\n    .hik-feature-billboard .content-container-billboard .content-box .title {\n      font-size: 1.6667vw;\n      margin-bottom: 1.25vw;\n      font-weight: 700;\n      max-width: 44.2708vw;\n      margin-left: auto;\n      margin-right: auto;\n    }\n    .hik-feature-billboard\n      .content-container-billboard\n      .content-box\n      .description {\n      font-size: 1.0417vw;\n      margin-bottom: 0.5vw;\n    }\n    @media (max-width: 1152px) {\n      .hik-feature-billboard\n        .content-container-billboard\n        .content-box\n        .description {\n        font-size: 0.625vw;\n      }\n    }\n    .hik-feature-billboard\n      .content-container-billboard\n      .content-box\n      .content:last-child {\n      margin-bottom: 0;\n    }\n    .hik-feature-billboard .content-container-billboard.p-top-center {\n      align-items: flex-start;\n      justify-content: center;\n    }\n    .hik-feature-billboard\n      .content-container-billboard.p-top-center\n      .content-box {\n      text-align: center;\n      width: 57.8334vw;\n      max-width: 100%;\n    }\n    .hik-feature-billboard .content-container-billboard.product {\n      align-items: flex-start;\n      justify-content: center;\n    }\n    .hik-feature-billboard .content-container-billboard.product .content-box {\n      text-align: center;\n      width: 44.2708vw;\n      max-width: 100%;\n    }\n    .hik-feature-billboard\n      .content-container-billboard.product\n      .content-box\n      .title {\n      font-size: 2.9166vw;\n    }\n    .hik-feature-billboard\n      .content-container-billboard.product\n      .content-box\n      .description {\n      font-size: 1.4583vw;\n    }\n    .hik-feature-billboard .content-qa-code {\n      position: absolute;\n      bottom: 7.8vw;\n      font-size: 1.05vw;\n      left: 0;\n    }\n    .hik-feature-billboard .content-qa-code .app-store {\n      display: flex;\n      margin-bottom: 4.4vw;\n      justify-content: space-between;\n    }\n    .hik-feature-billboard .content-qa-code .app-store .app-store-text-pc {\n      width: 12.5vw;\n      text-align: center;\n    }\n    .hik-feature-billboard\n      .content-qa-code\n      .app-store\n      .app-store-text-pc\n      .app-store-version {\n      margin-top: 1vw;\n      text-align: center;\n    }\n    .hik-feature-billboard .content-qa-code .app-store .app-store-text-mobile {\n      display: none;\n    }\n    .hik-feature-billboard .content-qa-code .google-play {\n      display: flex;\n      justify-content: space-between;\n    }\n    .hik-feature-billboard .content-qa-code .google-play .google-play-text-pc {\n      width: 12.5vw;\n      text-align: center;\n    }\n    .hik-feature-billboard\n      .content-qa-code\n      .google-play\n      .google-play-text-pc\n      .google-play-version {\n      margin-top: 1vw;\n      text-align: center;\n    }\n    .hik-feature-billboard\n      .content-qa-code\n      .google-play\n      .google-play-text-mobile {\n      display: none;\n    }\n    @media (max-width: 991px) {\n      .hik-feature-billboard .bg-box {\n        height: 143.466vw;\n      }\n      .hik-feature-billboard .content-wrap {\n        max-width: none;\n        margin-right: 15px;\n        margin-left: 15px;\n      }\n      .hik-feature-billboard .content-container-billboard {\n        padding: 8vw 0;\n        align-items: flex-start;\n      }\n      .hik-feature-billboard .content-container-billboard .content-box {\n        width: 100%;\n        max-width: none;\n        text-align: center;\n      }\n      .hik-feature-billboard .content-container-billboard .content-box .title {\n        font-size: 6.4vw;\n        margin-bottom: 3.2vw;\n        max-width: 100%;\n      }\n      .hik-feature-billboard\n        .content-container-billboard\n        .content-box\n        .description {\n        font-size: 3.733vw;\n        margin-bottom: 0;\n      }\n      .hik-feature-billboard\n        .content-container-billboard\n        .content-box\n        .content:last-child {\n        margin-bottom: 0;\n      }\n      .hik-feature-billboard\n        .content-container-billboard.p-top-center\n        .content-box {\n        width: 100%;\n      }\n      .hik-feature-billboard .content-container-billboard.product .content-box {\n        width: 100%;\n      }\n      .hik-feature-billboard\n        .content-container-billboard.product\n        .content-box\n        .title {\n        font-size: 9.6vw;\n        line-height: 1.27;\n      }\n      .hik-feature-billboard\n        .content-container-billboard.product\n        .content-box\n        .description {\n        font-size: 4.8vw;\n      }\n      .hik-feature-billboard .content-qa-code {\n        font-size: 16px;\n        left: 50%;\n        bottom: 0;\n        top: inherit;\n        transform: translate(-50%, 0);\n        width: 100%;\n      }\n      .hik-feature-billboard .content-qa-code .app-store {\n        display: block;\n        margin-bottom: 0;\n        text-align: center;\n      }\n      .hik-feature-billboard .content-qa-code .app-store .app-store-text-pc {\n        display: none;\n      }\n      .hik-feature-billboard .content-qa-code .app-store .app-store-text-mobile {\n        display: block;\n        width: auto;\n      }\n      .hik-feature-billboard\n        .content-qa-code\n        .app-store\n        .app-store-text-mobile\n        .app-store-version {\n        margin-top: 12px;\n      }\n      .hik-feature-billboard .content-qa-code .google-play {\n        display: block;\n        text-align: center;\n      }\n      .hik-feature-billboard\n        .content-qa-code\n        .google-play\n        .google-play-text-mobile {\n        display: block;\n        width: auto;\n      }\n      .hik-feature-billboard\n        .content-qa-code\n        .google-play\n        .google-play-text-mobile\n        .google-play-version {\n        margin-top: 12px;\n      }\n      .hik-feature-billboard .content-qa-code .google-play .google-play-text-pc {\n        display: none;\n      }\n    }\n  <\/style>\n","protected":false},"excerpt":{"rendered":"<p>AD21 Profesjonalne narz\u0119dzia przeznaczone do wykrywania wyciek\u00f3w wody wewn\u0105trz pomieszcze\u0144. Dwa tryby inspekcji przeznaczone do szybkiego zlokalizowania wycieku. Czujnik wyciek\u00f3w akustycznych HIKMICRO AD21 obs\u0142uguje tryb szybkiej inspekcji oraz tryb inspekcji trasy, kt\u00f3ry jest odpowiedni dla r\u00f3\u017cnych nawyk\u00f3w u\u017cytkownik\u00f3w. HIKMICRO AD21 mo\u017ce szybko zlokalizowa\u0107 zakres punktu wycieku, poprawi\u0107 skuteczno\u015b\u0107 wykrywania i&#8230;<\/p>\n","protected":false},"author":1,"featured_media":0,"parent":0,"menu_order":0,"comment_status":"closed","ping_status":"closed","template":"","meta":{"inline_featured_image":false,"footnotes":""},"yoast_head":"<!-- This site is optimized with the Yoast SEO plugin v22.3 - https:\/\/yoast.com\/wordpress\/plugins\/seo\/ -->\n<title>AD21 - HIKMICRO<\/title>\n<meta name=\"description\" content=\"Czujnik wyciek\u00f3w akustycznych HIKMICRO AD21 obs\u0142uguje tryb szybkiej inspekcji oraz tryb inspekcji trasy, kt\u00f3ry jest odpowiedni dla r\u00f3\u017cnych nawyk\u00f3w u\u017cytkownik\u00f3w. HIKMICRO AD21 mo\u017ce szybko zlokalizowa\u0107 zakres punktu wycieku,poprawi\u0107 skuteczno\u015b\u0107 wykrywania i zmniejszy\u0107 straty spowodowane wyciekiem.\" \/>\n<meta name=\"robots\" content=\"index, follow, max-snippet:-1, max-image-preview:large, max-video-preview:-1\" \/>\n<link rel=\"canonical\" href=\"https:\/\/hikmicro.com.pl\/index.php\/ad21\/\" \/>\n<meta property=\"og:locale\" content=\"pl_PL\" \/>\n<meta property=\"og:type\" content=\"article\" \/>\n<meta property=\"og:title\" content=\"AD21 - HIKMICRO\" \/>\n<meta property=\"og:description\" content=\"Czujnik wyciek\u00f3w akustycznych HIKMICRO AD21 obs\u0142uguje tryb szybkiej inspekcji oraz tryb inspekcji trasy, kt\u00f3ry jest odpowiedni dla r\u00f3\u017cnych nawyk\u00f3w u\u017cytkownik\u00f3w. HIKMICRO AD21 mo\u017ce szybko zlokalizowa\u0107 zakres punktu wycieku,poprawi\u0107 skuteczno\u015b\u0107 wykrywania i zmniejszy\u0107 straty spowodowane wyciekiem.\" \/>\n<meta property=\"og:url\" content=\"https:\/\/hikmicro.com.pl\/index.php\/ad21\/\" \/>\n<meta property=\"article:modified_time\" content=\"2024-04-05T09:02:20+00:00\" \/>\n<meta name=\"twitter:card\" content=\"summary_large_image\" \/>\n<meta name=\"twitter:label1\" content=\"Szacowany czas czytania\" \/>\n\t<meta name=\"twitter:data1\" content=\"2 minuty\" \/>\n<script type=\"application\/ld+json\" class=\"yoast-schema-graph\">{\"@context\":\"https:\/\/schema.org\",\"@graph\":[{\"@type\":\"WebPage\",\"@id\":\"https:\/\/hikmicro.com.pl\/index.php\/ad21\/\",\"url\":\"https:\/\/hikmicro.com.pl\/index.php\/ad21\/\",\"name\":\"AD21 - HIKMICRO\",\"isPartOf\":{\"@id\":\"https:\/\/hikmicro.com.pl\/#website\"},\"datePublished\":\"2024-01-17T13:25:44+00:00\",\"dateModified\":\"2024-04-05T09:02:20+00:00\",\"description\":\"Czujnik wyciek\u00f3w akustycznych HIKMICRO AD21 obs\u0142uguje tryb szybkiej inspekcji oraz tryb inspekcji trasy, kt\u00f3ry jest odpowiedni dla r\u00f3\u017cnych nawyk\u00f3w u\u017cytkownik\u00f3w. HIKMICRO AD21 mo\u017ce szybko zlokalizowa\u0107 zakres punktu wycieku,poprawi\u0107 skuteczno\u015b\u0107 wykrywania i zmniejszy\u0107 straty spowodowane wyciekiem.\",\"breadcrumb\":{\"@id\":\"https:\/\/hikmicro.com.pl\/index.php\/ad21\/#breadcrumb\"},\"inLanguage\":\"pl-PL\",\"potentialAction\":[{\"@type\":\"ReadAction\",\"target\":[\"https:\/\/hikmicro.com.pl\/index.php\/ad21\/\"]}]},{\"@type\":\"BreadcrumbList\",\"@id\":\"https:\/\/hikmicro.com.pl\/index.php\/ad21\/#breadcrumb\",\"itemListElement\":[{\"@type\":\"ListItem\",\"position\":1,\"name\":\"Strona g\u0142\u00f3wna\",\"item\":\"https:\/\/hikmicro.com.pl\/\"},{\"@type\":\"ListItem\",\"position\":2,\"name\":\"AD21\"}]},{\"@type\":\"WebSite\",\"@id\":\"https:\/\/hikmicro.com.pl\/#website\",\"url\":\"https:\/\/hikmicro.com.pl\/\",\"name\":\"\",\"description\":\"\",\"potentialAction\":[{\"@type\":\"SearchAction\",\"target\":{\"@type\":\"EntryPoint\",\"urlTemplate\":\"https:\/\/hikmicro.com.pl\/?s={search_term_string}\"},\"query-input\":\"required name=search_term_string\"}],\"inLanguage\":\"pl-PL\"}]}<\/script>\n<!-- \/ Yoast SEO plugin. -->","yoast_head_json":{"title":"AD21 - HIKMICRO","description":"Czujnik wyciek\u00f3w akustycznych HIKMICRO AD21 obs\u0142uguje tryb szybkiej inspekcji oraz tryb inspekcji trasy, kt\u00f3ry jest odpowiedni dla r\u00f3\u017cnych nawyk\u00f3w u\u017cytkownik\u00f3w. HIKMICRO AD21 mo\u017ce szybko zlokalizowa\u0107 zakres punktu wycieku,poprawi\u0107 skuteczno\u015b\u0107 wykrywania i zmniejszy\u0107 straty spowodowane wyciekiem.","robots":{"index":"index","follow":"follow","max-snippet":"max-snippet:-1","max-image-preview":"max-image-preview:large","max-video-preview":"max-video-preview:-1"},"canonical":"https:\/\/hikmicro.com.pl\/index.php\/ad21\/","og_locale":"pl_PL","og_type":"article","og_title":"AD21 - HIKMICRO","og_description":"Czujnik wyciek\u00f3w akustycznych HIKMICRO AD21 obs\u0142uguje tryb szybkiej inspekcji oraz tryb inspekcji trasy, kt\u00f3ry jest odpowiedni dla r\u00f3\u017cnych nawyk\u00f3w u\u017cytkownik\u00f3w. HIKMICRO AD21 mo\u017ce szybko zlokalizowa\u0107 zakres punktu wycieku,poprawi\u0107 skuteczno\u015b\u0107 wykrywania i zmniejszy\u0107 straty spowodowane wyciekiem.","og_url":"https:\/\/hikmicro.com.pl\/index.php\/ad21\/","article_modified_time":"2024-04-05T09:02:20+00:00","twitter_card":"summary_large_image","twitter_misc":{"Szacowany czas czytania":"2 minuty"},"schema":{"@context":"https:\/\/schema.org","@graph":[{"@type":"WebPage","@id":"https:\/\/hikmicro.com.pl\/index.php\/ad21\/","url":"https:\/\/hikmicro.com.pl\/index.php\/ad21\/","name":"AD21 - HIKMICRO","isPartOf":{"@id":"https:\/\/hikmicro.com.pl\/#website"},"datePublished":"2024-01-17T13:25:44+00:00","dateModified":"2024-04-05T09:02:20+00:00","description":"Czujnik wyciek\u00f3w akustycznych HIKMICRO AD21 obs\u0142uguje tryb szybkiej inspekcji oraz tryb inspekcji trasy, kt\u00f3ry jest odpowiedni dla r\u00f3\u017cnych nawyk\u00f3w u\u017cytkownik\u00f3w. HIKMICRO AD21 mo\u017ce szybko zlokalizowa\u0107 zakres punktu wycieku,poprawi\u0107 skuteczno\u015b\u0107 wykrywania i zmniejszy\u0107 straty spowodowane wyciekiem.","breadcrumb":{"@id":"https:\/\/hikmicro.com.pl\/index.php\/ad21\/#breadcrumb"},"inLanguage":"pl-PL","potentialAction":[{"@type":"ReadAction","target":["https:\/\/hikmicro.com.pl\/index.php\/ad21\/"]}]},{"@type":"BreadcrumbList","@id":"https:\/\/hikmicro.com.pl\/index.php\/ad21\/#breadcrumb","itemListElement":[{"@type":"ListItem","position":1,"name":"Strona g\u0142\u00f3wna","item":"https:\/\/hikmicro.com.pl\/"},{"@type":"ListItem","position":2,"name":"AD21"}]},{"@type":"WebSite","@id":"https:\/\/hikmicro.com.pl\/#website","url":"https:\/\/hikmicro.com.pl\/","name":"","description":"","potentialAction":[{"@type":"SearchAction","target":{"@type":"EntryPoint","urlTemplate":"https:\/\/hikmicro.com.pl\/?s={search_term_string}"},"query-input":"required name=search_term_string"}],"inLanguage":"pl-PL"}]}},"_links":{"self":[{"href":"https:\/\/hikmicro.com.pl\/index.php\/wp-json\/wp\/v2\/pages\/602"}],"collection":[{"href":"https:\/\/hikmicro.com.pl\/index.php\/wp-json\/wp\/v2\/pages"}],"about":[{"href":"https:\/\/hikmicro.com.pl\/index.php\/wp-json\/wp\/v2\/types\/page"}],"author":[{"embeddable":true,"href":"https:\/\/hikmicro.com.pl\/index.php\/wp-json\/wp\/v2\/users\/1"}],"replies":[{"embeddable":true,"href":"https:\/\/hikmicro.com.pl\/index.php\/wp-json\/wp\/v2\/comments?post=602"}],"version-history":[{"count":13,"href":"https:\/\/hikmicro.com.pl\/index.php\/wp-json\/wp\/v2\/pages\/602\/revisions"}],"predecessor-version":[{"id":1591,"href":"https:\/\/hikmicro.com.pl\/index.php\/wp-json\/wp\/v2\/pages\/602\/revisions\/1591"}],"wp:attachment":[{"href":"https:\/\/hikmicro.com.pl\/index.php\/wp-json\/wp\/v2\/media?parent=602"}],"curies":[{"name":"wp","href":"https:\/\/api.w.org\/{rel}","templated":true}]}}