{"id":1613,"date":"2024-09-06T11:50:27","date_gmt":"2024-09-06T09:50:27","guid":{"rendered":"https:\/\/hikmicro.com.pl\/?page_id=1613"},"modified":"2024-09-06T12:17:34","modified_gmt":"2024-09-06T10:17:34","slug":"kamera-termowizyjna-hikmicro","status":"publish","type":"page","link":"https:\/\/hikmicro.com.pl\/index.php\/kamera-termowizyjna-hikmicro\/","title":{"rendered":"Kamera termowizyjna HIKMICRO &#8211; Nowoczesne rozwi\u0105zania od HIKVISION"},"content":{"rendered":"\n<div class=\"article-container\">\n  <div class=\"article\">\n<h1>Kamera termowizyjna HIKMICRO &#8211; Nowoczesne rozwi\u0105zania od HIKVISION<\/h1>\n<p>Urz\u0105dzenia tworzone przez <strong>HIKMICRO<\/strong> to najwy\u017cszej jako\u015bci sprz\u0119t o wysokiej wydajno\u015bci, kt\u00f3re znajduje szerokie zastosowanie w r\u00f3\u017cnych dziedzinach, takich jak <strong>\u0142owiectwo<\/strong>, <strong>ochrona mienia<\/strong> czy analiza termiczna. <strong>HIKMICRO<\/strong> by <strong>Hikvision<\/strong> to submarka, kt\u00f3ra dostarcza u\u017cytkownikom najwy\u017cszej jako\u015bci sprz\u0119t termowizyjny, zapewniaj\u0105c szczeg\u00f3\u0142owy obraz i precyzyjny pomiar temperatury.<\/p>\n<img\n      class=\"article_img\"\n      src=\"https:\/\/hikmicro.com.pl\/wp-content\/uploads\/2024\/09\/Frame-247.png\"\n      alt=\"\"\n    \/>\n<h2>Specyfikacja kamery termowizyjnej i termowizora HIKMICRO<\/h2>\n<p>Termowizor <strong>HIKMICRO<\/strong> wyr\u00f3\u017cnia si\u0119 zastosowaniem nowoczesnych technologii, takich jak <strong>12 \u03bcm<\/strong> detektory oraz <strong>256&#215;192<\/strong> px rozdzielczo\u015bci, co gwarantuje uzyskanie obrazu o wysokiej jako\u015bci nawet w trudnych warunkach. Dzi\u0119ki zastosowaniu technologii <strong>NETD poni\u017cej 35 mk<\/strong>, kamery te oferuj\u0105 dok\u0142adno\u015b\u0107 pomiaru temperatury na poziomie <strong>\u00b12\u00b0C<\/strong>, co sprawia, \u017ce idealnie nadaj\u0105 si\u0119 do zastosowa\u0144 takich jak ochrona obiekt\u00f3w oraz <strong>my\u015bliwych<\/strong>.<\/p>\n<h2>HIKVISION i HIKMICRO \u2013 zaawansowane technologie termowizyjne<\/h2>\n<p><strong>HIKMICRO<\/strong> by <strong>Hikvision<\/strong> dostarcza rozwi\u0105zania oparte na najnowszych technologiach termowizyjnych. Kamery <strong>termowizyjne<\/strong> z tej serii, w tym <strong>Hikvision Lynx<\/strong> i <strong>Alpex 4K<\/strong>, oferuj\u0105 wysoki poziom szczeg\u00f3\u0142owo\u015bci i precyzyjne obrazowanie. R\u0119czna kamera termowizyjna Hikmicro posiada szeroki zakres pomiaru temperatury co sprawdza si\u0119 nie tylko przy sprawdzaniu temperatury cz\u0142owieka, ale r\u00f3wnie\u017c zwierz\u0105t czy wyciek\u00f3w ciep\u0142a.<\/p>\n<h2>Kamera termowizyjna z serii HIKMICRO \u2013 Kluczowe cechy<\/h2>\n<p>Kamera <strong>termowizyjna<\/strong> z serii <strong>HIKMICRO<\/strong> jest wyposa\u017cona w technologi\u0119 <strong>3D Digital Noise Reduction (DNR)<\/strong> oraz <strong>Automatic Gain Control (AGC)<\/strong>, co umo\u017cliwia uzyskanie obrazu o wyj\u0105tkowej jako\u015bci nawet w skrajnych warunkach pogodowych. <strong>Digital Detail Enhancement (DDE)<\/strong> dodatkowo poprawia szczeg\u00f3\u0142owo\u015b\u0107 obrazu, a funkcje takie jak <strong>zoom cyfrowy<\/strong> oraz <strong>dalmierz statyczny<\/strong> umo\u017cliwiaj\u0105 precyzyjne pomiary na du\u017cych odleg\u0142o\u015bciach. Wi\u0119kszo\u015b\u0107 monokular\u00f3w i r\u0119cznych kamer termowizyjnych posiadaj\u0105 wbudowan\u0105 bateri\u0119, kt\u00f3r\u0105 mo\u017cna \u0142adowa\u0107 przy u\u017cyciu kabla USB-C.<\/p>\n<h2>Hikvision Alpex i Alpex A50T \u2013 Nowoczesne obrazowanie termiczne<\/h2>\n<p>W ofercie <strong>Hikvision<\/strong> znajduje si\u0119 r\u00f3wnie\u017c seria <strong>Alpex<\/strong>, w tym modele takie jak <strong>Alpex A50T<\/strong> oraz <strong>Alpex 4K<\/strong>, kt\u00f3re cechuj\u0105 si\u0119 wyj\u0105tkow\u0105 jako\u015bci\u0105 obrazu i zaawansowanymi funkcjami. Dzi\u0119ki sensorowi o rozdzielczo\u015bci <strong>2 MP<\/strong> z wy\u015bwietlaczem <strong>LCD o przek\u0105tnej 2.0<\/strong>, u\u017cytkownicy mog\u0105 cieszy\u0107 si\u0119 wysok\u0105 rozdzielczo\u015bci\u0105 obrazu oraz <strong>dok\u0142adno\u015bci\u0105 pomiaru temperatury<\/strong>.<\/p>\n<h2>Lunety termowizyjne serii Panther, Thunder Pro i Thunder<\/h2>\n<p>Lunety termowizyjne z serii <strong>Panther<\/strong>, <strong>Thunder Pro<\/strong> i <strong>Thunder<\/strong> od <strong>HIKMICRO<\/strong> oferuj\u0105 zaawansowane technologie <strong>termowizyjne<\/strong>, idealne zar\u00f3wno dla profesjonalnych my\u015bliwych, jak i do ochrony mienia. Modele te cechuj\u0105 si\u0119 wysok\u0105 <strong>rozdzielczo\u015bci\u0105<\/strong> obrazu, precyzyjnym <strong>pomiarem temperatury<\/strong> oraz funkcjami, takimi jak <strong>zoom cyfrowy<\/strong> i <strong>dalmierz statyczny<\/strong>. Seria <strong>Panther<\/strong> wyr\u00f3\u017cnia si\u0119 wyj\u0105tkow\u0105 <strong>dok\u0142adno\u015bci\u0105<\/strong>, natomiast <strong>Thunder Pro<\/strong> i <strong>Thunder<\/strong> to idealne rozwi\u0105zania do monitorowania w ka\u017cdych warunkach pogodowych.<\/p>\n<h2>Termowizyjne kamery cyfrowe \u2013 Wyj\u0105tkowe rozwi\u0105zania HIKMICRO<\/h2>\n<p>W ofercie <strong>HIKMICRO<\/strong> znajduj\u0105 si\u0119 r\u00f3wnie\u017c kamery optyczne o rozdzielczo\u015bci <strong>2 MP<\/strong> z <strong>wy\u015bwietlaczem LCD<\/strong>, kt\u00f3re zapewniaj\u0105 wyj\u0105tkowe obrazowanie <strong>termiczne<\/strong>. Urz\u0105dzenia te s\u0105 wyposa\u017cone w technologie <strong>NETD poni\u017cej 35 mk<\/strong> oraz <strong>Vox<\/strong> detektor, co umo\u017cliwia precyzyjne <strong>\u015bledzenie<\/strong> i analiz\u0119 obiekt\u00f3w. Ponadto, dzi\u0119ki funkcji <strong>AGC<\/strong>, kamery te cechuj\u0105 si\u0119 wyj\u0105tkow\u0105 jako\u015bci\u0105 obrazu przy du\u017cych wahaniach temperatury.<\/p>\n<h2>Sprawd\u017a ofert\u0119 \u2013 Kamer HIKMICRO<\/h2>\n<p><strong>Kamera HIKMICRO<\/strong> to urz\u0105dzenie, kt\u00f3re idealnie sprawdza si\u0119 zar\u00f3wno w <strong>\u0142owiectwie<\/strong>, jak i w ochronie obiekt\u00f3w oraz analizie przemys\u0142owej. Dzi\u0119ki zaawansowanym technologiom oraz funkcjom takim jak <strong>pomiar temperatury<\/strong>, <strong>zoom cyfrowy<\/strong> oraz <strong>LRF<\/strong>, kamery te oferuj\u0105 najwy\u017csz\u0105 jako\u015b\u0107 do ceny. <strong>Sprawd\u017a ofert\u0119<\/strong> na <strong>naszej stronie<\/strong> i wybierz odpowiedni model do swoich potrzeb.<\/p>\n<h2>Kamera termowizyjna \u2013 wynajem<\/h2>\n<p>Je\u015bli szukasz <strong>kamery termowizyjnej<\/strong> na wynajem, odwied\u017a stron\u0119 dystrybutora <strong>Promitel<\/strong>. Firma oferuje szerok\u0105 gam\u0119 rozwi\u0105za\u0144, w tym najnowsze modele <strong>HIKMICRO<\/strong> i <strong>Hikvision<\/strong>, kt\u00f3re mo\u017cesz wypo\u017cyczy\u0107 do profesjonalnych zastosowa\u0144. <a href=\"https:\/\/promitel.pl\/kamera-termowizyjna-wynajem-wypozyczalnia-sprzetu-termowizyjnego,1380,pl.html\"><strong>Sprawd\u017a ofert\u0119 wynajmu kamer termowizyjnych<\/strong>.<\/a><\/p>\n<h2>Kamera termowizyjna HIKMICRO \u2013 Podsumowanie<\/h2>\n<p>Urz\u0105dzenia <strong>HIKMICRO<\/strong> oferuj\u0105 zaawansowane technologie obrazowania <strong>termowizyjnego<\/strong>, kt\u00f3re znajduj\u0105 szerokie zastosowanie w r\u00f3\u017cnych dziedzinach. Wysoka <strong>rozdzielczo\u015b\u0107<\/strong>, precyzyjny <strong>pomiar temperatury<\/strong> oraz wytrzyma\u0142o\u015b\u0107 na skrajne warunki sprawiaj\u0105, \u017ce kamery te s\u0105 niezast\u0105pione w ka\u017cdej sytuacji.<\/p>\n","protected":false},"excerpt":{"rendered":"<p>Kamera termowizyjna HIKMICRO &#8211; Nowoczesne rozwi\u0105zania od HIKVISION Urz\u0105dzenia tworzone przez HIKMICRO to najwy\u017cszej jako\u015bci sprz\u0119t o wysokiej wydajno\u015bci, kt\u00f3re znajduje szerokie zastosowanie w r\u00f3\u017cnych dziedzinach, takich jak \u0142owiectwo, ochrona mienia czy analiza termiczna. HIKMICRO by Hikvision to submarka, kt\u00f3ra dostarcza u\u017cytkownikom najwy\u017cszej jako\u015bci sprz\u0119t termowizyjny, zapewniaj\u0105c szczeg\u00f3\u0142owy obraz i&#8230;<\/p>\n","protected":false},"author":1,"featured_media":0,"parent":0,"menu_order":0,"comment_status":"closed","ping_status":"closed","template":"template-frontpage.php","meta":{"inline_featured_image":false,"footnotes":""},"yoast_head":"<!-- This site is optimized with the Yoast SEO plugin v22.3 - https:\/\/yoast.com\/wordpress\/plugins\/seo\/ -->\n<title>Kamera termowizyjna HIKMICRO<\/title>\n<meta name=\"description\" content=\"Kamera termowizyjna HIKMICRO to najwy\u017cszej jako\u015bci sprz\u0119t o wysokiej wydajno\u015bci, kt\u00f3re znajduje szerokie zastosowanie w r\u00f3\u017cnych dziedzinach.\" \/>\n<meta name=\"robots\" content=\"index, follow, max-snippet:-1, max-image-preview:large, max-video-preview:-1\" \/>\n<link rel=\"canonical\" href=\"https:\/\/hikmicro.com.pl\/index.php\/kamera-termowizyjna-hikmicro\/\" \/>\n<meta property=\"og:locale\" content=\"pl_PL\" \/>\n<meta property=\"og:type\" content=\"article\" \/>\n<meta property=\"og:title\" content=\"Kamera termowizyjna HIKMICRO\" \/>\n<meta property=\"og:description\" content=\"Kamera termowizyjna HIKMICRO to najwy\u017cszej jako\u015bci sprz\u0119t o wysokiej wydajno\u015bci, kt\u00f3re znajduje szerokie zastosowanie w r\u00f3\u017cnych dziedzinach.\" \/>\n<meta property=\"og:url\" content=\"https:\/\/hikmicro.com.pl\/index.php\/kamera-termowizyjna-hikmicro\/\" \/>\n<meta property=\"article:modified_time\" content=\"2024-09-06T10:17:34+00:00\" \/>\n<meta name=\"twitter:card\" content=\"summary_large_image\" \/>\n<meta name=\"twitter:label1\" content=\"Szacowany czas czytania\" \/>\n\t<meta name=\"twitter:data1\" content=\"4 minuty\" \/>\n<script type=\"application\/ld+json\" class=\"yoast-schema-graph\">{\"@context\":\"https:\/\/schema.org\",\"@graph\":[{\"@type\":\"WebPage\",\"@id\":\"https:\/\/hikmicro.com.pl\/index.php\/kamera-termowizyjna-hikmicro\/\",\"url\":\"https:\/\/hikmicro.com.pl\/index.php\/kamera-termowizyjna-hikmicro\/\",\"name\":\"Kamera termowizyjna HIKMICRO\",\"isPartOf\":{\"@id\":\"https:\/\/hikmicro.com.pl\/#website\"},\"datePublished\":\"2024-09-06T09:50:27+00:00\",\"dateModified\":\"2024-09-06T10:17:34+00:00\",\"description\":\"Kamera termowizyjna HIKMICRO to najwy\u017cszej jako\u015bci sprz\u0119t o wysokiej wydajno\u015bci, kt\u00f3re znajduje szerokie zastosowanie w r\u00f3\u017cnych dziedzinach.\",\"breadcrumb\":{\"@id\":\"https:\/\/hikmicro.com.pl\/index.php\/kamera-termowizyjna-hikmicro\/#breadcrumb\"},\"inLanguage\":\"pl-PL\",\"potentialAction\":[{\"@type\":\"ReadAction\",\"target\":[\"https:\/\/hikmicro.com.pl\/index.php\/kamera-termowizyjna-hikmicro\/\"]}]},{\"@type\":\"BreadcrumbList\",\"@id\":\"https:\/\/hikmicro.com.pl\/index.php\/kamera-termowizyjna-hikmicro\/#breadcrumb\",\"itemListElement\":[{\"@type\":\"ListItem\",\"position\":1,\"name\":\"Strona g\u0142\u00f3wna\",\"item\":\"https:\/\/hikmicro.com.pl\/\"},{\"@type\":\"ListItem\",\"position\":2,\"name\":\"Kamera termowizyjna HIKMICRO &#8211; Nowoczesne rozwi\u0105zania od HIKVISION\"}]},{\"@type\":\"WebSite\",\"@id\":\"https:\/\/hikmicro.com.pl\/#website\",\"url\":\"https:\/\/hikmicro.com.pl\/\",\"name\":\"\",\"description\":\"\",\"potentialAction\":[{\"@type\":\"SearchAction\",\"target\":{\"@type\":\"EntryPoint\",\"urlTemplate\":\"https:\/\/hikmicro.com.pl\/?s={search_term_string}\"},\"query-input\":\"required name=search_term_string\"}],\"inLanguage\":\"pl-PL\"}]}<\/script>\n<!-- \/ Yoast SEO plugin. -->","yoast_head_json":{"title":"Kamera termowizyjna HIKMICRO","description":"Kamera termowizyjna HIKMICRO to najwy\u017cszej jako\u015bci sprz\u0119t o wysokiej wydajno\u015bci, kt\u00f3re znajduje szerokie zastosowanie w r\u00f3\u017cnych dziedzinach.","robots":{"index":"index","follow":"follow","max-snippet":"max-snippet:-1","max-image-preview":"max-image-preview:large","max-video-preview":"max-video-preview:-1"},"canonical":"https:\/\/hikmicro.com.pl\/index.php\/kamera-termowizyjna-hikmicro\/","og_locale":"pl_PL","og_type":"article","og_title":"Kamera termowizyjna HIKMICRO","og_description":"Kamera termowizyjna HIKMICRO to najwy\u017cszej jako\u015bci sprz\u0119t o wysokiej wydajno\u015bci, kt\u00f3re znajduje szerokie zastosowanie w r\u00f3\u017cnych dziedzinach.","og_url":"https:\/\/hikmicro.com.pl\/index.php\/kamera-termowizyjna-hikmicro\/","article_modified_time":"2024-09-06T10:17:34+00:00","twitter_card":"summary_large_image","twitter_misc":{"Szacowany czas czytania":"4 minuty"},"schema":{"@context":"https:\/\/schema.org","@graph":[{"@type":"WebPage","@id":"https:\/\/hikmicro.com.pl\/index.php\/kamera-termowizyjna-hikmicro\/","url":"https:\/\/hikmicro.com.pl\/index.php\/kamera-termowizyjna-hikmicro\/","name":"Kamera termowizyjna HIKMICRO","isPartOf":{"@id":"https:\/\/hikmicro.com.pl\/#website"},"datePublished":"2024-09-06T09:50:27+00:00","dateModified":"2024-09-06T10:17:34+00:00","description":"Kamera termowizyjna HIKMICRO to najwy\u017cszej jako\u015bci sprz\u0119t o wysokiej wydajno\u015bci, kt\u00f3re znajduje szerokie zastosowanie w r\u00f3\u017cnych dziedzinach.","breadcrumb":{"@id":"https:\/\/hikmicro.com.pl\/index.php\/kamera-termowizyjna-hikmicro\/#breadcrumb"},"inLanguage":"pl-PL","potentialAction":[{"@type":"ReadAction","target":["https:\/\/hikmicro.com.pl\/index.php\/kamera-termowizyjna-hikmicro\/"]}]},{"@type":"BreadcrumbList","@id":"https:\/\/hikmicro.com.pl\/index.php\/kamera-termowizyjna-hikmicro\/#breadcrumb","itemListElement":[{"@type":"ListItem","position":1,"name":"Strona g\u0142\u00f3wna","item":"https:\/\/hikmicro.com.pl\/"},{"@type":"ListItem","position":2,"name":"Kamera termowizyjna HIKMICRO &#8211; Nowoczesne rozwi\u0105zania od HIKVISION"}]},{"@type":"WebSite","@id":"https:\/\/hikmicro.com.pl\/#website","url":"https:\/\/hikmicro.com.pl\/","name":"","description":"","potentialAction":[{"@type":"SearchAction","target":{"@type":"EntryPoint","urlTemplate":"https:\/\/hikmicro.com.pl\/?s={search_term_string}"},"query-input":"required name=search_term_string"}],"inLanguage":"pl-PL"}]}},"_links":{"self":[{"href":"https:\/\/hikmicro.com.pl\/index.php\/wp-json\/wp\/v2\/pages\/1613"}],"collection":[{"href":"https:\/\/hikmicro.com.pl\/index.php\/wp-json\/wp\/v2\/pages"}],"about":[{"href":"https:\/\/hikmicro.com.pl\/index.php\/wp-json\/wp\/v2\/types\/page"}],"author":[{"embeddable":true,"href":"https:\/\/hikmicro.com.pl\/index.php\/wp-json\/wp\/v2\/users\/1"}],"replies":[{"embeddable":true,"href":"https:\/\/hikmicro.com.pl\/index.php\/wp-json\/wp\/v2\/comments?post=1613"}],"version-history":[{"count":14,"href":"https:\/\/hikmicro.com.pl\/index.php\/wp-json\/wp\/v2\/pages\/1613\/revisions"}],"predecessor-version":[{"id":1629,"href":"https:\/\/hikmicro.com.pl\/index.php\/wp-json\/wp\/v2\/pages\/1613\/revisions\/1629"}],"wp:attachment":[{"href":"https:\/\/hikmicro.com.pl\/index.php\/wp-json\/wp\/v2\/media?parent=1613"}],"curies":[{"name":"wp","href":"https:\/\/api.w.org\/{rel}","templated":true}]}}