{"id":1330,"date":"2024-01-26T15:05:51","date_gmt":"2024-01-26T14:05:51","guid":{"rendered":"https:\/\/hikmicro.com.pl\/?page_id=1330"},"modified":"2024-03-27T10:43:09","modified_gmt":"2024-03-27T09:43:09","slug":"seria-g","status":"publish","type":"page","link":"https:\/\/hikmicro.com.pl\/index.php\/seria-g\/","title":{"rendered":"Seria G"},"content":{"rendered":"\n<div\n  class=\"cep__container\"\n  data-cep-style-id=\"713125a7b3e891fdde9b602a130382d6\"\n>\n  <div data-cep-style-id=\"b7f35ad40e17571e96eb52b2c7b42baf\">\n    <div class=\"hik-feature-billboard\">\n      <div\n        class=\"bg-box global-assets-adapter\"\n        data-type=\"img\"\n        style=\"\n          background-image: url('https:\/\/hikmicro.com.pl\/wp-content\/uploads\/2024\/01\/hikmicro_seria_g_foto01.jpg');\n        \"\n      >\n        <div class=\"content-wrap wrap1310\">\n          <div class=\"content-container-billboard p-top-center product c-white\">\n            <div class=\"content-box\">\n              <div class=\"title content\">Seria G<\/div>\n              <div class=\"description content\">\n                Profesjonalna kamera termowizyjna o najwy\u017cszej wydajno\u015bci obrazu\n                i pe\u0142nej analizie\n              <\/div>\n            <\/div>\n          <\/div>\n        <\/div>\n      <\/div>\n    <\/div>\n  <\/div>\n  <div data-cep-style-id=\"12b3bc3c07391995acaeb89533bf68a0\">\n    <div class=\"hik-feature-billboard\">\n      <div\n        class=\"bg-box global-assets-adapter\"\n        data-type=\"img\"\"\n        style=\"\n          background-image: url('https:\/\/hikmicro.com.pl\/wp-content\/uploads\/2024\/01\/hikmicro_seria_g_foto02.jpg');\n        \"\n      >\n        <div class=\"content-wrap wrap1310\">\n          <div class=\"content-container-billboard p-right-center c-white\">\n            <div class=\"content-box\">\n              <div class=\"title content\">Ultra wysoka rozdzielczo\u015b\u0107<\/div>\n              <div class=\"description content\">\n                Wysoce czu\u0142y detektor VOx (NETD &lt; 35 mK)\n                <br \/>o rozdzielczo\u015bci 640 x 512 (327 680 pikseli) IR,\n                <br \/>zapewnia wyra\u017an\u0105 termowizj\u0119 celu.\n                <br \/>\n              <\/div>\n            <\/div>\n          <\/div>\n        <\/div>\n      <\/div>\n    <\/div>\n  <\/div>\n  <div data-cep-style-id=\"0d6cea8761b114945a7d9f4dde208b3d\">\n    <div class=\"hik-feature-billboard\">\n      <div\n        class=\"bg-box global-assets-adapter\"\n        data-type=\"img\"\n        style=\"\n          background-image: url('https:\/\/hikmicro.com.pl\/wp-content\/uploads\/2024\/01\/hikmicro_seria_g_foto03.jpg');\n        \"\n      >\n        <div class=\"content-wrap wrap1310\">\n          <div class=\"content-container-billboard c-white\">\n            <div class=\"content-box\">\n              <div class=\"title content\">Wiele tryb\u00f3w obrazu<\/div>\n              <div class=\"description content\">\n                Tryby Thermal, Fusion, PIP i Optical, pozwalaj\u0105 dopasowa\u0107 si\u0119 do\n                preferencji u\u017cytkownika.\n              <\/div>\n            <\/div>\n          <\/div>\n        <\/div>\n      <\/div>\n    <\/div>\n  <\/div>\n  <div data-cep-style-id=\"99813ac16117e80410d58e2a79461844\">\n    <div class=\"hik-feature-billboard\">\n      <div\n        class=\"bg-box global-assets-adapter\"\n        data-type=\"img\"\n        style=\"\n          background-image: url('https:\/\/hikmicro.com.pl\/wp-content\/uploads\/2024\/01\/hikmicro_seria_g_foto04.jpg');\n        \"\n      >\n        <div class=\"content-wrap wrap1310\">\n          <div class=\"content-container-billboard p-right-center c-white\">\n            <div class=\"content-box\">\n              <div class=\"title content\">\n                Mo\u017cliwo\u015b\u0107 wyboru wielu wymiennych soczewek\n              <\/div>\n              <div class=\"description content\">\n                Do wyboru dost\u0119pne s\u0105 wymienne soczewki 0,5x, 2X, 3,3X.\n                <br \/>R\u00f3\u017cne telekonwertery daj\u0105 r\u00f3\u017cne pole widzenia,\n                <br \/>oferuj\u0105c wi\u0119cej mo\u017cliwo\u015bci wyboru w obliczu wielu\n                scenariuszy.\n                <br \/>\n              <\/div>\n            <\/div>\n          <\/div>\n        <\/div>\n      <\/div>\n    <\/div>\n  <\/div>\n\n  <div data-cep-style-id=\"155490eca4a42ce7bbbccaed5b340f0e\">\n    <div class=\"hik-feature-billboard\">\n      <div\n        class=\"bg-box global-assets-adapter\"\n        data-type=\"img\"\n        style=\"\n          background-image: url('https:\/\/hikmicro.com.pl\/wp-content\/uploads\/2024\/01\/hikmicro_seria_g_foto05.jpg');\n        \"\n      >\n        <div class=\"content-wrap wrap1310\">\n          <div class=\"content-container-billboard c-white\">\n            <div class=\"content-box\">\n              <div class=\"title content\">R\u00f3\u017cne tryby ostro\u015bci<\/div>\n              <div class=\"description content\">\n                Obs\u0142uga 4 tryb\u00f3w ostro\u015bci, aby uzyska\u0107 wyra\u017aniejsze obrazy\n                <br \/>oraz dok\u0142adniejsze pomiary temperatury.\n                <br \/>\n              <\/div>\n            <\/div>\n          <\/div>\n        <\/div>\n      <\/div>\n    <\/div>\n  <\/div>\n  <div data-cep-style-id=\"f36faeb901ed593de87c1f3133e07a4a\">\n    <div class=\"hik-feature-billboard\">\n      <div\n        class=\"bg-box global-assets-adapter\"\n        data-type=\"img\"\n        style=\"\n          background-image: url('https:\/\/hikmicro.com.pl\/wp-content\/uploads\/2024\/01\/hikmicro_seria_g_foto06.jpg');\n        \"\n      >\n        <div class=\"content-wrap wrap1310\">\n          <div class=\"content-container-billboard p-right-center c-white\">\n            <div class=\"content-box\">\n              <div class=\"title content\">Oprogramowanie HIKMICRO Analyzer<\/div>\n              <div class=\"description content\">\n                Za\u0142\u0105czone oprogramowanie oferuje elastyczne sposoby (punkty,\n                linie,\n                <br \/>prostok\u0105ty, ko\u0142a, wielok\u0105ty) do analizy informacji\n                termograficznych <br \/>z uchwyconych zdj\u0119\u0107 i generowania\n                raport\u00f3w.\n                <br \/>\n              <\/div>\n            <\/div>\n          <\/div>\n        <\/div>\n      <\/div>\n    <\/div>\n  <\/div>\n  <div data-cep-style-id=\"586af030521a25ce0d7fadd40af834e4\">\n    <div class=\"hik-feature-billboard\">\n      <div\n        class=\"bg-box global-assets-adapter\"\n        data-type=\"img\"\n        style=\"\n          background-image: url('https:\/\/hikmicro.com.pl\/wp-content\/uploads\/2024\/01\/hikmicro_seria_g_foto07.jpg');\n        \"\n      >\n        <div class=\"content-wrap wrap1310\">\n          <div class=\"content-container-billboard c-white\">\n            <div class=\"content-box\">\n              <div class=\"title content\">Auto-zakres<\/div>\n              <div class=\"description content\">\n                Wysoce czu\u0142y detektor HIKMICRO VOx (NETD &lt; 40 mK)\n                <br \/>zapewnia wyra\u017an\u0105 termowizj\u0119 celu.\n                <br \/>\n              <\/div>\n            <\/div>\n          <\/div>\n        <\/div>\n      <\/div>\n    <\/div>\n  <\/div>\n  <div data-cep-style-id=\"48937033eebed000b39f58ddb7cae214\">\n    <div class=\"hik-feature-billboard\">\n      <div\n        class=\"bg-box global-assets-adapter\"\n        data-type=\"img\"\n        style=\"\n          background-image: url('https:\/\/hikmicro.com.pl\/wp-content\/uploads\/2024\/01\/hikmicro_seria_g_foto08.jpg');\n        \"\n      >\n        <div class=\"content-wrap wrap1310\">\n          <div class=\"content-container-billboard p-right-center c-white\">\n            <div class=\"content-box\">\n              <div class=\"title content\">Wska\u017anik laserowy<\/div>\n              <div class=\"description content\">\n                Wska\u017anik laserowy pomaga pokaza\u0107 po\u0142o\u017cenie punktu centralnego na\n                rzeczywistym obiekcie.\n              <\/div>\n            <\/div>\n          <\/div>\n        <\/div>\n      <\/div>\n    <\/div>\n  <\/div>\n  <div data-cep-style-id=\"1e4efaf4796efdf4838ff64ec234abbc\">\n    <div class=\"hik-feature-billboard\">\n      <div\n        class=\"bg-box global-assets-adapter\"\n        data-type=\"img\"\n        style=\"\n          background-image: url('https:\/\/hikmicro.com.pl\/wp-content\/uploads\/2024\/01\/hikmicro_seria_g_foto09.jpg');\n        \"\n      >\n        <div class=\"content-wrap wrap1310\">\n          <div class=\"content-container-billboard c-white\">\n            <div class=\"content-box\">\n              <div class=\"title content\">\u0141\u0105czno\u015b\u0107 Wi-Fi<\/div>\n              <div class=\"description content\">\n                Po\u0142\u0105cz si\u0119 z urz\u0105dzeniami mobilnymi poprzez wbudowane Wi-Fi, aby\n                szybko\n                <br \/>udost\u0119pnia\u0107 zdj\u0119cia i wideo za pomoc\u0105 aplikacji do\n                przegl\u0105dania HIKMICRO Viewer.\n                <br \/>\n              <\/div>\n            <\/div>\n          <\/div>\n        <\/div>\n      <\/div>\n    <\/div>\n  <\/div>\n  <div data-cep-style-id=\"724a2aa49c3329013f26f0e6783c6e5f\">\n    <div class=\"hik-feature-billboard\">\n      <div\n        class=\"bg-box global-assets-adapter\"\n        data-type=\"img\"\n        style=\"\n          background-image: url('https:\/\/hikmicro.com.pl\/wp-content\/uploads\/2024\/01\/hikmicro_seria_g_foto10.jpg');\n        \"\n      >\n        <div class=\"content-wrap wrap1310\">\n          <div class=\"content-container-billboard p-right-center c-white\">\n            <div class=\"content-box\">\n              <div class=\"title content\">\n                Uzyskaj odpowiedni Poziom i Zasi\u0119g poprzez 1 klikni\u0119cie\n              <\/div>\n              <div class=\"description content\">\n                Umo\u017cliwia skupienie si\u0119 na interesuj\u0105cym nas obszarze obrazu\n                <br \/>poprzez zaw\u0119\u017cenie zakresu za pomoc\u0105 <br \/>jednego\n                klikni\u0119cia ekranu.\n                <br \/>\n              <\/div>\n            <\/div>\n          <\/div>\n        <\/div>\n      <\/div>\n    <\/div>\n  <\/div>\n<\/div>\n\n<style>\n  .wrap1310 {\n    color: white;\n  }\n  @media (max-width: 1370px) {\n    .wrap1310 {\n      margin-right: 30px;\n      margin-left: 30px;\n    }\n  }\n  @media (max-width: 991px) {\n    .wrap1310 {\n      margin-right: 15px;\n      margin-left: 15px;\n    }\n  }\n  .hik-feature-billboard .bg-box {\n    height: 46.875vw;\n    background: center \/ cover no-repeat;\n  }\n  .hik-feature-billboard .content-wrap {\n    height: 100%;\n    max-width: 68.229167vw;\n    margin: 0 auto;\n  }\n  .hik-feature-billboard .content-container-billboard {\n    display: flex;\n    align-items: center;\n    height: 100%;\n    padding: 3.49vw 0;\n  }\n  .hik-feature-billboard .content-container-billboard .content-box {\n    max-width: 41.2214%;\n  }\n  .hik-feature-billboard .content-container-billboard .content-box .title {\n    font-size: 1.6667vw;\n    margin-bottom: 1.25vw;\n    font-weight: 700;\n    max-width: 44.2708vw;\n    margin-left: auto;\n    margin-right: auto;\n  }\n  .hik-feature-billboard\n    .content-container-billboard\n    .content-box\n    .description {\n    font-size: 1.0417vw;\n    margin-bottom: 0.5vw;\n  }\n  @media (max-width: 1152px) {\n    .hik-feature-billboard\n      .content-container-billboard\n      .content-box\n      .description {\n      font-size: 0.625vw;\n    }\n  }\n  .hik-feature-billboard\n    .content-container-billboard\n    .content-box\n    .content:last-child {\n    margin-bottom: 0;\n  }\n  .hik-feature-billboard .content-container-billboard.p-top-center {\n    align-items: flex-start;\n    justify-content: center;\n  }\n  .hik-feature-billboard\n    .content-container-billboard.p-top-center\n    .content-box {\n    text-align: center;\n    width: 57.8334vw;\n    max-width: 100%;\n  }\n  .hik-feature-billboard .content-container-billboard.p-right-center {\n    justify-content: flex-end;\n  }\n  .hik-feature-billboard .content-container-billboard.product {\n    align-items: flex-start;\n    justify-content: center;\n  }\n  .hik-feature-billboard .content-container-billboard.product .content-box {\n    text-align: center;\n    width: 44.2708vw;\n    max-width: 100%;\n  }\n  .hik-feature-billboard\n    .content-container-billboard.product\n    .content-box\n    .title {\n    font-size: 2.9166vw;\n  }\n  .hik-feature-billboard\n    .content-container-billboard.product\n    .content-box\n    .description {\n    font-size: 1.4583vw;\n  }\n  .hik-feature-billboard .content-qa-code {\n    position: absolute;\n    bottom: 7.8vw;\n    font-size: 1.05vw;\n    left: 0;\n  }\n  .hik-feature-billboard .content-qa-code .app-store {\n    display: flex;\n    margin-bottom: 4.4vw;\n    justify-content: space-between;\n  }\n  .hik-feature-billboard .content-qa-code .app-store .app-store-text-pc {\n    width: 12.5vw;\n    text-align: center;\n  }\n  .hik-feature-billboard\n    .content-qa-code\n    .app-store\n    .app-store-text-pc\n    .app-store-version {\n    margin-top: 1vw;\n    text-align: center;\n  }\n  .hik-feature-billboard .content-qa-code .app-store .app-store-text-mobile {\n    display: none;\n  }\n  .hik-feature-billboard .content-qa-code .google-play {\n    display: flex;\n    justify-content: space-between;\n  }\n  .hik-feature-billboard .content-qa-code .google-play .google-play-text-pc {\n    width: 12.5vw;\n    text-align: center;\n  }\n  .hik-feature-billboard\n    .content-qa-code\n    .google-play\n    .google-play-text-pc\n    .google-play-version {\n    margin-top: 1vw;\n    text-align: center;\n  }\n  .hik-feature-billboard\n    .content-qa-code\n    .google-play\n    .google-play-text-mobile {\n    display: none;\n  }\n  @media (max-width: 991px) {\n    .hik-feature-billboard .bg-box {\n      height: 143.466vw;\n    }\n    .hik-feature-billboard .content-wrap {\n      max-width: none;\n      margin-right: 15px;\n      margin-left: 15px;\n    }\n    .hik-feature-billboard .content-container-billboard {\n      padding: 8vw 0;\n      align-items: flex-start;\n    }\n    .hik-feature-billboard .content-container-billboard .content-box {\n      width: 100%;\n      max-width: none;\n      text-align: center;\n    }\n    .hik-feature-billboard .content-container-billboard .content-box .title {\n      font-size: 6.4vw;\n      margin-bottom: 3.2vw;\n      max-width: 100%;\n    }\n    .hik-feature-billboard\n      .content-container-billboard\n      .content-box\n      .description {\n      font-size: 3.733vw;\n      margin-bottom: 0;\n    }\n    .hik-feature-billboard\n      .content-container-billboard\n      .content-box\n      .content:last-child {\n      margin-bottom: 0;\n    }\n    .hik-feature-billboard\n      .content-container-billboard.p-top-center\n      .content-box {\n      width: 100%;\n    }\n    .hik-feature-billboard .content-container-billboard.product .content-box {\n      width: 100%;\n    }\n    .hik-feature-billboard\n      .content-container-billboard.product\n      .content-box\n      .title {\n      font-size: 9.6vw;\n      line-height: 1.27;\n    }\n    .hik-feature-billboard\n      .content-container-billboard.product\n      .content-box\n      .description {\n      font-size: 4.8vw;\n    }\n    .hik-feature-billboard .content-qa-code {\n      font-size: 16px;\n      left: 50%;\n      bottom: 0;\n      top: inherit;\n      transform: translate(-50%, 0);\n      width: 100%;\n    }\n    .hik-feature-billboard .content-qa-code .app-store {\n      display: block;\n      margin-bottom: 0;\n      text-align: center;\n    }\n    .hik-feature-billboard .content-qa-code .app-store .app-store-text-pc {\n      display: none;\n    }\n    .hik-feature-billboard .content-qa-code .app-store .app-store-text-mobile {\n      display: block;\n      width: auto;\n    }\n    .hik-feature-billboard\n      .content-qa-code\n      .app-store\n      .app-store-text-mobile\n      .app-store-version {\n      margin-top: 12px;\n    }\n    .hik-feature-billboard .content-qa-code .google-play {\n      display: block;\n      text-align: center;\n    }\n    .hik-feature-billboard\n      .content-qa-code\n      .google-play\n      .google-play-text-mobile {\n      display: block;\n      width: auto;\n    }\n    .hik-feature-billboard\n      .content-qa-code\n      .google-play\n      .google-play-text-mobile\n      .google-play-version {\n      margin-top: 12px;\n    }\n    .hik-feature-billboard .content-qa-code .google-play .google-play-text-pc {\n      display: none;\n    }\n  }\n<\/style>\n","protected":false},"excerpt":{"rendered":"<p>Seria G Profesjonalna kamera termowizyjna o najwy\u017cszej wydajno\u015bci obrazu i pe\u0142nej analizie<\/p>\n","protected":false},"author":1,"featured_media":0,"parent":0,"menu_order":0,"comment_status":"closed","ping_status":"closed","template":"","meta":{"inline_featured_image":false,"footnotes":""},"yoast_head":"<!-- This site is optimized with the Yoast SEO plugin v22.3 - https:\/\/yoast.com\/wordpress\/plugins\/seo\/ -->\n<title>Seria G - HIKMICRO<\/title>\n<meta name=\"description\" content=\"Profesjonalna kamera termowizyjna o najwy\u017cszej wydajno\u015bci obrazu i pe\u0142nej analizie. Tryby Thermal, Fusion, PIP i Optical, pozwalaj\u0105 dopasowa\u0107 si\u0119 do preferencji u\u017cytkownika.\" \/>\n<meta name=\"robots\" content=\"index, follow, max-snippet:-1, max-image-preview:large, max-video-preview:-1\" \/>\n<link rel=\"canonical\" href=\"https:\/\/hikmicro.com.pl\/index.php\/seria-g\/\" \/>\n<meta property=\"og:locale\" content=\"pl_PL\" \/>\n<meta property=\"og:type\" content=\"article\" \/>\n<meta property=\"og:title\" content=\"Seria G - HIKMICRO\" \/>\n<meta property=\"og:description\" content=\"Profesjonalna kamera termowizyjna o najwy\u017cszej wydajno\u015bci obrazu i pe\u0142nej analizie. Tryby Thermal, Fusion, PIP i Optical, pozwalaj\u0105 dopasowa\u0107 si\u0119 do preferencji u\u017cytkownika.\" \/>\n<meta property=\"og:url\" content=\"https:\/\/hikmicro.com.pl\/index.php\/seria-g\/\" \/>\n<meta property=\"article:modified_time\" content=\"2024-03-27T09:43:09+00:00\" \/>\n<meta name=\"twitter:card\" content=\"summary_large_image\" \/>\n<meta name=\"twitter:label1\" content=\"Szacowany czas czytania\" \/>\n\t<meta name=\"twitter:data1\" content=\"2 minuty\" \/>\n<script type=\"application\/ld+json\" class=\"yoast-schema-graph\">{\"@context\":\"https:\/\/schema.org\",\"@graph\":[{\"@type\":\"WebPage\",\"@id\":\"https:\/\/hikmicro.com.pl\/index.php\/seria-g\/\",\"url\":\"https:\/\/hikmicro.com.pl\/index.php\/seria-g\/\",\"name\":\"Seria G - HIKMICRO\",\"isPartOf\":{\"@id\":\"https:\/\/hikmicro.com.pl\/#website\"},\"datePublished\":\"2024-01-26T14:05:51+00:00\",\"dateModified\":\"2024-03-27T09:43:09+00:00\",\"description\":\"Profesjonalna kamera termowizyjna o najwy\u017cszej wydajno\u015bci obrazu i pe\u0142nej analizie. Tryby Thermal, Fusion, PIP i Optical, pozwalaj\u0105 dopasowa\u0107 si\u0119 do preferencji u\u017cytkownika.\",\"breadcrumb\":{\"@id\":\"https:\/\/hikmicro.com.pl\/index.php\/seria-g\/#breadcrumb\"},\"inLanguage\":\"pl-PL\",\"potentialAction\":[{\"@type\":\"ReadAction\",\"target\":[\"https:\/\/hikmicro.com.pl\/index.php\/seria-g\/\"]}]},{\"@type\":\"BreadcrumbList\",\"@id\":\"https:\/\/hikmicro.com.pl\/index.php\/seria-g\/#breadcrumb\",\"itemListElement\":[{\"@type\":\"ListItem\",\"position\":1,\"name\":\"Strona g\u0142\u00f3wna\",\"item\":\"https:\/\/hikmicro.com.pl\/\"},{\"@type\":\"ListItem\",\"position\":2,\"name\":\"Seria G\"}]},{\"@type\":\"WebSite\",\"@id\":\"https:\/\/hikmicro.com.pl\/#website\",\"url\":\"https:\/\/hikmicro.com.pl\/\",\"name\":\"\",\"description\":\"\",\"potentialAction\":[{\"@type\":\"SearchAction\",\"target\":{\"@type\":\"EntryPoint\",\"urlTemplate\":\"https:\/\/hikmicro.com.pl\/?s={search_term_string}\"},\"query-input\":\"required name=search_term_string\"}],\"inLanguage\":\"pl-PL\"}]}<\/script>\n<!-- \/ Yoast SEO plugin. -->","yoast_head_json":{"title":"Seria G - HIKMICRO","description":"Profesjonalna kamera termowizyjna o najwy\u017cszej wydajno\u015bci obrazu i pe\u0142nej analizie. Tryby Thermal, Fusion, PIP i Optical, pozwalaj\u0105 dopasowa\u0107 si\u0119 do preferencji u\u017cytkownika.","robots":{"index":"index","follow":"follow","max-snippet":"max-snippet:-1","max-image-preview":"max-image-preview:large","max-video-preview":"max-video-preview:-1"},"canonical":"https:\/\/hikmicro.com.pl\/index.php\/seria-g\/","og_locale":"pl_PL","og_type":"article","og_title":"Seria G - HIKMICRO","og_description":"Profesjonalna kamera termowizyjna o najwy\u017cszej wydajno\u015bci obrazu i pe\u0142nej analizie. Tryby Thermal, Fusion, PIP i Optical, pozwalaj\u0105 dopasowa\u0107 si\u0119 do preferencji u\u017cytkownika.","og_url":"https:\/\/hikmicro.com.pl\/index.php\/seria-g\/","article_modified_time":"2024-03-27T09:43:09+00:00","twitter_card":"summary_large_image","twitter_misc":{"Szacowany czas czytania":"2 minuty"},"schema":{"@context":"https:\/\/schema.org","@graph":[{"@type":"WebPage","@id":"https:\/\/hikmicro.com.pl\/index.php\/seria-g\/","url":"https:\/\/hikmicro.com.pl\/index.php\/seria-g\/","name":"Seria G - HIKMICRO","isPartOf":{"@id":"https:\/\/hikmicro.com.pl\/#website"},"datePublished":"2024-01-26T14:05:51+00:00","dateModified":"2024-03-27T09:43:09+00:00","description":"Profesjonalna kamera termowizyjna o najwy\u017cszej wydajno\u015bci obrazu i pe\u0142nej analizie. Tryby Thermal, Fusion, PIP i Optical, pozwalaj\u0105 dopasowa\u0107 si\u0119 do preferencji u\u017cytkownika.","breadcrumb":{"@id":"https:\/\/hikmicro.com.pl\/index.php\/seria-g\/#breadcrumb"},"inLanguage":"pl-PL","potentialAction":[{"@type":"ReadAction","target":["https:\/\/hikmicro.com.pl\/index.php\/seria-g\/"]}]},{"@type":"BreadcrumbList","@id":"https:\/\/hikmicro.com.pl\/index.php\/seria-g\/#breadcrumb","itemListElement":[{"@type":"ListItem","position":1,"name":"Strona g\u0142\u00f3wna","item":"https:\/\/hikmicro.com.pl\/"},{"@type":"ListItem","position":2,"name":"Seria G"}]},{"@type":"WebSite","@id":"https:\/\/hikmicro.com.pl\/#website","url":"https:\/\/hikmicro.com.pl\/","name":"","description":"","potentialAction":[{"@type":"SearchAction","target":{"@type":"EntryPoint","urlTemplate":"https:\/\/hikmicro.com.pl\/?s={search_term_string}"},"query-input":"required name=search_term_string"}],"inLanguage":"pl-PL"}]}},"_links":{"self":[{"href":"https:\/\/hikmicro.com.pl\/index.php\/wp-json\/wp\/v2\/pages\/1330"}],"collection":[{"href":"https:\/\/hikmicro.com.pl\/index.php\/wp-json\/wp\/v2\/pages"}],"about":[{"href":"https:\/\/hikmicro.com.pl\/index.php\/wp-json\/wp\/v2\/types\/page"}],"author":[{"embeddable":true,"href":"https:\/\/hikmicro.com.pl\/index.php\/wp-json\/wp\/v2\/users\/1"}],"replies":[{"embeddable":true,"href":"https:\/\/hikmicro.com.pl\/index.php\/wp-json\/wp\/v2\/comments?post=1330"}],"version-history":[{"count":2,"href":"https:\/\/hikmicro.com.pl\/index.php\/wp-json\/wp\/v2\/pages\/1330\/revisions"}],"predecessor-version":[{"id":1332,"href":"https:\/\/hikmicro.com.pl\/index.php\/wp-json\/wp\/v2\/pages\/1330\/revisions\/1332"}],"wp:attachment":[{"href":"https:\/\/hikmicro.com.pl\/index.php\/wp-json\/wp\/v2\/media?parent=1330"}],"curies":[{"name":"wp","href":"https:\/\/api.w.org\/{rel}","templated":true}]}}