{"id":1315,"date":"2024-01-26T14:32:11","date_gmt":"2024-01-26T13:32:11","guid":{"rendered":"https:\/\/hikmicro.com.pl\/?page_id=1315"},"modified":"2024-03-27T10:27:07","modified_gmt":"2024-03-27T09:27:07","slug":"seria-b","status":"publish","type":"page","link":"https:\/\/hikmicro.com.pl\/index.php\/seria-b\/","title":{"rendered":"Seria B"},"content":{"rendered":"\n<div\n  class=\"cep__container\"\n  data-cep-style-id=\"713125a7b3e891fdde9b602a130382d6\"\n>\n  <div data-cep-style-id=\"b7f35ad40e17571e96eb52b2c7b42baf\">\n    <div class=\"hik-feature-billboard\">\n      <div\n        class=\"bg-box global-assets-adapter\"\n        data-type=\"img\"\n        style=\"\n          background-image: url('https:\/\/hikmicro.com.pl\/wp-content\/uploads\/2024\/01\/hikmicro_seria_b_foto01.jpg');\n        \"\n      >\n        <div class=\"content-wrap wrap1310\">\n          <div class=\"content-container-billboard p-top-center product c-white\">\n            <div class=\"content-box\">\n              <div class=\"title content\">SERIA B<\/div>\n              <div class=\"description content\">\n                Kompaktowa, \u0142atwa w obs\u0142udze kamera termowizyjna do codziennej\n                pracy\n              <\/div>\n            <\/div>\n          <\/div>\n        <\/div>\n      <\/div>\n    <\/div>\n  <\/div>\n  <div data-cep-style-id=\"12b3bc3c07391995acaeb89533bf68a0\">\n    <div class=\"hik-feature-billboard\">\n      <div\n        class=\"bg-box global-assets-adapter\"\n        data-type=\"img\"\n        style=\"\n          background-image: url('https:\/\/hikmicro.com.pl\/wp-content\/uploads\/2024\/01\/hikmicro_seria_b_foto02.jpg');\n        \"\n      >\n        <div class=\"content-wrap wrap1310\">\n          <div class=\"content-container-billboard c-white\">\n            <div class=\"content-box\">\n              <div class=\"title content\">\n                Zwi\u0119kszona przejrzysto\u015b\u0107 termiczna dzi\u0119ki technologii SuperIR\n              <\/div>\n              <div class=\"description content\">\n                Wyposa\u017cony w technologi\u0119 poprawy obrazu HIKMICRO SuperIR,\n                zwi\u0119ksza rozdzielczo\u015b\u0107 przechwyconych obraz\u00f3w termicznych do 320\n                x 240 (76800 pikseli) (Wy\u0142\u0105cznie B20, B11, B21L, po aktualizacji\n                wersji oprogramowania V5.5.50)\n              <\/div>\n            <\/div>\n          <\/div>\n        <\/div>\n      <\/div>\n    <\/div>\n  <\/div>\n  <div data-cep-style-id=\"0d6cea8761b114945a7d9f4dde208b3d\">\n    <div class=\"hik-feature-billboard\">\n      <div\n        class=\"bg-box global-assets-adapter\"\n        data-type=\"img\"\n        style=\"\n          background-image: url('https:\/\/hikmicro.com.pl\/wp-content\/uploads\/2024\/01\/hikmicro_seria_b_foto03.jpg');\n        \"\n      >\n        <div class=\"content-wrap wrap1310\">\n          <div class=\"content-container-billboard p-right-center c-white\">\n            <div class=\"content-box\">\n              <div class=\"title content\">Wysoka jako\u015b\u0107 obrazu<\/div>\n              <div class=\"description content\">\n                Produkt cechuje si\u0119 detektorem VOx o wysokiej czu\u0142o\u015bci (czu\u0142o\u015b\u0107\n                termiczna poni\u017cej 40 mK) wraz ze zoptymalizowanymi algorytmami\n                poprawy obrazu tak, aby zapewni\u0107 wyra\u017ane obrazy termiczne.\n              <\/div>\n            <\/div>\n          <\/div>\n        <\/div>\n      <\/div>\n    <\/div>\n  <\/div>\n  <div data-cep-style-id=\"99813ac16117e80410d58e2a79461844\">\n    <div class=\"hik-feature-billboard\">\n      <div\n        class=\"bg-box global-assets-adapter\"\n        data-type=\"img\"\n        style=\"\n          background-image: url('https:\/\/hikmicro.com.pl\/wp-content\/uploads\/2024\/01\/hikmicro_seria_b_foto04.jpg');\n        \"\n      >\n        <div class=\"content-wrap wrap1310\">\n          <div class=\"content-container-billboard c-white\">\n            <div class=\"content-box\">\n              <div class=\"title content\">4 tryby obrazu<\/div>\n              <div class=\"description content\">\n                Tryby Thermal, Fusion, PIP i Optical, zapewniaj\u0105ce dostosowanie\n                do preferowanego widoku. (Wy\u0142\u0105cznie B11 i B20)\n              <\/div>\n            <\/div>\n          <\/div>\n        <\/div>\n      <\/div>\n    <\/div>\n  <\/div>\n  <div data-cep-style-id=\"3c97aee3b4350f13212bae4143fb5b3a\">\n    <div class=\"hik-feature-billboard\">\n      <div\n        class=\"bg-box global-assets-adapter\"\n        data-type=\"img\"\n        style=\"\n          background-image: url('https:\/\/hikmicro.com.pl\/wp-content\/uploads\/2024\/01\/hikmicro_seria_b_foto05.jpg');\n        \"\n      >\n        <div class=\"content-wrap wrap1310\">\n          <div class=\"content-container-billboard p-right-center c-white\">\n            <div class=\"content-box\">\n              <div class=\"title content\">\n                Precyzyjny i szeroki pomiar temperatury na pe\u0142nym ekranie\n              <\/div>\n              <div class=\"description content\">\n                Obs\u0142uguje wykonywanie pe\u0142noekranowych zdj\u0119\u0107 radiometrycznych i\n                automatycznie \u015bledzi maks.\/min.\/\u015brodkowe punkty, aby na pierwszy\n                rzut oka wskaza\u0107 anomalie temperatury. Produkt wykonuje dok\u0142adne\n                pomiary temperatury w zakresie od -20\u00b0C do 550\u00b0C (od -4\u00b0F do\n                1022\u00b0F), z dok\u0142adno\u015bci\u0105 temperatury wynosz\u0105cej do \u00b12\u00b0C (\u00b13.6\u00b0F)\n                lub \u00b12% odczytu.\n              <\/div>\n            <\/div>\n          <\/div>\n        <\/div>\n      <\/div>\n    <\/div>\n  <\/div>\n  <div data-cep-style-id=\"34512e4acc2971d7cd98619fe9a8710a\">\n    <div class=\"hik-feature-billboard\">\n      <div\n        class=\"bg-box global-assets-adapter\"\n        data-type=\"img\"\n        style=\"\n          background-image: url('https:\/\/hikmicro.com.pl\/wp-content\/uploads\/2024\/01\/hikmicro_seria_b_foto06.jpg');\n        \"\n      >\n        <div class=\"content-wrap wrap1310\">\n          <div class=\"content-container-billboard c-white\">\n            <div class=\"content-box\">\n              <div class=\"title content\">\u0141\u0105czno\u015b\u0107 Wi-Fi<\/div>\n              <div class=\"description content\">\n                Po\u0142\u0105cz si\u0119 z urz\u0105dzeniami mobilnymi za pomoc\u0105 wbudowanego Wi-Fi\n                i aplikacji HIKMICRO\n                <br \/>Viewer, aby szybko udost\u0119pnia\u0107 swoje obrazy.\n                <br \/>\n              <\/div>\n            <\/div>\n          <\/div>\n        <\/div>\n      <\/div>\n    <\/div>\n  <\/div>\n  <div data-cep-style-id=\"155490eca4a42ce7bbbccaed5b340f0e\">\n    <div class=\"hik-feature-billboard\">\n      <div\n        class=\"bg-box global-assets-adapter\"\n        data-type=\"img\"\n        style=\"\n          background-image: url('https:\/\/hikmicro.com.pl\/wp-content\/uploads\/2024\/01\/hikmicro_seria_b_foto07.jpg');\n        \"\n      >\n        <div class=\"content-wrap wrap1310\">\n          <div class=\"content-container-billboard p-right-center c-white\">\n            <div class=\"content-box\">\n              <div class=\"title content\">Innowacyjny tryb Makro<\/div>\n              <div class=\"description content\">\n                Dzi\u0119ki nak\u0142adce soczewkowej makro, kamery serii B widz\u0105\n                szczeg\u00f3\u0142y tak ma\u0142e jak 500 mikron\u00f3w i pozwalaj\u0105 na dokonywanie\n                dok\u0142adnych odczyt\u00f3w temperatury na ma\u0142ych obiektach, takich jak\n                komponenty na p\u0142ytkach PCB lub podzespo\u0142ach.\n              <\/div>\n            <\/div>\n          <\/div>\n        <\/div>\n      <\/div>\n    <\/div>\n  <\/div>\n  <div data-cep-style-id=\"f36faeb901ed593de87c1f3133e07a4a\">\n    <div class=\"hik-feature-billboard\">\n      <div\n        class=\"bg-box global-assets-adapter\"\n        data-type=\"img\"\n        style=\"\n          background-image: url('https:\/\/hikmicro.com.pl\/wp-content\/uploads\/2024\/01\/hikmicro_seria_b_foto08.jpg');\n        \"\n      >\n        <div class=\"content-wrap wrap1310\">\n          <div class=\"content-container-billboard c-white\">\n            <div class=\"content-box\">\n              <div class=\"title content\">Alarm wysokiej temperatury<\/div>\n              <div class=\"description content\">\n                Wbudowany g\u0142o\u015bnik i lampa b\u0142yskowa daj\u0105 operatorowi d\u017awi\u0119kowe i\n                wizualne ostrze\u017cenia o wysokiej temperaturze.\n                <br \/>\n              <\/div>\n            <\/div>\n          <\/div>\n        <\/div>\n      <\/div>\n    <\/div>\n  <\/div>\n  <div data-cep-style-id=\"586af030521a25ce0d7fadd40af834e4\">\n    <div class=\"hik-feature-billboard\">\n      <div\n        class=\"bg-box global-assets-adapter\"\n        data-type=\"img\"\n        style=\"\n          background-image: url('https:\/\/hikmicro.com.pl\/wp-content\/uploads\/2024\/01\/hikmicro_seria_b_foto09.jpg');\n        \"\n      >\n        <div class=\"content-wrap wrap1310\">\n          <div class=\"content-container-billboard p-right-center c-white\">\n            <div class=\"content-box\">\n              <div class=\"title content\">Szybka cz\u0119stotliwo\u015b\u0107 obrazu<\/div>\n              <div class=\"description content\">\n                25 Hz zapewnia p\u0142ynny obraz wideo podczas przesuwania po scenach\n                lub ogl\u0105dania ruchomych cel\u00f3w.\n                <br \/>\n              <\/div>\n            <\/div>\n          <\/div>\n        <\/div>\n      <\/div>\n    <\/div>\n  <\/div>\n  <div data-cep-style-id=\"48937033eebed000b39f58ddb7cae214\">\n    <div class=\"hik-feature-billboard\">\n      <div\n        class=\"bg-box global-assets-adapter\"\n        data-type=\"img\"\n        style=\"\n          background-image: url('https:\/\/hikmicro.com.pl\/wp-content\/uploads\/2024\/01\/hikmicro_seria_b_foto10.jpg');\n        \"\n      >\n        <div class=\"content-wrap wrap1310\">\n          <div class=\"content-container-billboard c-white\">\n            <div class=\"content-box\">\n              <div class=\"title content\">\n                Kolorowy wy\u015bwietlacz LCD o przek\u0105tnej 3,2 cala\n              <\/div>\n              <div class=\"description content\">\n                Wy\u015bwietlacz LCD o przek\u0105tnej 3,2 cala posiada o 75% wi\u0119kszy\n                ekran ni\u017c inne produkty w tej samej kategorii.\n              <\/div>\n            <\/div>\n          <\/div>\n        <\/div>\n      <\/div>\n    <\/div>\n  <\/div>\n  <div data-cep-style-id=\"1e4efaf4796efdf4838ff64ec234abbc\">\n    <div class=\"hik-feature-billboard\">\n      <div\n        class=\"bg-box global-assets-adapter\"\n        data-type=\"img\"\n        style=\"\n          background-image: url('https:\/\/hikmicro.com.pl\/wp-content\/uploads\/2024\/01\/hikmicro_seria_b_foto11.jpg');\n        \"\n      >\n        <div class=\"content-wrap wrap1310\">\n          <div class=\"content-container-billboard p-right-center c-white\">\n            <div class=\"content-box\">\n              <div class=\"title content\">Oprogramowanie HIKMICRO Analyzer<\/div>\n              <div class=\"description content\">\n                Za\u0142\u0105czone oprogramowanie oferuje elastyczne sposoby (punkty,\n                linie, prostok\u0105ty, ko\u0142a, wielok\u0105ty) analizowania informacji\n                termowizyjnych z przechwyconych zdj\u0119\u0107 i generowania raport\u00f3w.\n              <\/div>\n            <\/div>\n          <\/div>\n        <\/div>\n      <\/div>\n    <\/div>\n  <\/div>\n<\/div>\n\n<style>\n  .wrap1310 {\n    color: white;\n  }\n  @media (max-width: 1370px) {\n    .wrap1310 {\n      margin-right: 30px;\n      margin-left: 30px;\n    }\n  }\n  @media (max-width: 991px) {\n    .wrap1310 {\n      margin-right: 15px;\n      margin-left: 15px;\n    }\n  }\n  .hik-feature-billboard .bg-box {\n    height: 46.875vw;\n    background: center \/ cover no-repeat;\n  }\n  .hik-feature-billboard .content-wrap {\n    height: 100%;\n    max-width: 68.229167vw;\n    margin: 0 auto;\n  }\n  .hik-feature-billboard .content-container-billboard {\n    display: flex;\n    align-items: center;\n    height: 100%;\n    padding: 3.49vw 0;\n  }\n  .hik-feature-billboard .content-container-billboard .content-box {\n    max-width: 41.2214%;\n  }\n  .hik-feature-billboard .content-container-billboard .content-box .title {\n    font-size: 1.6667vw;\n    margin-bottom: 1.25vw;\n    font-weight: 700;\n    max-width: 44.2708vw;\n    margin-left: auto;\n    margin-right: auto;\n  }\n  .hik-feature-billboard\n    .content-container-billboard\n    .content-box\n    .description {\n    font-size: 1.0417vw;\n    margin-bottom: 0.5vw;\n  }\n  @media (max-width: 1152px) {\n    .hik-feature-billboard\n      .content-container-billboard\n      .content-box\n      .description {\n      font-size: 0.625vw;\n    }\n  }\n  .hik-feature-billboard\n    .content-container-billboard\n    .content-box\n    .content:last-child {\n    margin-bottom: 0;\n  }\n  .hik-feature-billboard .content-container-billboard.p-top-center {\n    align-items: flex-start;\n    justify-content: center;\n  }\n  .hik-feature-billboard\n    .content-container-billboard.p-top-center\n    .content-box {\n    text-align: center;\n    width: 57.8334vw;\n    max-width: 100%;\n  }\n  .hik-feature-billboard .content-container-billboard.p-right-center {\n    justify-content: flex-end;\n  }\n  .hik-feature-billboard .content-container-billboard.product {\n    align-items: flex-start;\n    justify-content: center;\n  }\n  .hik-feature-billboard .content-container-billboard.product .content-box {\n    text-align: center;\n    width: 44.2708vw;\n    max-width: 100%;\n  }\n  .hik-feature-billboard\n    .content-container-billboard.product\n    .content-box\n    .title {\n    font-size: 2.9166vw;\n  }\n  .hik-feature-billboard\n    .content-container-billboard.product\n    .content-box\n    .description {\n    font-size: 1.4583vw;\n  }\n  .hik-feature-billboard .content-qa-code {\n    position: absolute;\n    bottom: 7.8vw;\n    font-size: 1.05vw;\n    left: 0;\n  }\n  .hik-feature-billboard .content-qa-code .app-store {\n    display: flex;\n    margin-bottom: 4.4vw;\n    justify-content: space-between;\n  }\n  .hik-feature-billboard .content-qa-code .app-store .app-store-text-pc {\n    width: 12.5vw;\n    text-align: center;\n  }\n  .hik-feature-billboard\n    .content-qa-code\n    .app-store\n    .app-store-text-pc\n    .app-store-version {\n    margin-top: 1vw;\n    text-align: center;\n  }\n  .hik-feature-billboard .content-qa-code .app-store .app-store-text-mobile {\n    display: none;\n  }\n  .hik-feature-billboard .content-qa-code .google-play {\n    display: flex;\n    justify-content: space-between;\n  }\n  .hik-feature-billboard .content-qa-code .google-play .google-play-text-pc {\n    width: 12.5vw;\n    text-align: center;\n  }\n  .hik-feature-billboard\n    .content-qa-code\n    .google-play\n    .google-play-text-pc\n    .google-play-version {\n    margin-top: 1vw;\n    text-align: center;\n  }\n  .hik-feature-billboard\n    .content-qa-code\n    .google-play\n    .google-play-text-mobile {\n    display: none;\n  }\n  @media (max-width: 991px) {\n    .hik-feature-billboard .bg-box {\n      height: 143.466vw;\n    }\n    .hik-feature-billboard .content-wrap {\n      max-width: none;\n      margin-right: 15px;\n      margin-left: 15px;\n    }\n    .hik-feature-billboard .content-container-billboard {\n      padding: 8vw 0;\n      align-items: flex-start;\n    }\n    .hik-feature-billboard .content-container-billboard .content-box {\n      width: 100%;\n      max-width: none;\n      text-align: center;\n    }\n    .hik-feature-billboard .content-container-billboard .content-box .title {\n      font-size: 6.4vw;\n      margin-bottom: 3.2vw;\n      max-width: 100%;\n    }\n    .hik-feature-billboard\n      .content-container-billboard\n      .content-box\n      .description {\n      font-size: 3.733vw;\n      margin-bottom: 0;\n    }\n    .hik-feature-billboard\n      .content-container-billboard\n      .content-box\n      .content:last-child {\n      margin-bottom: 0;\n    }\n    .hik-feature-billboard\n      .content-container-billboard.p-top-center\n      .content-box {\n      width: 100%;\n    }\n    .hik-feature-billboard .content-container-billboard.product .content-box {\n      width: 100%;\n    }\n    .hik-feature-billboard\n      .content-container-billboard.product\n      .content-box\n      .title {\n      font-size: 9.6vw;\n      line-height: 1.27;\n    }\n    .hik-feature-billboard\n      .content-container-billboard.product\n      .content-box\n      .description {\n      font-size: 4.8vw;\n    }\n    .hik-feature-billboard .content-qa-code {\n      font-size: 16px;\n      left: 50%;\n      bottom: 0;\n      top: inherit;\n      transform: translate(-50%, 0);\n      width: 100%;\n    }\n    .hik-feature-billboard .content-qa-code .app-store {\n      display: block;\n      margin-bottom: 0;\n      text-align: center;\n    }\n    .hik-feature-billboard .content-qa-code .app-store .app-store-text-pc {\n      display: none;\n    }\n    .hik-feature-billboard .content-qa-code .app-store .app-store-text-mobile {\n      display: block;\n      width: auto;\n    }\n    .hik-feature-billboard\n      .content-qa-code\n      .app-store\n      .app-store-text-mobile\n      .app-store-version {\n      margin-top: 12px;\n    }\n    .hik-feature-billboard .content-qa-code .google-play {\n      display: block;\n      text-align: center;\n    }\n    .hik-feature-billboard\n      .content-qa-code\n      .google-play\n      .google-play-text-mobile {\n      display: block;\n      width: auto;\n    }\n    .hik-feature-billboard\n      .content-qa-code\n      .google-play\n      .google-play-text-mobile\n      .google-play-version {\n      margin-top: 12px;\n    }\n    .hik-feature-billboard .content-qa-code .google-play .google-play-text-pc {\n      display: none;\n    }\n  }\n<\/style>\n","protected":false},"excerpt":{"rendered":"<p>SERIA B Kompaktowa, \u0142atwa w obs\u0142udze kamera termowizyjna do codziennej pracy Zwi\u0119kszona przejrzysto\u015b\u0107 termiczna dzi\u0119ki technologii SuperIR Wyposa\u017cony w technologi\u0119 poprawy obrazu HIKMICRO SuperIR, zwi\u0119ksza rozdzielczo\u015b\u0107 przechwyconych obraz\u00f3w termicznych do 320 x 240 (76800 pikseli) (Wy\u0142\u0105cznie B20, B11, B21L, po aktualizacji wersji oprogramowania V5.5.50) Wysoka jako\u015b\u0107 obrazu Produkt cechuje si\u0119&#8230;<\/p>\n","protected":false},"author":1,"featured_media":0,"parent":0,"menu_order":0,"comment_status":"closed","ping_status":"closed","template":"","meta":{"inline_featured_image":false,"footnotes":""},"yoast_head":"<!-- This site is optimized with the Yoast SEO plugin v22.3 - https:\/\/yoast.com\/wordpress\/plugins\/seo\/ -->\n<title>Seria B - HIKMICRO<\/title>\n<meta name=\"description\" content=\"Kompaktowa, \u0142atwa w obs\u0142udze kamera termowizyjna do codziennej pracy.\" \/>\n<meta name=\"robots\" content=\"index, follow, max-snippet:-1, max-image-preview:large, max-video-preview:-1\" \/>\n<link rel=\"canonical\" href=\"https:\/\/hikmicro.com.pl\/index.php\/seria-b\/\" \/>\n<meta property=\"og:locale\" content=\"pl_PL\" \/>\n<meta property=\"og:type\" content=\"article\" \/>\n<meta property=\"og:title\" content=\"Seria B - HIKMICRO\" \/>\n<meta property=\"og:description\" content=\"Kompaktowa, \u0142atwa w obs\u0142udze kamera termowizyjna do codziennej pracy.\" \/>\n<meta property=\"og:url\" content=\"https:\/\/hikmicro.com.pl\/index.php\/seria-b\/\" \/>\n<meta property=\"article:modified_time\" content=\"2024-03-27T09:27:07+00:00\" \/>\n<meta name=\"twitter:card\" content=\"summary_large_image\" \/>\n<meta name=\"twitter:label1\" content=\"Szacowany czas czytania\" \/>\n\t<meta name=\"twitter:data1\" content=\"2 minuty\" \/>\n<script type=\"application\/ld+json\" class=\"yoast-schema-graph\">{\"@context\":\"https:\/\/schema.org\",\"@graph\":[{\"@type\":\"WebPage\",\"@id\":\"https:\/\/hikmicro.com.pl\/index.php\/seria-b\/\",\"url\":\"https:\/\/hikmicro.com.pl\/index.php\/seria-b\/\",\"name\":\"Seria B - HIKMICRO\",\"isPartOf\":{\"@id\":\"https:\/\/hikmicro.com.pl\/#website\"},\"datePublished\":\"2024-01-26T13:32:11+00:00\",\"dateModified\":\"2024-03-27T09:27:07+00:00\",\"description\":\"Kompaktowa, \u0142atwa w obs\u0142udze kamera termowizyjna do codziennej pracy.\",\"breadcrumb\":{\"@id\":\"https:\/\/hikmicro.com.pl\/index.php\/seria-b\/#breadcrumb\"},\"inLanguage\":\"pl-PL\",\"potentialAction\":[{\"@type\":\"ReadAction\",\"target\":[\"https:\/\/hikmicro.com.pl\/index.php\/seria-b\/\"]}]},{\"@type\":\"BreadcrumbList\",\"@id\":\"https:\/\/hikmicro.com.pl\/index.php\/seria-b\/#breadcrumb\",\"itemListElement\":[{\"@type\":\"ListItem\",\"position\":1,\"name\":\"Strona g\u0142\u00f3wna\",\"item\":\"https:\/\/hikmicro.com.pl\/\"},{\"@type\":\"ListItem\",\"position\":2,\"name\":\"Seria B\"}]},{\"@type\":\"WebSite\",\"@id\":\"https:\/\/hikmicro.com.pl\/#website\",\"url\":\"https:\/\/hikmicro.com.pl\/\",\"name\":\"\",\"description\":\"\",\"potentialAction\":[{\"@type\":\"SearchAction\",\"target\":{\"@type\":\"EntryPoint\",\"urlTemplate\":\"https:\/\/hikmicro.com.pl\/?s={search_term_string}\"},\"query-input\":\"required name=search_term_string\"}],\"inLanguage\":\"pl-PL\"}]}<\/script>\n<!-- \/ Yoast SEO plugin. -->","yoast_head_json":{"title":"Seria B - HIKMICRO","description":"Kompaktowa, \u0142atwa w obs\u0142udze kamera termowizyjna do codziennej pracy.","robots":{"index":"index","follow":"follow","max-snippet":"max-snippet:-1","max-image-preview":"max-image-preview:large","max-video-preview":"max-video-preview:-1"},"canonical":"https:\/\/hikmicro.com.pl\/index.php\/seria-b\/","og_locale":"pl_PL","og_type":"article","og_title":"Seria B - HIKMICRO","og_description":"Kompaktowa, \u0142atwa w obs\u0142udze kamera termowizyjna do codziennej pracy.","og_url":"https:\/\/hikmicro.com.pl\/index.php\/seria-b\/","article_modified_time":"2024-03-27T09:27:07+00:00","twitter_card":"summary_large_image","twitter_misc":{"Szacowany czas czytania":"2 minuty"},"schema":{"@context":"https:\/\/schema.org","@graph":[{"@type":"WebPage","@id":"https:\/\/hikmicro.com.pl\/index.php\/seria-b\/","url":"https:\/\/hikmicro.com.pl\/index.php\/seria-b\/","name":"Seria B - HIKMICRO","isPartOf":{"@id":"https:\/\/hikmicro.com.pl\/#website"},"datePublished":"2024-01-26T13:32:11+00:00","dateModified":"2024-03-27T09:27:07+00:00","description":"Kompaktowa, \u0142atwa w obs\u0142udze kamera termowizyjna do codziennej pracy.","breadcrumb":{"@id":"https:\/\/hikmicro.com.pl\/index.php\/seria-b\/#breadcrumb"},"inLanguage":"pl-PL","potentialAction":[{"@type":"ReadAction","target":["https:\/\/hikmicro.com.pl\/index.php\/seria-b\/"]}]},{"@type":"BreadcrumbList","@id":"https:\/\/hikmicro.com.pl\/index.php\/seria-b\/#breadcrumb","itemListElement":[{"@type":"ListItem","position":1,"name":"Strona g\u0142\u00f3wna","item":"https:\/\/hikmicro.com.pl\/"},{"@type":"ListItem","position":2,"name":"Seria B"}]},{"@type":"WebSite","@id":"https:\/\/hikmicro.com.pl\/#website","url":"https:\/\/hikmicro.com.pl\/","name":"","description":"","potentialAction":[{"@type":"SearchAction","target":{"@type":"EntryPoint","urlTemplate":"https:\/\/hikmicro.com.pl\/?s={search_term_string}"},"query-input":"required name=search_term_string"}],"inLanguage":"pl-PL"}]}},"_links":{"self":[{"href":"https:\/\/hikmicro.com.pl\/index.php\/wp-json\/wp\/v2\/pages\/1315"}],"collection":[{"href":"https:\/\/hikmicro.com.pl\/index.php\/wp-json\/wp\/v2\/pages"}],"about":[{"href":"https:\/\/hikmicro.com.pl\/index.php\/wp-json\/wp\/v2\/types\/page"}],"author":[{"embeddable":true,"href":"https:\/\/hikmicro.com.pl\/index.php\/wp-json\/wp\/v2\/users\/1"}],"replies":[{"embeddable":true,"href":"https:\/\/hikmicro.com.pl\/index.php\/wp-json\/wp\/v2\/comments?post=1315"}],"version-history":[{"count":2,"href":"https:\/\/hikmicro.com.pl\/index.php\/wp-json\/wp\/v2\/pages\/1315\/revisions"}],"predecessor-version":[{"id":1317,"href":"https:\/\/hikmicro.com.pl\/index.php\/wp-json\/wp\/v2\/pages\/1315\/revisions\/1317"}],"wp:attachment":[{"href":"https:\/\/hikmicro.com.pl\/index.php\/wp-json\/wp\/v2\/media?parent=1315"}],"curies":[{"name":"wp","href":"https:\/\/api.w.org\/{rel}","templated":true}]}}