{"id":1297,"date":"2024-01-26T14:06:11","date_gmt":"2024-01-26T13:06:11","guid":{"rendered":"https:\/\/hikmicro.com.pl\/?page_id=1297"},"modified":"2024-04-05T11:09:53","modified_gmt":"2024-04-05T09:09:53","slug":"seria-e","status":"publish","type":"page","link":"https:\/\/hikmicro.com.pl\/index.php\/seria-e\/","title":{"rendered":"Seria E"},"content":{"rendered":"\n<div\n  class=\"cep__container\"\n  data-cep-style-id=\"713125a7b3e891fdde9b602a130382d6\"\n>\n  <div data-cep-style-id=\"b7f35ad40e17571e96eb52b2c7b42baf\">\n    <div class=\"hik-feature-billboard\">\n      <div\n        class=\"bg-box global-assets-adapter\"\n        data-type=\"img\"\n        style=\"\n          background-image: url('https:\/\/hikmicro.com.pl\/wp-content\/uploads\/2024\/01\/hikmicro_seria_e_foto1.jpg');\n        \"\n      >\n        <div class=\"content-wrap wrap1310\">\n          <div class=\"content-container-billboard p-top-center product c-white\">\n            <div class=\"content-box\">\n              <div class=\"title content\">SERIA E<\/div>\n              <div class=\"description content\">\n                Kompaktowa, \u0142atwa w obs\u0142udze kamera termowizyjna do codziennej\n                pracy\n              <\/div>\n            <\/div>\n          <\/div>\n        <\/div>\n      <\/div>\n    <\/div>\n  <\/div>\n  <div data-cep-style-id=\"12b3bc3c07391995acaeb89533bf68a0\">\n    <div class=\"hik-feature-billboard\">\n      <div\n        class=\"bg-box global-assets-adapter\"\n        data-type=\"img\"\n        style=\"\n          background-image: url('https:\/\/hikmicro.com.pl\/wp-content\/uploads\/2024\/01\/hikmicro_seria_e_foto2.jpg');\n        \"\n      >\n        <div class=\"content-wrap wrap1310\">\n          <div class=\"content-container-billboard c-white\">\n            <div class=\"content-box\">\n              <div class=\"title content\">Wysoka jako\u015b\u0107 obrazu<\/div>\n              <div class=\"description content\">\n                Wysoce czu\u0142y detektor VOx (NETD &lt; 40 mK)\n                <br \/>zapewnia wyra\u017an\u0105 termowizj\u0119 celu.\n                <br \/>\n              <\/div>\n            <\/div>\n          <\/div>\n        <\/div>\n      <\/div>\n    <\/div>\n  <\/div>\n  <div data-cep-style-id=\"0d6cea8761b114945a7d9f4dde208b3d\">\n    <div class=\"hik-feature-billboard\">\n      <div\n        class=\"bg-box global-assets-adapter\"\n        data-type=\"img\"\n        style=\"\n          background-image: url('https:\/\/hikmicro.com.pl\/wp-content\/uploads\/2024\/01\/hikmicro_seria_e_foto3.jpg');\n        \"\n      >\n        <div class=\"content-wrap wrap1310\">\n          <div class=\"content-container-billboard p-right-center c-white\">\n            <div class=\"content-box\">\n              <div class=\"title content\">Wytrzyma\u0142a i trwa\u0142a konstrukcja<\/div>\n              <div class=\"description content\">\n                Stopie\u0144 ochrony IP54 dla zabezpieczenia przed wod\u0105 i py\u0142em.\n                G\u0142\u00f3wne cechy\n                <br \/>Zabezpieczenie przed upadkiem z 2-metr\u00f3w (6,6 st\u00f3p),\n                odpowiednie do u\u017cytku przemys\u0142owego.\n                <br \/>\n              <\/div>\n            <\/div>\n          <\/div>\n        <\/div>\n      <\/div>\n    <\/div>\n  <\/div>\n  <div data-cep-style-id=\"99813ac16117e80410d58e2a79461844\">\n    <div class=\"hik-feature-billboard\">\n      <div\n        class=\"bg-box global-assets-adapter\"\n        data-type=\"img\"\n        style=\"\n          background-image: url('https:\/\/hikmicro.com.pl\/wp-content\/uploads\/2024\/01\/hikmicro_seria_e_foto4.jpg');\n        \"\n      >\n        <div class=\"content-wrap wrap1310\">\n          <div class=\"content-container-billboard c-white\">\n            <div class=\"content-box\">\n              <div class=\"title content\">\n                Niewielka waga, \u0142atwo\u015b\u0107 przenoszenia\n              <\/div>\n              <div class=\"description content\">\n                Kompaktowa konstrukcja, \u0142atwo\u015b\u0107 przenoszenia.\n              <\/div>\n            <\/div>\n          <\/div>\n        <\/div>\n      <\/div>\n    <\/div>\n  <\/div>\n  <div data-cep-style-id=\"3c97aee3b4350f13212bae4143fb5b3a\">\n    <div class=\"hik-feature-billboard\">\n      <div\n        class=\"bg-box global-assets-adapter\"\n        data-type=\"img\"\n        style=\"\n          background-image: url('https:\/\/hikmicro.com.pl\/wp-content\/uploads\/2024\/01\/hikmicro_seria_e_foto5.jpg');\n        \"\n      >\n        <div class=\"content-wrap wrap1310\">\n          <div class=\"content-container-billboard p-right-center c-white\">\n            <div class=\"content-box\">\n              <div class=\"title content\">Szybki pomiar temperatury<\/div>\n              <div class=\"description content\">\n                Pe\u0142noekranowy pomiar na podstawie r\u00f3\u017cnych ustawie\u0144 wst\u0119pnych\n                <br \/>pozwala zobaczy\u0107 wszystko ju\u017c na pierwszy rzut oka. Pomiar\n                <br \/>Ustawienia wst\u0119pne: Punkt \u015brodkowy, Punkt gor\u0105cy, Punkt\n                zimny, Wy\u0142.\n                <br \/>\n              <\/div>\n            <\/div>\n          <\/div>\n        <\/div>\n      <\/div>\n    <\/div>\n  <\/div>\n  <div data-cep-style-id=\"34512e4acc2971d7cd98619fe9a8710a\">\n    <div class=\"hik-feature-billboard\">\n      <div\n        class=\"bg-box global-assets-adapter\"\n        data-type=\"img\"\n        style=\"\n          background-image: url('https:\/\/hikmicro.com.pl\/wp-content\/uploads\/2024\/01\/hikmicro_seria_e_foto6.jpg');\n        \"\n      >\n        <div class=\"content-wrap wrap1310\">\n          <div class=\"content-container-billboard c-white\">\n            <div class=\"content-box\">\n              <div class=\"title content\">Wska\u017anik laserowy<\/div>\n              <div class=\"description content\">\n                Wska\u017anik laserowy pomaga pokaza\u0107 po\u0142o\u017cenie\n                <br \/>punktu \u015brodkowego na rzeczywistym obiekcie.\n                <br \/>\n              <\/div>\n            <\/div>\n          <\/div>\n        <\/div>\n      <\/div>\n    <\/div>\n  <\/div>\n  <div data-cep-style-id=\"155490eca4a42ce7bbbccaed5b340f0e\">\n    <div class=\"hik-feature-billboard\">\n      <div\n        class=\"bg-box global-assets-adapter\"\n        data-type=\"img\"\n        style=\"\n          background-image: url('https:\/\/hikmicro.com.pl\/wp-content\/uploads\/2024\/01\/hikmicro_seria_e_foto7.jpg');\n        \"\n      >\n        <div class=\"content-wrap wrap1310\">\n          <div class=\"content-container-billboard p-right-center c-white\">\n            <div class=\"content-box\">\n              <div class=\"title content\">D\u0142uga \u017cywotno\u015b\u0107 baterii<\/div>\n              <div class=\"description content\">\n                Niezawodno\u015b\u0107 8 godzin ci\u0105g\u0142ej pracy.\n              <\/div>\n            <\/div>\n          <\/div>\n        <\/div>\n      <\/div>\n    <\/div>\n  <\/div>\n  <div data-cep-style-id=\"f36faeb901ed593de87c1f3133e07a4a\">\n    <div class=\"hik-feature-billboard\">\n      <div\n        class=\"bg-box global-assets-adapter\"\n        data-type=\"img\"\n        style=\"\n          background-image: url('https:\/\/hikmicro.com.pl\/wp-content\/uploads\/2024\/01\/hikmicro_seria_e_foto8.jpg');\n        \"\n      >\n        <div class=\"content-wrap wrap1310\">\n          <div class=\"content-container-billboard c-white\">\n            <div class=\"content-box\">\n              <div class=\"title content\">\n                Oprogramowanie do analizy temperatury\n              <\/div>\n              <div class=\"description content\">\n                Analizator HIKMICRO to darmowe oprogramowanie oferuj\u0105ce\n                elastyczne sposoby,\n                <br \/>w tym punkty, linie, prostok\u0105ty, ko\u0142a, wielok\u0105ty do\n                analizy <br \/>informacji termograficznych uchwyconych zdj\u0119\u0107 i\n                generowania raport\u00f3w. Kamera (seria E) to kompaktowe i \u0142atwe do przenoszenia urz\u0105dzenie.\n              <\/div>\n            <\/div>\n          <\/div>\n        <\/div>\n      <\/div>\n    <\/div>\n  <\/div>\n<\/div>\n\n<style>\n.wrap1310 {\ncolor: white;\n}\n  @media (max-width: 1370px) {\n    .wrap1310 {\n      margin-right: 30px;\n      margin-left: 30px;\n    }\n  }\n  @media (max-width: 991px) {\n    .wrap1310 {\n      margin-right: 15px;\n      margin-left: 15px;\n    }\n  }\n  .hik-feature-billboard .bg-box {\n    height: 46.875vw;\n    background: center \/ cover no-repeat;\n  }\n  .hik-feature-billboard .content-wrap {\n    height: 100%;\n    max-width: 68.229167vw;\n    margin: 0 auto;\n  }\n  .hik-feature-billboard .content-container-billboard {\n    display: flex;\n    align-items: center;\n    height: 100%;\n    padding: 3.49vw 0;\n  }\n  .hik-feature-billboard .content-container-billboard .content-box {\n    max-width: 41.2214%;\n  }\n  .hik-feature-billboard .content-container-billboard .content-box .title {\n    font-size: 1.6667vw;\n    margin-bottom: 1.25vw;\n    font-weight: 700;\n    max-width: 44.2708vw;\n    margin-left: auto;\n    margin-right: auto;\n  }\n  .hik-feature-billboard\n    .content-container-billboard\n    .content-box\n    .description {\n    font-size: 1.0417vw;\n    margin-bottom: 0.5vw;\n  }\n  @media (max-width: 1152px) {\n    .hik-feature-billboard\n      .content-container-billboard\n      .content-box\n      .description {\n      font-size: 0.625vw;\n    }\n  }\n  .hik-feature-billboard\n    .content-container-billboard\n    .content-box\n    .content:last-child {\n    margin-bottom: 0;\n  }\n  .hik-feature-billboard .content-container-billboard.p-top-center {\n    align-items: flex-start;\n    justify-content: center;\n  }\n  .hik-feature-billboard\n    .content-container-billboard.p-top-center\n    .content-box {\n    text-align: center;\n    width: 57.8334vw;\n    max-width: 100%;\n  }\n  .hik-feature-billboard .content-container-billboard.p-right-center {\n    justify-content: flex-end;\n  }\n  .hik-feature-billboard .content-container-billboard.product {\n    align-items: flex-start;\n    justify-content: center;\n  }\n  .hik-feature-billboard .content-container-billboard.product .content-box {\n    text-align: center;\n    width: 44.2708vw;\n    max-width: 100%;\n  }\n  .hik-feature-billboard\n    .content-container-billboard.product\n    .content-box\n    .title {\n    font-size: 2.9166vw;\n  }\n  .hik-feature-billboard\n    .content-container-billboard.product\n    .content-box\n    .description {\n    font-size: 1.4583vw;\n  }\n  .hik-feature-billboard .content-qa-code {\n    position: absolute;\n    bottom: 7.8vw;\n    font-size: 1.05vw;\n    left: 0;\n  }\n  .hik-feature-billboard .content-qa-code .app-store {\n    display: flex;\n    margin-bottom: 4.4vw;\n    justify-content: space-between;\n  }\n  .hik-feature-billboard .content-qa-code .app-store .app-store-text-pc {\n    width: 12.5vw;\n    text-align: center;\n  }\n  .hik-feature-billboard\n    .content-qa-code\n    .app-store\n    .app-store-text-pc\n    .app-store-version {\n    margin-top: 1vw;\n    text-align: center;\n  }\n  .hik-feature-billboard .content-qa-code .app-store .app-store-text-mobile {\n    display: none;\n  }\n  .hik-feature-billboard .content-qa-code .google-play {\n    display: flex;\n    justify-content: space-between;\n  }\n  .hik-feature-billboard .content-qa-code .google-play .google-play-text-pc {\n    width: 12.5vw;\n    text-align: center;\n  }\n  .hik-feature-billboard\n    .content-qa-code\n    .google-play\n    .google-play-text-pc\n    .google-play-version {\n    margin-top: 1vw;\n    text-align: center;\n  }\n  .hik-feature-billboard\n    .content-qa-code\n    .google-play\n    .google-play-text-mobile {\n    display: none;\n  }\n  @media (max-width: 991px) {\n    .hik-feature-billboard .bg-box {\n      height: 143.466vw;\n    }\n    .hik-feature-billboard .content-wrap {\n      max-width: none;\n      margin-right: 15px;\n      margin-left: 15px;\n    }\n    .hik-feature-billboard .content-container-billboard {\n      padding: 8vw 0;\n      align-items: flex-start;\n    }\n    .hik-feature-billboard .content-container-billboard .content-box {\n      width: 100%;\n      max-width: none;\n      text-align: center;\n    }\n    .hik-feature-billboard .content-container-billboard .content-box .title {\n      font-size: 6.4vw;\n      margin-bottom: 3.2vw;\n      max-width: 100%;\n    }\n    .hik-feature-billboard\n      .content-container-billboard\n      .content-box\n      .description {\n      font-size: 3.733vw;\n      margin-bottom: 0;\n    }\n    .hik-feature-billboard\n      .content-container-billboard\n      .content-box\n      .content:last-child {\n      margin-bottom: 0;\n    }\n    .hik-feature-billboard\n      .content-container-billboard.p-top-center\n      .content-box {\n      width: 100%;\n    }\n    .hik-feature-billboard .content-container-billboard.product .content-box {\n      width: 100%;\n    }\n    .hik-feature-billboard\n      .content-container-billboard.product\n      .content-box\n      .title {\n      font-size: 9.6vw;\n      line-height: 1.27;\n    }\n    .hik-feature-billboard\n      .content-container-billboard.product\n      .content-box\n      .description {\n      font-size: 4.8vw;\n    }\n    .hik-feature-billboard .content-qa-code {\n      font-size: 16px;\n      left: 50%;\n      bottom: 0;\n      top: inherit;\n      transform: translate(-50%, 0);\n      width: 100%;\n    }\n    .hik-feature-billboard .content-qa-code .app-store {\n      display: block;\n      margin-bottom: 0;\n      text-align: center;\n    }\n    .hik-feature-billboard .content-qa-code .app-store .app-store-text-pc {\n      display: none;\n    }\n    .hik-feature-billboard .content-qa-code .app-store .app-store-text-mobile {\n      display: block;\n      width: auto;\n    }\n    .hik-feature-billboard\n      .content-qa-code\n      .app-store\n      .app-store-text-mobile\n      .app-store-version {\n      margin-top: 12px;\n    }\n    .hik-feature-billboard .content-qa-code .google-play {\n      display: block;\n      text-align: center;\n    }\n    .hik-feature-billboard\n      .content-qa-code\n      .google-play\n      .google-play-text-mobile {\n      display: block;\n      width: auto;\n    }\n    .hik-feature-billboard\n      .content-qa-code\n      .google-play\n      .google-play-text-mobile\n      .google-play-version {\n      margin-top: 12px;\n    }\n    .hik-feature-billboard .content-qa-code .google-play .google-play-text-pc {\n      display: none;\n    }\n  }\n<\/style>\n","protected":false},"excerpt":{"rendered":"<p>SERIA E Kompaktowa, \u0142atwa w obs\u0142udze kamera termowizyjna do codziennej pracy Wysoka jako\u015b\u0107 obrazu Wysoce czu\u0142y detektor VOx (NETD &lt; 40 mK) zapewnia wyra\u017an\u0105 termowizj\u0119 celu. Wytrzyma\u0142a i trwa\u0142a konstrukcja Stopie\u0144 ochrony IP54 dla zabezpieczenia przed wod\u0105 i py\u0142em. G\u0142\u00f3wne cechy Zabezpieczenie przed upadkiem z 2-metr\u00f3w (6,6 st\u00f3p), odpowiednie do&#8230;<\/p>\n","protected":false},"author":1,"featured_media":0,"parent":0,"menu_order":0,"comment_status":"closed","ping_status":"closed","template":"","meta":{"inline_featured_image":false,"footnotes":""},"yoast_head":"<!-- This site is optimized with the Yoast SEO plugin v22.3 - https:\/\/yoast.com\/wordpress\/plugins\/seo\/ -->\n<title>Seria E - HIKMICRO<\/title>\n<meta name=\"description\" content=\"Kompaktowa, \u0142atwa w obs\u0142udze kamera termowizyjna (seria E) do codziennej pracy. Pozwoli ci z \u0142atwo\u015bci\u0105 dostrzec wszystko w nocy.\" \/>\n<meta name=\"robots\" content=\"index, follow, max-snippet:-1, max-image-preview:large, max-video-preview:-1\" \/>\n<link rel=\"canonical\" href=\"https:\/\/hikmicro.com.pl\/index.php\/seria-e\/\" \/>\n<meta property=\"og:locale\" content=\"pl_PL\" \/>\n<meta property=\"og:type\" content=\"article\" \/>\n<meta property=\"og:title\" content=\"Seria E - HIKMICRO\" \/>\n<meta property=\"og:description\" content=\"Kompaktowa, \u0142atwa w obs\u0142udze kamera termowizyjna (seria E) do codziennej pracy. Pozwoli ci z \u0142atwo\u015bci\u0105 dostrzec wszystko w nocy.\" \/>\n<meta property=\"og:url\" content=\"https:\/\/hikmicro.com.pl\/index.php\/seria-e\/\" \/>\n<meta property=\"article:modified_time\" content=\"2024-04-05T09:09:53+00:00\" \/>\n<meta name=\"twitter:card\" content=\"summary_large_image\" \/>\n<meta name=\"twitter:label1\" content=\"Szacowany czas czytania\" \/>\n\t<meta name=\"twitter:data1\" content=\"1 minuta\" \/>\n<script type=\"application\/ld+json\" class=\"yoast-schema-graph\">{\"@context\":\"https:\/\/schema.org\",\"@graph\":[{\"@type\":\"WebPage\",\"@id\":\"https:\/\/hikmicro.com.pl\/index.php\/seria-e\/\",\"url\":\"https:\/\/hikmicro.com.pl\/index.php\/seria-e\/\",\"name\":\"Seria E - HIKMICRO\",\"isPartOf\":{\"@id\":\"https:\/\/hikmicro.com.pl\/#website\"},\"datePublished\":\"2024-01-26T13:06:11+00:00\",\"dateModified\":\"2024-04-05T09:09:53+00:00\",\"description\":\"Kompaktowa, \u0142atwa w obs\u0142udze kamera termowizyjna (seria E) do codziennej pracy. Pozwoli ci z \u0142atwo\u015bci\u0105 dostrzec wszystko w nocy.\",\"breadcrumb\":{\"@id\":\"https:\/\/hikmicro.com.pl\/index.php\/seria-e\/#breadcrumb\"},\"inLanguage\":\"pl-PL\",\"potentialAction\":[{\"@type\":\"ReadAction\",\"target\":[\"https:\/\/hikmicro.com.pl\/index.php\/seria-e\/\"]}]},{\"@type\":\"BreadcrumbList\",\"@id\":\"https:\/\/hikmicro.com.pl\/index.php\/seria-e\/#breadcrumb\",\"itemListElement\":[{\"@type\":\"ListItem\",\"position\":1,\"name\":\"Strona g\u0142\u00f3wna\",\"item\":\"https:\/\/hikmicro.com.pl\/\"},{\"@type\":\"ListItem\",\"position\":2,\"name\":\"Seria E\"}]},{\"@type\":\"WebSite\",\"@id\":\"https:\/\/hikmicro.com.pl\/#website\",\"url\":\"https:\/\/hikmicro.com.pl\/\",\"name\":\"\",\"description\":\"\",\"potentialAction\":[{\"@type\":\"SearchAction\",\"target\":{\"@type\":\"EntryPoint\",\"urlTemplate\":\"https:\/\/hikmicro.com.pl\/?s={search_term_string}\"},\"query-input\":\"required name=search_term_string\"}],\"inLanguage\":\"pl-PL\"}]}<\/script>\n<!-- \/ Yoast SEO plugin. -->","yoast_head_json":{"title":"Seria E - HIKMICRO","description":"Kompaktowa, \u0142atwa w obs\u0142udze kamera termowizyjna (seria E) do codziennej pracy. Pozwoli ci z \u0142atwo\u015bci\u0105 dostrzec wszystko w nocy.","robots":{"index":"index","follow":"follow","max-snippet":"max-snippet:-1","max-image-preview":"max-image-preview:large","max-video-preview":"max-video-preview:-1"},"canonical":"https:\/\/hikmicro.com.pl\/index.php\/seria-e\/","og_locale":"pl_PL","og_type":"article","og_title":"Seria E - HIKMICRO","og_description":"Kompaktowa, \u0142atwa w obs\u0142udze kamera termowizyjna (seria E) do codziennej pracy. Pozwoli ci z \u0142atwo\u015bci\u0105 dostrzec wszystko w nocy.","og_url":"https:\/\/hikmicro.com.pl\/index.php\/seria-e\/","article_modified_time":"2024-04-05T09:09:53+00:00","twitter_card":"summary_large_image","twitter_misc":{"Szacowany czas czytania":"1 minuta"},"schema":{"@context":"https:\/\/schema.org","@graph":[{"@type":"WebPage","@id":"https:\/\/hikmicro.com.pl\/index.php\/seria-e\/","url":"https:\/\/hikmicro.com.pl\/index.php\/seria-e\/","name":"Seria E - HIKMICRO","isPartOf":{"@id":"https:\/\/hikmicro.com.pl\/#website"},"datePublished":"2024-01-26T13:06:11+00:00","dateModified":"2024-04-05T09:09:53+00:00","description":"Kompaktowa, \u0142atwa w obs\u0142udze kamera termowizyjna (seria E) do codziennej pracy. Pozwoli ci z \u0142atwo\u015bci\u0105 dostrzec wszystko w nocy.","breadcrumb":{"@id":"https:\/\/hikmicro.com.pl\/index.php\/seria-e\/#breadcrumb"},"inLanguage":"pl-PL","potentialAction":[{"@type":"ReadAction","target":["https:\/\/hikmicro.com.pl\/index.php\/seria-e\/"]}]},{"@type":"BreadcrumbList","@id":"https:\/\/hikmicro.com.pl\/index.php\/seria-e\/#breadcrumb","itemListElement":[{"@type":"ListItem","position":1,"name":"Strona g\u0142\u00f3wna","item":"https:\/\/hikmicro.com.pl\/"},{"@type":"ListItem","position":2,"name":"Seria E"}]},{"@type":"WebSite","@id":"https:\/\/hikmicro.com.pl\/#website","url":"https:\/\/hikmicro.com.pl\/","name":"","description":"","potentialAction":[{"@type":"SearchAction","target":{"@type":"EntryPoint","urlTemplate":"https:\/\/hikmicro.com.pl\/?s={search_term_string}"},"query-input":"required name=search_term_string"}],"inLanguage":"pl-PL"}]}},"_links":{"self":[{"href":"https:\/\/hikmicro.com.pl\/index.php\/wp-json\/wp\/v2\/pages\/1297"}],"collection":[{"href":"https:\/\/hikmicro.com.pl\/index.php\/wp-json\/wp\/v2\/pages"}],"about":[{"href":"https:\/\/hikmicro.com.pl\/index.php\/wp-json\/wp\/v2\/types\/page"}],"author":[{"embeddable":true,"href":"https:\/\/hikmicro.com.pl\/index.php\/wp-json\/wp\/v2\/users\/1"}],"replies":[{"embeddable":true,"href":"https:\/\/hikmicro.com.pl\/index.php\/wp-json\/wp\/v2\/comments?post=1297"}],"version-history":[{"count":4,"href":"https:\/\/hikmicro.com.pl\/index.php\/wp-json\/wp\/v2\/pages\/1297\/revisions"}],"predecessor-version":[{"id":1593,"href":"https:\/\/hikmicro.com.pl\/index.php\/wp-json\/wp\/v2\/pages\/1297\/revisions\/1593"}],"wp:attachment":[{"href":"https:\/\/hikmicro.com.pl\/index.php\/wp-json\/wp\/v2\/media?parent=1297"}],"curies":[{"name":"wp","href":"https:\/\/api.w.org\/{rel}","templated":true}]}}