{"id":105,"date":"2023-11-22T12:43:07","date_gmt":"2023-11-22T11:43:07","guid":{"rendered":"https:\/\/hikmicro.promitel.pl\/?page_id=105"},"modified":"2024-05-28T12:12:43","modified_gmt":"2024-05-28T10:12:43","slug":"hikmicro","status":"publish","type":"page","link":"https:\/\/hikmicro.com.pl\/","title":{"rendered":"Hikmicro Strona g\u0142\u00f3wna"},"content":{"rendered":"\n<div\n  id=\"carouselExampleAutoplaying\"\n  class=\"carousel slide\"\n  data-bs-ride=\"carousel\"\n>\n\n  <div class=\"carousel-indicators\">\n    <ol class=\"carousel-indicators\">\n      <li data-bs-target=\"#carouselExampleAutoplaying\" data-bs-slide-to=\"0\" class=\"active\"><\/li>\n      <li data-bs-target=\"#carouselExampleAutoplaying\" data-bs-slide-to=\"1\"><\/li>\n      <li data-bs-target=\"#carouselExampleAutoplaying\" data-bs-slide-to=\"2\"><\/li>\n      <li data-bs-target=\"#carouselExampleAutoplaying\" data-bs-slide-to=\"3\"><\/li>\n      <li data-bs-target=\"#carouselExampleAutoplaying\" data-bs-slide-to=\"4\"><\/li>\n      <li data-bs-target=\"#carouselExampleAutoplaying\" data-bs-slide-to=\"5\"><\/li>\n      <li data-bs-target=\"#carouselExampleAutoplaying\" data-bs-slide-to=\"6\"><\/li>\n      <li data-bs-target=\"#carouselExampleAutoplaying\" data-bs-slide-to=\"7\"><\/li>\n      <li data-bs-target=\"#carouselExampleAutoplaying\" data-bs-slide-to=\"8\"><\/li>\n      <li data-bs-target=\"#carouselExampleAutoplaying\" data-bs-slide-to=\"9\"><\/li>\n      <li data-bs-target=\"#carouselExampleAutoplaying\" data-bs-slide-to=\"10\"><\/li>\n    <\/ol>\n  <\/div>\n  <div class=\"carousel-inner\">\n    <div class=\"carousel-item active\">\n      <img\n        src=\"https:\/\/hikmicro.com.pl\/wp-content\/uploads\/2023\/12\/monokular.jpg\"\n        class=\"d-flex w-100 slider-img\"\n        alt=\"\"\n      \/>\n      <div class=\"carousel-info\">\n        <h2><strong>Monokular termowizyjny Hikmicro<\/strong><\/h2>\n        <h3>Poszerzenie pola widzenia i rado\u015b\u0107 z u\u017cytkowania<\/h3>\n        <a href=\"https:\/\/hikmicro.com.pl\/index.php\/monokulary-termowizyjne\/\" target=\"_self\" rel=\"noopener\"><button type=\"button\" class=\"button-hikmicro\">\n            zobacz wi\u0119cej\n          <\/button><\/a>\n      <\/div>\n    <\/div>\n\n            <div class=\"carousel-item\">\n      <img\n        src=\"https:\/\/hikmicro.com.pl\/wp-content\/uploads\/2024\/01\/hikmicro_slider_wykrywanie_wyciekow.jpg\"\n        class=\"d-flex w-100 slider-img\"\n        alt=\"\"\n      \/>\n      <div class=\"carousel-info\">\n        <h2><strong>Hikmicro AD21<\/strong><\/h2>\n        <h3>Profesjonalne narz\u0119dzia<br\/> do detekcji wyciek\u00f3w wody<\/h3>\n        \n        <a href=\"https:\/\/hikmicro.com.pl\/index.php\/ad21\/\" target=\"_self\" rel=\"noopener\">\n          <button type=\"button\" class=\"button-hikmicro\">\n            zobacz wi\u0119cej\n          <\/button><\/a\n        >\n      <\/div>\n    <\/div>\n\n    <div class=\"carousel-item\">\n      <img\n        src=\"https:\/\/hikmicro.com.pl\/wp-content\/uploads\/2023\/12\/nasadka.jpg\"\n        class=\"d-flex w-100 slider-img\"\n        alt=\"\"\n      \/>\n      <div class=\"carousel-info\">\n        <h2><strong>Nasadka termowizyjna Hikmicro<\/strong><\/h2>\n        <h3>Dok\u0142adny pomiar odleg\u0142o\u015bci.<br \/>Niezwyk\u0142a przejrzysto\u015b\u0107.<\/h3>\n        <a href=\"https:\/\/hikmicro.com.pl\/index.php\/nasadki-termowizyjne\/\" target=\"_self\" rel=\"noopener\"><button type=\"button\" class=\"button-hikmicro\">\n            zobacz wi\u0119cej\n          <\/button><\/a\n        >\n      <\/div>\n    <\/div>\n\n         <div class=\"carousel-item\">\n      <img\n        src=\"https:\/\/hikmicro.com.pl\/wp-content\/uploads\/2024\/01\/hikmicro_slider_zaawansowana_kamera_termowizyjna.jpg\"\n        class=\"d-flex w-100 slider-img\"\n        alt=\"\"\n      \/>\n      <div class=\"carousel-info\">\n        <h2><strong>Hikmicro M60<\/strong><\/h2>\n        <h3>Zaawansowana termowizja z pe\u0142n\u0105 analiz\u0105<\/h3>\n        \n        <a href=\"https:\/\/hikmicro.com.pl\/index.php\/m60\/\" target=\"_self\" rel=\"noopener\">\n          <button type=\"button\" class=\"button-hikmicro\">\n            zobacz wi\u0119cej\n          <\/button><\/a\n        >\n      <\/div>\n    <\/div>\n\n\n            <div class=\"carousel-item\">\n      <img\n        src=\"https:\/\/hikmicro.com.pl\/wp-content\/uploads\/2023\/12\/luneta.jpg\"\n        class=\"d-flex w-100 slider-img\"\n        alt=\"\"\n      \/>\n      <div class=\"carousel-info\">\n        <h2><strong>Luneta termowizyjna<\/strong><\/h2>\n        <h3>\nW zasi\u0119gu wzroku, jak nigdy dot\u0105d\n        <\/h3>\n        <a href=\"https:\/\/hikmicro.com.pl\/index.php\/lunety-termowizyjne\/\" target=\"_self\" rel=\"noopener\">\n          <button type=\"button\" class=\"button-hikmicro\">\n            zobacz wi\u0119cej\n          <\/button><\/a\n        >\n      <\/div>\n    <\/div>\n\n\n                <div class=\"carousel-item\">\n      <img\n        src=\"https:\/\/hikmicro.com.pl\/wp-content\/uploads\/2024\/01\/hikmicro_slider_iskrobezpieczna_reczna_termowizja.jpg\"\n        class=\"d-flex w-100 slider-img\"\n        alt=\"Hikmicro nasadki termowizyjne\"\n      \/>\n      <div class=\"carousel-info\">\n        <h2><strong>BX20<\/strong><\/h2>\n        <h3>Iskrobezpieczna kamera termowizyjna<\/h3>\n        \n        <a href=\"https:\/\/hikmicro.com.pl\/index.php\/bx20\/\" target=\"_self\" rel=\"noopener\">\n          <button type=\"button\" class=\"button-hikmicro\">\n            zobacz wi\u0119cej\n          <\/button><\/a\n        >\n      <\/div>\n    <\/div>\n\n    <div class=\"carousel-item\">\n      <img\n        src=\"https:\/\/hikmicro.com.pl\/wp-content\/uploads\/2024\/01\/hikmicro_slider_lokalizator_wyciekow.jpg\"\n        class=\"d-flex w-100 slider-img\"\n        alt=\"Hikmicro termowizja\"\n      \/>\n      <div class=\"carousel-info\">\n        <h2><strong>AI56<\/strong><\/h2>\n        <h3>Lokalizacja wyciek\u00f3w w czasie rzeczywistym<\/h3>\n        \n        <a href=\"https:\/\/hikmicro.com.pl\/index.php\/ai56\/\" target=\"_self\" rel=\"noopener\">\n          <button type=\"button\" class=\"button-hikmicro\">\n            zobacz wi\u0119cej\n          <\/button><\/a\n        >\n      <\/div>\n    <\/div>\n\n        <div class=\"carousel-item\">\n      <img\n        src=\"https:\/\/hikmicro.com.pl\/wp-content\/uploads\/2024\/01\/hikmicro_slider_pocket1-scaled.jpg\"\n        class=\"d-flex w-100 slider-img\"\n        alt=\"Lunety termowizyjne Hikmicro\"\n      \/>\n      <div class=\"carousel-info\">\n        <h2><strong>Seria POCKET<\/strong><\/h2>\n        <h3>Kieszonkowe kamery termowizyjne <br\/>dla profesjonalist\u00f3w<\/h3>\n        \n        <a href=\"https:\/\/hikmicro.com.pl\/index.php\/pocket\/\" target=\"_self\" rel=\"noopener\">\n          <button type=\"button\" class=\"button-hikmicro\">\n            zobacz wi\u0119cej\n          <\/button><\/a\n        >\n      <\/div>\n    <\/div>\n\n            <div class=\"carousel-item\">\n      <img\n        src=\"https:\/\/hikmicro.com.pl\/wp-content\/uploads\/2024\/01\/hikmicro_slider_new_img1.jpg\"\n        class=\"d-flex w-100 slider-img\"\n        alt=\"Nasadki termowizyjne Hikmicro\"\n      \/>\n      <div class=\"carousel-info\">\n        <h2><strong>Seria Gx1<\/strong><\/h2>\n        <h3>Ultra wysoka rozdzielczo\u015b\u0107 <br\/>Wydajna inspekcja<\/h3>\n        \n        <a href=\"https:\/\/hikmicro.com.pl\/index.php\/gx1\" target=\"_self\" rel=\"noopener\">\n          <button type=\"button\" class=\"button-hikmicro\">\n            zobacz wi\u0119cej\n          <\/button><\/a\n        >\n      <\/div>\n    <\/div>\n\n            <div class=\"carousel-item\">\n      <img\n        src=\"https:\/\/hikmicro.com.pl\/wp-content\/uploads\/2024\/01\/hikmicro_slider_new_img2.jpg\"\n        class=\"d-flex w-100 slider-img\"\n        alt=\"Polowanie z termowizj\u0105 Hikmicro\"\n      \/>\n      <div class=\"carousel-info\">\n        <h2><strong>Seria ECO<\/strong><\/h2>\n        <h3>Wydajne IR wysokiej jako\u015bci<br\/>Przyst\u0119pna cena<\/h3>\n        \n        <a href=\"https:\/\/hikmicro.com.pl\/index.php\/eco\/\" target=\"_self\" rel=\"noopener\">\n          <button type=\"button\" class=\"button-hikmicro\">\n            zobacz wi\u0119cej\n          <\/button><\/a\n        >\n      <\/div>\n    <\/div>\n\n\n    <div class=\"carousel-item\">\n      <img\n        src=\"https:\/\/hikmicro.com.pl\/wp-content\/uploads\/2023\/12\/akcesoria.jpg\"\n        class=\"d-flex w-100 slider-img\"\n        alt=\"Hikmicro termowizja\"\n      \/>\n      <div class=\"carousel-info\">\n        <h2><strong>Akcesoria<\/strong><\/h2>\n        <h3>Mo\u017cliwo\u015b\u0107 ulepszania<br \/> i rozbudowy sprz\u0119tu<\/h3>\n        \n        <a href=\"https:\/\/hikmicro.com.pl\/index.php\/akcesoria\/\" target=\"_self\" rel=\"noopener\">\n          <button type=\"button\" class=\"button-hikmicro\">\n            zobacz wi\u0119cej\n          <\/button><\/a\n        >\n      <\/div>\n    <\/div>\n\n    <\/div>\n  <\/div>\n<\/div>\n<button\n  class=\"carousel-control-prev\"\n  type=\"button\"\n  data-bs-target=\"#carouselExampleAutoplaying\"\n  data-bs-slide=\"prev\"\n>\n  <span class=\"carousel-control-prev-icon\" aria-hidden=\"true\"><\/span>\n  <span class=\"visually-hidden\">Previous<\/span>\n<\/button>\n<button\n  class=\"carousel-control-next\"\n  type=\"button\"\n  data-bs-target=\"#carouselExampleAutoplaying\"\n  data-bs-slide=\"next\"\n>\n  <span class=\"carousel-control-next-icon\" aria-hidden=\"true\"><\/span>\n  <span class=\"visually-hidden\">Next<\/span>\n<\/button>\n\n<div class=\"hikmicro-features\">\n  <div class=\"features_background\">\n  <img\n    src=\"https:\/\/hikmicro.com.pl\/wp-content\/uploads\/2023\/11\/termowizja.png\"\n    alt=\"Rozwi\u0105zania termowizyjne Hikmicro\"\n  \/>\n  <\/div>\n  <div class=\"features_background\">\n  <img\n    src=\"https:\/\/hikmicro.com.pl\/wp-content\/uploads\/2023\/11\/technologia.png\"\n    alt=\"Hikmicro termowizja\"\n  \/>\n  <\/div>\n  <div class=\"features_background\">\n  <img\n    src=\"https:\/\/hikmicro.com.pl\/wp-content\/uploads\/2024\/01\/innowacyjnosc.png\"\n    alt=\"Hikmicro termowizja\"\n  \/>\n  <\/div>\n<\/div>\n\n<div class=\"main-page\" id=\"outdoor\">\n  <img\n    src=\"https:\/\/hikmicro.com.pl\/wp-content\/uploads\/2023\/11\/main-page-2.png\"\n    width=\"100%\"\n    alt=\"Hikmicro termowizja\"\n  \/>\n  <div class=\"feature-info\">\n    <h2>HIKMICRO &#8211; Outdoor<\/h2>\n    <h4>\n      Posiadamy bogat\u0105 ofert\u0119 produkt\u00f3w <br \/>\n      termicznych, cyfrowych noktowizor\u00f3w,<br \/>\n      fotopu\u0142apek i produkt\u00f3w multi-spektralnych.\n    <\/h4>\n  <\/div>\n\n  <div class=\"product-features\">\n    <div>\n<a href=\"https:\/\/promitel.pl\/reczne-kamery-termowizyjne-i-monokulary-hm-l028ir-iluminator-ir-do-kamery,c808,p1005295,pl.html\" target=\"_blank\" rel=\"noopener\">\n      <img\n        class=\"product_img\"\n        src=\"https:\/\/hikmicro.com.pl\/wp-content\/uploads\/2023\/11\/iluminator.png\"\n        alt=\"Hikmicro polowanie z termowizj\u0105\"\n      \/><\/a>\n      <p>Iluminator<\/p>\n    <\/div>\n    <div>\n<a href=\"https:\/\/hikmicro.com.pl\/index.php\/monokulary-termowizyjne\/\" target=\"_blank\" rel=\"noopener\">\n      <img\n      class=\"product_img\"\n        src=\"https:\/\/hikmicro.com.pl\/wp-content\/uploads\/2023\/11\/monokular.png\"\n        alt=\"Hikmicro termowizja\"\n      \/><\/a>\n      <p>Monokular<\/p>\n    <\/div>\n    <div>\n<a href=\"https:\/\/hikmicro.com.pl\/index.php\/lunety-termowizyjne\/\" target=\"_blank\" rel=\"noopener\">\n      <img\n      class=\"product_img\"\n        src=\"https:\/\/hikmicro.com.pl\/wp-content\/uploads\/2023\/11\/luneta_termowizyjna.png\"\n        alt=\"Hikmicro polowanie z termowizj\u0105\"\nstyle=\"filter: drop-shadow(0px 4px 2px rgba(0, 0, 0, 0.50));\"\n      \/><\/a>\n      <p>Luneta termowizyjna<\/p>\n    <\/div>\n  <\/div>\n<\/div>\n\n<div class=\"main-page\" id=\"przemyslowe\">\n  <img\n    src=\"https:\/\/hikmicro.com.pl\/wp-content\/uploads\/2023\/11\/main-page-3.png\"\n    width=\"100%\"\n    alt=\"Nasadki termowizyjne Hikmicro\"\n  \/>\n  <div class=\"feature-info-2\">\n    <h2>HIKMICRO &#8211; Produkty przemys\u0142owe<\/h2>\n    <h4>\n      W naszej ofercie znajdziesz zr\u00f3\u017cnicowane <br \/>\n      urz\u0105dzenia termowizyjne.\n    <\/h4>\n  <\/div>\n\n  <div class=\"product-features\">\n    <div>\n<a href=\"https:\/\/hikmicro.com.pl\/index.php\/pocket\/\" target=\"_self\" rel=\"noopener\">\n      <img\n      class=\"product_img\"\n        src=\"https:\/\/hikmicro.com.pl\/wp-content\/uploads\/2024\/01\/feture5.png\"\n        alt=\"Hikmicro termowizja\"\n      \/>\n<\/a>\n      <p>\n        Kamera termowizyjna <br \/>\n        Kieszonkowa\n      <\/p>\n    <\/div>\n    <div>\n<a href=\"https:\/\/promitel.pl\/-ds-2tp31b-3auf-kamera-termowizyjna,c,p4300,pl.html\" target=\"_blank\" rel=\"noopener\">\n      <img\n      class=\"product_img\"\n        src=\"https:\/\/hikmicro.com.pl\/wp-content\/uploads\/2023\/11\/feature5.png\"\n        alt=\"termowizja\"\n      \/><\/a>\n      <p>\n        Kamera termowizyjna <br \/>\n        R\u0119czna\n      <\/p>\n    <\/div>\n    <div>\n<a href=\"https:\/\/hikmicro.com.pl\/index.php\/mini2-mini2plus\/\" target=\"_self\" rel=\"noopener\">\n      <img\n      class=\"product_img\"\n        src=\"https:\/\/hikmicro.com.pl\/wp-content\/uploads\/2023\/11\/feature6.png\"\n        alt=\"termowizja\"\n        style=\"filter: drop-shadow(0px 4px 2px rgba(0, 0, 0, 0.50));\"\n      \/>\n<\/a>\n      <p>\n        Kamera termowizyjna <br \/>\n        Mini\n      <\/p>\n    <\/div>\n  <\/div>\n<\/div>\n\n\n\n<style>\n.product-features a:hover {\nopacity: 0.85;\n}\n.button-hikmicro:hover {\nborder-color: red;\n}\n<\/style>\n","protected":false},"excerpt":{"rendered":"<p>Monokular termowizyjny Hikmicro Poszerzenie pola widzenia i rado\u015b\u0107 z u\u017cytkowania zobacz wi\u0119cej Hikmicro AD21 Profesjonalne narz\u0119dzia do detekcji wyciek\u00f3w wody zobacz wi\u0119cej Nasadka termowizyjna Hikmicro Dok\u0142adny pomiar odleg\u0142o\u015bci.Niezwyk\u0142a przejrzysto\u015b\u0107. zobacz wi\u0119cej Hikmicro M60 Zaawansowana termowizja z pe\u0142n\u0105 analiz\u0105 zobacz wi\u0119cej Luneta termowizyjna W zasi\u0119gu wzroku, jak nigdy dot\u0105d zobacz wi\u0119cej&#8230;<\/p>\n","protected":false},"author":1,"featured_media":0,"parent":0,"menu_order":0,"comment_status":"closed","ping_status":"closed","template":"templates\/full-width-page.php","meta":{"inline_featured_image":false,"footnotes":""},"yoast_head":"<!-- This site is optimized with the Yoast SEO plugin v22.3 - https:\/\/yoast.com\/wordpress\/plugins\/seo\/ -->\n<title>Hikmicro - Strona G\u0142\u00f3wna<\/title>\n<meta name=\"description\" content=\"Twoje centrum rozwi\u0105za\u0144 termowizyjnych firmy Hikmicro. Oferujemy lunety termowizyjne i nasadki termowizyjne. Poluj z termowizj\u0105 od Hikvision\" \/>\n<meta name=\"robots\" content=\"index, follow, max-snippet:-1, max-image-preview:large, max-video-preview:-1\" \/>\n<link rel=\"canonical\" href=\"https:\/\/hikmicro.com.pl\/\" \/>\n<meta property=\"og:locale\" content=\"pl_PL\" \/>\n<meta property=\"og:type\" content=\"article\" \/>\n<meta property=\"og:title\" content=\"Hikmicro - Strona G\u0142\u00f3wna\" \/>\n<meta property=\"og:description\" content=\"Twoje centrum rozwi\u0105za\u0144 termowizyjnych firmy Hikmicro. Oferujemy lunety termowizyjne i nasadki termowizyjne. Poluj z termowizj\u0105 od Hikvision\" \/>\n<meta property=\"og:url\" content=\"https:\/\/hikmicro.com.pl\/\" \/>\n<meta property=\"article:modified_time\" content=\"2024-05-28T10:12:43+00:00\" \/>\n<meta name=\"twitter:card\" content=\"summary_large_image\" \/>\n<meta name=\"twitter:label1\" content=\"Szacowany czas czytania\" \/>\n\t<meta name=\"twitter:data1\" content=\"6 minut\" \/>\n<script type=\"application\/ld+json\" class=\"yoast-schema-graph\">{\"@context\":\"https:\/\/schema.org\",\"@graph\":[{\"@type\":\"WebPage\",\"@id\":\"https:\/\/hikmicro.com.pl\/\",\"url\":\"https:\/\/hikmicro.com.pl\/\",\"name\":\"Hikmicro - Strona G\u0142\u00f3wna\",\"isPartOf\":{\"@id\":\"https:\/\/hikmicro.com.pl\/#website\"},\"datePublished\":\"2023-11-22T11:43:07+00:00\",\"dateModified\":\"2024-05-28T10:12:43+00:00\",\"description\":\"Twoje centrum rozwi\u0105za\u0144 termowizyjnych firmy Hikmicro. Oferujemy lunety termowizyjne i nasadki termowizyjne. Poluj z termowizj\u0105 od Hikvision\",\"breadcrumb\":{\"@id\":\"https:\/\/hikmicro.com.pl\/#breadcrumb\"},\"inLanguage\":\"pl-PL\",\"potentialAction\":[{\"@type\":\"ReadAction\",\"target\":[\"https:\/\/hikmicro.com.pl\/\"]}]},{\"@type\":\"BreadcrumbList\",\"@id\":\"https:\/\/hikmicro.com.pl\/#breadcrumb\",\"itemListElement\":[{\"@type\":\"ListItem\",\"position\":1,\"name\":\"Strona g\u0142\u00f3wna\",\"item\":\"https:\/\/hikmicro.com.pl\/\"},{\"@type\":\"ListItem\",\"position\":2,\"name\":\"Hikmicro Strona g\u0142\u00f3wna\"}]},{\"@type\":\"WebSite\",\"@id\":\"https:\/\/hikmicro.com.pl\/#website\",\"url\":\"https:\/\/hikmicro.com.pl\/\",\"name\":\"\",\"description\":\"\",\"potentialAction\":[{\"@type\":\"SearchAction\",\"target\":{\"@type\":\"EntryPoint\",\"urlTemplate\":\"https:\/\/hikmicro.com.pl\/?s={search_term_string}\"},\"query-input\":\"required name=search_term_string\"}],\"inLanguage\":\"pl-PL\"}]}<\/script>\n<!-- \/ Yoast SEO plugin. -->","yoast_head_json":{"title":"Hikmicro - Strona G\u0142\u00f3wna","description":"Twoje centrum rozwi\u0105za\u0144 termowizyjnych firmy Hikmicro. Oferujemy lunety termowizyjne i nasadki termowizyjne. Poluj z termowizj\u0105 od Hikvision","robots":{"index":"index","follow":"follow","max-snippet":"max-snippet:-1","max-image-preview":"max-image-preview:large","max-video-preview":"max-video-preview:-1"},"canonical":"https:\/\/hikmicro.com.pl\/","og_locale":"pl_PL","og_type":"article","og_title":"Hikmicro - Strona G\u0142\u00f3wna","og_description":"Twoje centrum rozwi\u0105za\u0144 termowizyjnych firmy Hikmicro. Oferujemy lunety termowizyjne i nasadki termowizyjne. Poluj z termowizj\u0105 od Hikvision","og_url":"https:\/\/hikmicro.com.pl\/","article_modified_time":"2024-05-28T10:12:43+00:00","twitter_card":"summary_large_image","twitter_misc":{"Szacowany czas czytania":"6 minut"},"schema":{"@context":"https:\/\/schema.org","@graph":[{"@type":"WebPage","@id":"https:\/\/hikmicro.com.pl\/","url":"https:\/\/hikmicro.com.pl\/","name":"Hikmicro - Strona G\u0142\u00f3wna","isPartOf":{"@id":"https:\/\/hikmicro.com.pl\/#website"},"datePublished":"2023-11-22T11:43:07+00:00","dateModified":"2024-05-28T10:12:43+00:00","description":"Twoje centrum rozwi\u0105za\u0144 termowizyjnych firmy Hikmicro. Oferujemy lunety termowizyjne i nasadki termowizyjne. Poluj z termowizj\u0105 od Hikvision","breadcrumb":{"@id":"https:\/\/hikmicro.com.pl\/#breadcrumb"},"inLanguage":"pl-PL","potentialAction":[{"@type":"ReadAction","target":["https:\/\/hikmicro.com.pl\/"]}]},{"@type":"BreadcrumbList","@id":"https:\/\/hikmicro.com.pl\/#breadcrumb","itemListElement":[{"@type":"ListItem","position":1,"name":"Strona g\u0142\u00f3wna","item":"https:\/\/hikmicro.com.pl\/"},{"@type":"ListItem","position":2,"name":"Hikmicro Strona g\u0142\u00f3wna"}]},{"@type":"WebSite","@id":"https:\/\/hikmicro.com.pl\/#website","url":"https:\/\/hikmicro.com.pl\/","name":"","description":"","potentialAction":[{"@type":"SearchAction","target":{"@type":"EntryPoint","urlTemplate":"https:\/\/hikmicro.com.pl\/?s={search_term_string}"},"query-input":"required name=search_term_string"}],"inLanguage":"pl-PL"}]}},"_links":{"self":[{"href":"https:\/\/hikmicro.com.pl\/index.php\/wp-json\/wp\/v2\/pages\/105"}],"collection":[{"href":"https:\/\/hikmicro.com.pl\/index.php\/wp-json\/wp\/v2\/pages"}],"about":[{"href":"https:\/\/hikmicro.com.pl\/index.php\/wp-json\/wp\/v2\/types\/page"}],"author":[{"embeddable":true,"href":"https:\/\/hikmicro.com.pl\/index.php\/wp-json\/wp\/v2\/users\/1"}],"replies":[{"embeddable":true,"href":"https:\/\/hikmicro.com.pl\/index.php\/wp-json\/wp\/v2\/comments?post=105"}],"version-history":[{"count":112,"href":"https:\/\/hikmicro.com.pl\/index.php\/wp-json\/wp\/v2\/pages\/105\/revisions"}],"predecessor-version":[{"id":1610,"href":"https:\/\/hikmicro.com.pl\/index.php\/wp-json\/wp\/v2\/pages\/105\/revisions\/1610"}],"wp:attachment":[{"href":"https:\/\/hikmicro.com.pl\/index.php\/wp-json\/wp\/v2\/media?parent=105"}],"curies":[{"name":"wp","href":"https:\/\/api.w.org\/{rel}","templated":true}]}}